{"id":8862,"date":"2026-01-22T07:20:12","date_gmt":"2026-01-22T07:20:12","guid":{"rendered":"https:\/\/iotautomation.com.au\/application-emergency-evacuation-management\/"},"modified":"2026-01-22T07:53:07","modified_gmt":"2026-01-22T07:53:07","slug":"application-emergency-evacuation-management","status":"publish","type":"page","link":"https:\/\/iotautomation.com.au\/fr\/application-emergency-evacuation-management\/","title":{"rendered":"Application &#8211; Gestion des \u00e9vacuations d&rsquo;urgence"},"content":{"rendered":"\t\t<div data-elementor-type=\"wp-page\" data-elementor-id=\"8862\" class=\"elementor elementor-8862 elementor-8838\">\n\t\t\t\t\t\t<section class=\"elementor-section elementor-top-section elementor-element elementor-element-abb1f12 elementor-section-height-min-height elementor-section-items-bottom elementor-section-boxed elementor-section-height-default\" data-id=\"abb1f12\" data-element_type=\"section\" data-settings=\"{&quot;background_background&quot;:&quot;classic&quot;}\">\n\t\t\t\t\t\t<div class=\"elementor-container elementor-column-gap-default\">\n\t\t\t\t\t<div class=\"elementor-column elementor-col-100 elementor-top-column elementor-element elementor-element-dd91b2f\" data-id=\"dd91b2f\" data-element_type=\"column\">\n\t\t\t<div class=\"elementor-widget-wrap elementor-element-populated\">\n\t\t\t\t\t\t<div class=\"elementor-element elementor-element-132600c elementor-widget elementor-widget-heading\" data-id=\"132600c\" data-element_type=\"widget\" data-widget_type=\"heading.default\">\n\t\t\t\t<div class=\"elementor-widget-container\">\n\t\t\t<style>\/*! elementor - v3.23.0 - 05-08-2024 *\/\n.elementor-heading-title{padding:0;margin:0;line-height:1}.elementor-widget-heading .elementor-heading-title[class*=elementor-size-]>a{color:inherit;font-size:inherit;line-height:inherit}.elementor-widget-heading .elementor-heading-title.elementor-size-small{font-size:15px}.elementor-widget-heading .elementor-heading-title.elementor-size-medium{font-size:19px}.elementor-widget-heading .elementor-heading-title.elementor-size-large{font-size:29px}.elementor-widget-heading .elementor-heading-title.elementor-size-xl{font-size:39px}.elementor-widget-heading .elementor-heading-title.elementor-size-xxl{font-size:59px}<\/style><h2 class=\"elementor-heading-title elementor-size-default\">Application - Gestion des \u00e9vacuations d'urgence\n<\/h2>\t\t<\/div>\n\t\t\t\t<\/div>\n\t\t\t\t\t<\/div>\n\t\t<\/div>\n\t\t\t\t\t<\/div>\n\t\t<\/section>\n\t\t\t\t<section class=\"elementor-section elementor-top-section elementor-element elementor-element-4e5aad9 elementor-section-stretched elementor-section-boxed elementor-section-height-default elementor-section-height-default\" data-id=\"4e5aad9\" data-element_type=\"section\" data-settings=\"{&quot;stretch_section&quot;:&quot;section-stretched&quot;,&quot;background_background&quot;:&quot;classic&quot;}\">\n\t\t\t\t\t\t<div class=\"elementor-container elementor-column-gap-no\">\n\t\t\t\t\t<div class=\"elementor-column elementor-col-100 elementor-top-column elementor-element elementor-element-013bab7\" data-id=\"013bab7\" data-element_type=\"column\">\n\t\t\t<div class=\"elementor-widget-wrap elementor-element-populated\">\n\t\t\t\t\t\t<section class=\"elementor-section elementor-inner-section elementor-element elementor-element-55b85c3 animated-fast elementor-section-boxed elementor-section-height-default elementor-section-height-default elementor-invisible\" data-id=\"55b85c3\" data-element_type=\"section\" data-settings=\"{&quot;animation&quot;:&quot;fadeInUp&quot;,&quot;animation_delay&quot;:0}\">\n\t\t\t\t\t\t<div class=\"elementor-container elementor-column-gap-no\">\n\t\t\t\t\t<div class=\"elementor-column elementor-col-100 elementor-inner-column elementor-element elementor-element-ea1a4f7\" data-id=\"ea1a4f7\" data-element_type=\"column\">\n\t\t\t<div class=\"elementor-widget-wrap elementor-element-populated\">\n\t\t\t\t\t\t<div class=\"elementor-element elementor-element-f811828 elementor-widget elementor-widget-text-editor\" data-id=\"f811828\" data-element_type=\"widget\" data-widget_type=\"text-editor.default\">\n\t\t\t\t<div class=\"elementor-widget-container\">\n\t\t\t<style>\/*! elementor - v3.23.0 - 05-08-2024 *\/\n.elementor-widget-text-editor.elementor-drop-cap-view-stacked .elementor-drop-cap{background-color:#69727d;color:#fff}.elementor-widget-text-editor.elementor-drop-cap-view-framed .elementor-drop-cap{color:#69727d;border:3px solid;background-color:transparent}.elementor-widget-text-editor:not(.elementor-drop-cap-view-default) .elementor-drop-cap{margin-top:8px}.elementor-widget-text-editor:not(.elementor-drop-cap-view-default) .elementor-drop-cap-letter{width:1em;height:1em}.elementor-widget-text-editor .elementor-drop-cap{float:left;text-align:center;line-height:1;font-size:50px}.elementor-widget-text-editor .elementor-drop-cap-letter{display:inline-block}<\/style>\t\t\t\t<a class=\"elementor-button-link elementor-button elementor-size-sm fancybox-inline\" style=\"background-color: #8dc540;\" role=\"button\" href=\"#pdf-modal\" data-link=\"https:\/\/iotautomation.com.au\/wp-content\/uploads\/2026\/01\/IOT-FireFly-Siren-Data-Sheet-Jan1926-V5.pdf\" data-title=\"Firefly Smart Lighting System\"><span class=\"elementor-button-content-wrapper\"><span class=\"elementor-button-text\">T\u00e9l\u00e9charger la fiche technique<\/span><\/span><\/a>\t\t\t\t\t\t<\/div>\n\t\t\t\t<\/div>\n\t\t\t\t\t<\/div>\n\t\t<\/div>\n\t\t\t\t\t<\/div>\n\t\t<\/section>\n\t\t\t\t<section class=\"elementor-section elementor-inner-section elementor-element elementor-element-d671610 animated-fast elementor-section-content-middle elementor-section-boxed elementor-section-height-default elementor-section-height-default elementor-invisible\" data-id=\"d671610\" data-element_type=\"section\" data-settings=\"{&quot;animation&quot;:&quot;fadeInUp&quot;,&quot;animation_delay&quot;:0}\">\n\t\t\t\t\t\t<div class=\"elementor-container elementor-column-gap-no\">\n\t\t\t\t\t<div class=\"elementor-column elementor-col-100 elementor-inner-column elementor-element elementor-element-40af96b\" data-id=\"40af96b\" data-element_type=\"column\">\n\t\t\t<div class=\"elementor-widget-wrap elementor-element-populated\">\n\t\t\t\t\t\t<div class=\"elementor-element elementor-element-2fe9a63 elementor-widget elementor-widget-heading\" data-id=\"2fe9a63\" data-element_type=\"widget\" data-widget_type=\"heading.default\">\n\t\t\t\t<div class=\"elementor-widget-container\">\n\t\t\t<h5 class=\"elementor-heading-title elementor-size-default\">Probl\u00e8me:<\/h5>\t\t<\/div>\n\t\t\t\t<\/div>\n\t\t\t\t<div class=\"elementor-element elementor-element-6e2b166 elementor-widget elementor-widget-text-editor\" data-id=\"6e2b166\" data-element_type=\"widget\" data-widget_type=\"text-editor.default\">\n\t\t\t\t<div class=\"elementor-widget-container\">\n\t\t\t\t\t\t\t<p>Les mines souterraines pr\u00e9sentent des risques \u00e9lev\u00e9s, avec une visibilit\u00e9 r\u00e9duite et un bruit ambiant important. Les signaux visuels sont essentiels, mais dans des conditions de faible luminosit\u00e9 ou dans des zones poussi\u00e9reuses et encombr\u00e9es de machines, ils peuvent facilement passer inaper\u00e7us.<\/p><p>Lors de situations d&rsquo;urgence telles que des fuites de gaz ou des op\u00e9rations de dynamitage, le fait de se fier uniquement aux signaux visuels augmente le risque de mauvaise communication et de retard dans l&rsquo;intervention.<\/p><p>Les mines ont besoin d&rsquo;un syst\u00e8me de communication fiable \u00e0 l&rsquo;\u00e9chelle du site, qui garantisse que les travailleurs re\u00e7oivent des alertes claires et opportunes dans toutes les zones de travail, m\u00eame dans les conditions les plus difficiles.<\/p>\t\t\t\t\t\t<\/div>\n\t\t\t\t<\/div>\n\t\t\t\t<div class=\"elementor-element elementor-element-386a6cf elementor-widget elementor-widget-heading\" data-id=\"386a6cf\" data-element_type=\"widget\" data-widget_type=\"heading.default\">\n\t\t\t\t<div class=\"elementor-widget-container\">\n\t\t\t<h5 class=\"elementor-heading-title elementor-size-default\">Solution:<\/h5>\t\t<\/div>\n\t\t\t\t<\/div>\n\t\t\t\t<div class=\"elementor-element elementor-element-971f858 elementor-widget elementor-widget-text-editor\" data-id=\"971f858\" data-element_type=\"widget\" data-widget_type=\"text-editor.default\">\n\t\t\t\t<div class=\"elementor-widget-container\">\n\t\t\t\t\t\t\t<p>La sir\u00e8ne FireFly d&rsquo;IoT Automation s&rsquo;int\u00e8gre parfaitement au r\u00e9seau d&rsquo;\u00e9clairage intelligent FireFly, cr\u00e9ant un syst\u00e8me de communication unifi\u00e9 qui combine alertes visuelles et sonores pour des op\u00e9rations souterraines plus s\u00fbres.<\/p><p>Con\u00e7ue pour les mines souterraines et les tunnels, la sir\u00e8ne FireFly est compacte, robuste et con\u00e7ue pour fonctionner de mani\u00e8re fiable m\u00eame dans les conditions mini\u00e8res les plus difficiles. Elle se connecte directement aux guirlandes lumineuses FireFly existantes gr\u00e2ce au connecteur FireFly standard, permettant une installation rapide et simple, sans infrastructure suppl\u00e9mentaire.<\/p><p>Fonctionnant sur une alimentation de 12 \u00e0 60 V CC avec une puissance de seulement 4 W, la sir\u00e8ne FireFly est con\u00e7ue pour une faible consommation d&rsquo;\u00e9nergie. Une batterie Li-Po int\u00e9gr\u00e9e assure la continuit\u00e9 des alertes en cas de coupure de courant, garantissant ainsi la continuit\u00e9 des communications lorsque cela est crucial.<\/p><p>Gr\u00e2ce \u00e0 sa connectivit\u00e9 Wi-Fi et Bluetooth Low Energy, la sir\u00e8ne FireFly est g\u00e9r\u00e9e via la plateforme web IoT Hive, permettant une configuration centralis\u00e9e, une programmation et des r\u00e9ponses automatis\u00e9es. Des alertes sonores peuvent \u00e9galement \u00eatre d\u00e9clench\u00e9es manuellement ou automatiquement en fonction d&rsquo;\u00e9v\u00e9nements tels que des tirs de mine ou des seuils atteints par des capteurs environnementaux.<\/p><p>La sir\u00e8ne FireFly peut \u00e9galement \u00eatre mont\u00e9e sur des machines mobiles ou des infrastructures fixes d&rsquo;usines en tant qu&rsquo;appareil autonome, cr\u00e9ant des zones de s\u00e9curit\u00e9 mobiles et \u00e9tendant la couverture \u00e0 des zones o\u00f9 les guirlandes lumineuses FireFly ne peuvent pas \u00eatre install\u00e9es.<\/p>\t\t\t\t\t\t<\/div>\n\t\t\t\t<\/div>\n\t\t\t\t<div class=\"elementor-element elementor-element-6fd11d8 elementor-widget elementor-widget-heading\" data-id=\"6fd11d8\" data-element_type=\"widget\" data-widget_type=\"heading.default\">\n\t\t\t\t<div class=\"elementor-widget-container\">\n\t\t\t<h5 class=\"elementor-heading-title elementor-size-default\">Avantages:<\/h5>\t\t<\/div>\n\t\t\t\t<\/div>\n\t\t\t\t<div class=\"elementor-element elementor-element-5dcfef4 elementor-widget elementor-widget-text-editor\" data-id=\"5dcfef4\" data-element_type=\"widget\" data-widget_type=\"text-editor.default\">\n\t\t\t\t<div class=\"elementor-widget-container\">\n\t\t\t\t\t\t\t<p>En combinant des alertes sonores et une signalisation visuelle, la sir\u00e8ne FireFly am\u00e9liore la clart\u00e9 et r\u00e9duit le risque d&rsquo;avertissements manqu\u00e9s ou mal compris dans les environnements souterrains o\u00f9 le bruit ambiant \u00e9lev\u00e9, la poussi\u00e8re et la faible visibilit\u00e9 constituent des d\u00e9fis constants.<\/p><p>Des alertes claires et coh\u00e9rentes aident les travailleurs \u00e0 r\u00e9agir plus rapidement lors des urgences, des op\u00e9rations de dynamitage et des \u00e9vacuations, r\u00e9duisant ainsi la confusion et favorisant une prise de d\u00e9cision plus s\u00fbre dans tous les secteurs d&rsquo;activit\u00e9.<\/p><p>La centralisation du contr\u00f4le et de l&rsquo;automatisation via la plateforme IoT Hive r\u00e9duit la d\u00e9pendance \u00e0 la signalisation manuelle et aux solutions de contournement sp\u00e9cifiques \u00e0 chaque site, am\u00e9liorant ainsi la coh\u00e9rence et la fiabilit\u00e9 op\u00e9rationnelles.<\/p><p>Il en r\u00e9sulte une couche de communication souterraine plus r\u00e9siliente qui s&rsquo;adapte \u00e0 l&rsquo;\u00e9volution des conditions op\u00e9rationnelles, favorise des flux de travail plus s\u00fbrs et renforce la s\u00e9curit\u00e9 globale du site sans accro\u00eetre la complexit\u00e9 du syst\u00e8me.<\/p>\t\t\t\t\t\t<\/div>\n\t\t\t\t<\/div>\n\t\t\t\t\t<\/div>\n\t\t<\/div>\n\t\t\t\t\t<\/div>\n\t\t<\/section>\n\t\t\t\t\t<\/div>\n\t\t<\/div>\n\t\t\t\t\t<\/div>\n\t\t<\/section>\n\t\t\t\t<\/div>\n\t\t","protected":false},"excerpt":{"rendered":"<p>Application &#8211; Gestion des \u00e9vacuations d&rsquo;urgence T\u00e9l\u00e9charger la fiche technique Probl\u00e8me: Les mines souterraines pr\u00e9sentent des risques \u00e9lev\u00e9s, avec une visibilit\u00e9 r\u00e9duite et un bruit ambiant important. Les signaux visuels sont essentiels, mais dans des conditions de faible luminosit\u00e9 ou dans des zones poussi\u00e9reuses et encombr\u00e9es de machines, ils peuvent facilement passer inaper\u00e7us. Lors de &hellip;<\/p>\n<p class=\"read-more\"> <a class=\"\" href=\"https:\/\/iotautomation.com.au\/fr\/application-emergency-evacuation-management\/\"> <span class=\"screen-reader-text\">Application &#8211; Gestion des \u00e9vacuations d&rsquo;urgence<\/span> Lire la suite\u00a0\u00bb<\/a><\/p>\n","protected":false},"author":3,"featured_media":0,"parent":0,"menu_order":0,"comment_status":"closed","ping_status":"closed","template":"","meta":{"site-sidebar-layout":"no-sidebar","site-content-layout":"page-builder","ast-global-header-display":"","ast-main-header-display":"","ast-hfb-above-header-display":"","ast-hfb-below-header-display":"","ast-hfb-mobile-header-display":"","site-post-title":"disabled","ast-breadcrumbs-content":"","ast-featured-img":"disabled","footer-sml-layout":"","theme-transparent-header-meta":"","adv-header-id-meta":"","stick-header-meta":"","header-above-stick-meta":"","header-main-stick-meta":"","header-below-stick-meta":"","footnotes":""},"class_list":["post-8862","page","type-page","status-publish","hentry"],"acf":[],"yoast_head":"<!-- This site is optimized with the Yoast SEO plugin v26.9 - https:\/\/yoast.com\/product\/yoast-seo-wordpress\/ -->\n<title>Application - Gestion des \u00e9vacuations d&#039;urgence - IoT Automation<\/title>\n<meta name=\"robots\" content=\"index, follow, max-snippet:-1, max-image-preview:large, max-video-preview:-1\" \/>\n<link rel=\"canonical\" href=\"https:\/\/iotautomation.com.au\/fr\/application-emergency-evacuation-management\/\" \/>\n<meta property=\"og:locale\" content=\"fr_FR\" \/>\n<meta property=\"og:type\" content=\"article\" \/>\n<meta property=\"og:title\" content=\"Application - Gestion des \u00e9vacuations d&#039;urgence - IoT Automation\" \/>\n<meta property=\"og:description\" content=\"Application &#8211; Gestion des \u00e9vacuations d&rsquo;urgence T\u00e9l\u00e9charger la fiche technique Probl\u00e8me: Les mines souterraines pr\u00e9sentent des risques \u00e9lev\u00e9s, avec une visibilit\u00e9 r\u00e9duite et un bruit ambiant important. Les signaux visuels sont essentiels, mais dans des conditions de faible luminosit\u00e9 ou dans des zones poussi\u00e9reuses et encombr\u00e9es de machines, ils peuvent facilement passer inaper\u00e7us. Lors de &hellip; Application &#8211; Gestion des \u00e9vacuations d&rsquo;urgence Lire la suite\u00a0\u00bb\" \/>\n<meta property=\"og:url\" content=\"https:\/\/iotautomation.com.au\/fr\/application-emergency-evacuation-management\/\" \/>\n<meta property=\"og:site_name\" content=\"IoT Automation\" \/>\n<meta property=\"article:modified_time\" content=\"2026-01-22T07:53:07+00:00\" \/>\n<meta name=\"twitter:card\" content=\"summary_large_image\" \/>\n<meta name=\"twitter:label1\" content=\"Dur\u00e9e de lecture estim\u00e9e\" \/>\n\t<meta name=\"twitter:data1\" content=\"3 minutes\" \/>\n<script type=\"application\/ld+json\" class=\"yoast-schema-graph\">{\"@context\":\"https:\/\/schema.org\",\"@graph\":[{\"@type\":\"WebPage\",\"@id\":\"https:\/\/iotautomation.com.au\/fr\/application-emergency-evacuation-management\/\",\"url\":\"https:\/\/iotautomation.com.au\/fr\/application-emergency-evacuation-management\/\",\"name\":\"Application - Gestion des \u00e9vacuations d'urgence - IoT Automation\",\"isPartOf\":{\"@id\":\"https:\/\/iotautomation.com.au\/fr\/#website\"},\"datePublished\":\"2026-01-22T07:20:12+00:00\",\"dateModified\":\"2026-01-22T07:53:07+00:00\",\"breadcrumb\":{\"@id\":\"https:\/\/iotautomation.com.au\/fr\/application-emergency-evacuation-management\/#breadcrumb\"},\"inLanguage\":\"fr-FR\",\"potentialAction\":[{\"@type\":\"ReadAction\",\"target\":[\"https:\/\/iotautomation.com.au\/fr\/application-emergency-evacuation-management\/\"]}]},{\"@type\":\"BreadcrumbList\",\"@id\":\"https:\/\/iotautomation.com.au\/fr\/application-emergency-evacuation-management\/#breadcrumb\",\"itemListElement\":[{\"@type\":\"ListItem\",\"position\":1,\"name\":\"Home\",\"item\":\"https:\/\/iotautomation.com.au\/fr\/\"},{\"@type\":\"ListItem\",\"position\":2,\"name\":\"Application &#8211; Gestion des \u00e9vacuations d&#8217;urgence\"}]},{\"@type\":\"WebSite\",\"@id\":\"https:\/\/iotautomation.com.au\/fr\/#website\",\"url\":\"https:\/\/iotautomation.com.au\/fr\/\",\"name\":\"IoT Automation\",\"description\":\"Pioneering Smart Lighting\",\"publisher\":{\"@id\":\"https:\/\/iotautomation.com.au\/fr\/#organization\"},\"potentialAction\":[{\"@type\":\"SearchAction\",\"target\":{\"@type\":\"EntryPoint\",\"urlTemplate\":\"https:\/\/iotautomation.com.au\/fr\/?s={search_term_string}\"},\"query-input\":{\"@type\":\"PropertyValueSpecification\",\"valueRequired\":true,\"valueName\":\"search_term_string\"}}],\"inLanguage\":\"fr-FR\"},{\"@type\":\"Organization\",\"@id\":\"https:\/\/iotautomation.com.au\/fr\/#organization\",\"name\":\"IoT Automation\",\"url\":\"https:\/\/iotautomation.com.au\/fr\/\",\"logo\":{\"@type\":\"ImageObject\",\"inLanguage\":\"fr-FR\",\"@id\":\"https:\/\/iotautomation.com.au\/fr\/#\/schema\/logo\/image\/\",\"url\":\"https:\/\/iotautomation.com.au\/wp-content\/uploads\/2021\/01\/IoT-logo.png\",\"contentUrl\":\"https:\/\/iotautomation.com.au\/wp-content\/uploads\/2021\/01\/IoT-logo.png\",\"width\":200,\"height\":220,\"caption\":\"IoT Automation\"},\"image\":{\"@id\":\"https:\/\/iotautomation.com.au\/fr\/#\/schema\/logo\/image\/\"},\"sameAs\":[\"https:\/\/www.linkedin.com\/company\/7786783\/admin\/\",\"https:\/\/www.youtube.com\/channel\/UCcOtd-kQGJDlAElF_VOHpLA\"]}]}<\/script>\n<!-- \/ Yoast SEO plugin. -->","yoast_head_json":{"title":"Application - Gestion des \u00e9vacuations d'urgence - IoT Automation","robots":{"index":"index","follow":"follow","max-snippet":"max-snippet:-1","max-image-preview":"max-image-preview:large","max-video-preview":"max-video-preview:-1"},"canonical":"https:\/\/iotautomation.com.au\/fr\/application-emergency-evacuation-management\/","og_locale":"fr_FR","og_type":"article","og_title":"Application - Gestion des \u00e9vacuations d'urgence - IoT Automation","og_description":"Application &#8211; Gestion des \u00e9vacuations d&rsquo;urgence T\u00e9l\u00e9charger la fiche technique Probl\u00e8me: Les mines souterraines pr\u00e9sentent des risques \u00e9lev\u00e9s, avec une visibilit\u00e9 r\u00e9duite et un bruit ambiant important. Les signaux visuels sont essentiels, mais dans des conditions de faible luminosit\u00e9 ou dans des zones poussi\u00e9reuses et encombr\u00e9es de machines, ils peuvent facilement passer inaper\u00e7us. Lors de &hellip; Application &#8211; Gestion des \u00e9vacuations d&rsquo;urgence Lire la suite\u00a0\u00bb","og_url":"https:\/\/iotautomation.com.au\/fr\/application-emergency-evacuation-management\/","og_site_name":"IoT Automation","article_modified_time":"2026-01-22T07:53:07+00:00","twitter_card":"summary_large_image","twitter_misc":{"Dur\u00e9e de lecture estim\u00e9e":"3 minutes"},"schema":{"@context":"https:\/\/schema.org","@graph":[{"@type":"WebPage","@id":"https:\/\/iotautomation.com.au\/fr\/application-emergency-evacuation-management\/","url":"https:\/\/iotautomation.com.au\/fr\/application-emergency-evacuation-management\/","name":"Application - Gestion des \u00e9vacuations d'urgence - IoT Automation","isPartOf":{"@id":"https:\/\/iotautomation.com.au\/fr\/#website"},"datePublished":"2026-01-22T07:20:12+00:00","dateModified":"2026-01-22T07:53:07+00:00","breadcrumb":{"@id":"https:\/\/iotautomation.com.au\/fr\/application-emergency-evacuation-management\/#breadcrumb"},"inLanguage":"fr-FR","potentialAction":[{"@type":"ReadAction","target":["https:\/\/iotautomation.com.au\/fr\/application-emergency-evacuation-management\/"]}]},{"@type":"BreadcrumbList","@id":"https:\/\/iotautomation.com.au\/fr\/application-emergency-evacuation-management\/#breadcrumb","itemListElement":[{"@type":"ListItem","position":1,"name":"Home","item":"https:\/\/iotautomation.com.au\/fr\/"},{"@type":"ListItem","position":2,"name":"Application &#8211; Gestion des \u00e9vacuations d&#8217;urgence"}]},{"@type":"WebSite","@id":"https:\/\/iotautomation.com.au\/fr\/#website","url":"https:\/\/iotautomation.com.au\/fr\/","name":"IoT Automation","description":"Pioneering Smart Lighting","publisher":{"@id":"https:\/\/iotautomation.com.au\/fr\/#organization"},"potentialAction":[{"@type":"SearchAction","target":{"@type":"EntryPoint","urlTemplate":"https:\/\/iotautomation.com.au\/fr\/?s={search_term_string}"},"query-input":{"@type":"PropertyValueSpecification","valueRequired":true,"valueName":"search_term_string"}}],"inLanguage":"fr-FR"},{"@type":"Organization","@id":"https:\/\/iotautomation.com.au\/fr\/#organization","name":"IoT Automation","url":"https:\/\/iotautomation.com.au\/fr\/","logo":{"@type":"ImageObject","inLanguage":"fr-FR","@id":"https:\/\/iotautomation.com.au\/fr\/#\/schema\/logo\/image\/","url":"https:\/\/iotautomation.com.au\/wp-content\/uploads\/2021\/01\/IoT-logo.png","contentUrl":"https:\/\/iotautomation.com.au\/wp-content\/uploads\/2021\/01\/IoT-logo.png","width":200,"height":220,"caption":"IoT Automation"},"image":{"@id":"https:\/\/iotautomation.com.au\/fr\/#\/schema\/logo\/image\/"},"sameAs":["https:\/\/www.linkedin.com\/company\/7786783\/admin\/","https:\/\/www.youtube.com\/channel\/UCcOtd-kQGJDlAElF_VOHpLA"]}]}},"_links":{"self":[{"href":"https:\/\/iotautomation.com.au\/fr\/wp-json\/wp\/v2\/pages\/8862","targetHints":{"allow":["GET"]}}],"collection":[{"href":"https:\/\/iotautomation.com.au\/fr\/wp-json\/wp\/v2\/pages"}],"about":[{"href":"https:\/\/iotautomation.com.au\/fr\/wp-json\/wp\/v2\/types\/page"}],"author":[{"embeddable":true,"href":"https:\/\/iotautomation.com.au\/fr\/wp-json\/wp\/v2\/users\/3"}],"replies":[{"embeddable":true,"href":"https:\/\/iotautomation.com.au\/fr\/wp-json\/wp\/v2\/comments?post=8862"}],"version-history":[{"count":3,"href":"https:\/\/iotautomation.com.au\/fr\/wp-json\/wp\/v2\/pages\/8862\/revisions"}],"predecessor-version":[{"id":8893,"href":"https:\/\/iotautomation.com.au\/fr\/wp-json\/wp\/v2\/pages\/8862\/revisions\/8893"}],"wp:attachment":[{"href":"https:\/\/iotautomation.com.au\/fr\/wp-json\/wp\/v2\/media?parent=8862"}],"curies":[{"name":"wp","href":"https:\/\/api.w.org\/{rel}","templated":true}]}}