{"id":7073,"date":"2017-06-19T07:07:27","date_gmt":"2017-06-19T07:07:27","guid":{"rendered":"https:\/\/iotautomation-staging.nyg1r0.ap-southeast-2.wpstaqhosting.com\/firefly-led-lighting-module\/"},"modified":"2025-02-27T07:30:18","modified_gmt":"2025-02-27T07:30:18","slug":"firefly-led-lighting-module","status":"publish","type":"page","link":"https:\/\/iotautomation.com.au\/fr\/firefly-led-lighting-module\/","title":{"rendered":"FireFly \u00c9clairage LED Module_"},"content":{"rendered":"\t\t<div data-elementor-type=\"wp-post\" data-elementor-id=\"7073\" class=\"elementor elementor-7073 elementor-19\">\n\t\t\t\t\t\t<section class=\"elementor-section elementor-top-section elementor-element elementor-element-177af406 elementor-section-stretched elementor-section-boxed elementor-section-height-default elementor-section-height-default\" data-id=\"177af406\" data-element_type=\"section\" data-settings=\"{&quot;stretch_section&quot;:&quot;section-stretched&quot;,&quot;background_background&quot;:&quot;classic&quot;}\">\n\t\t\t\t\t\t<div class=\"elementor-container elementor-column-gap-no\">\n\t\t\t\t\t<div class=\"elementor-column elementor-col-100 elementor-top-column elementor-element elementor-element-67cb8b50\" data-id=\"67cb8b50\" data-element_type=\"column\">\n\t\t\t<div class=\"elementor-widget-wrap elementor-element-populated\">\n\t\t\t\t\t\t<section class=\"elementor-section elementor-inner-section elementor-element elementor-element-6ea91c37 animated-fast elementor-section-boxed elementor-section-height-default elementor-section-height-default elementor-invisible\" data-id=\"6ea91c37\" data-element_type=\"section\" data-settings=\"{&quot;animation&quot;:&quot;fadeInUp&quot;,&quot;animation_delay&quot;:0}\">\n\t\t\t\t\t\t<div class=\"elementor-container elementor-column-gap-no\">\n\t\t\t\t\t<div class=\"elementor-column elementor-col-100 elementor-inner-column elementor-element elementor-element-36de67fd\" data-id=\"36de67fd\" data-element_type=\"column\">\n\t\t\t<div class=\"elementor-widget-wrap elementor-element-populated\">\n\t\t\t\t\t\t<div class=\"elementor-element elementor-element-30e0c9f2 elementor-widget elementor-widget-text-editor\" data-id=\"30e0c9f2\" data-element_type=\"widget\" data-widget_type=\"text-editor.default\">\n\t\t\t\t<div class=\"elementor-widget-container\">\n\t\t\t<style>\/*! elementor - v3.23.0 - 05-08-2024 *\/\n.elementor-widget-text-editor.elementor-drop-cap-view-stacked .elementor-drop-cap{background-color:#69727d;color:#fff}.elementor-widget-text-editor.elementor-drop-cap-view-framed .elementor-drop-cap{color:#69727d;border:3px solid;background-color:transparent}.elementor-widget-text-editor:not(.elementor-drop-cap-view-default) .elementor-drop-cap{margin-top:8px}.elementor-widget-text-editor:not(.elementor-drop-cap-view-default) .elementor-drop-cap-letter{width:1em;height:1em}.elementor-widget-text-editor .elementor-drop-cap{float:left;text-align:center;line-height:1;font-size:50px}.elementor-widget-text-editor .elementor-drop-cap-letter{display:inline-block}<\/style>\t\t\t\t<p>Le module d\u2019\u00e9clairage LED FireFly est un syst\u00e8me robuste, adapt\u00e9 \u00e0 l\u2019usage et intuitif qui am\u00e9liore la visibilit\u00e9 de la mine, le flux de travail et, surtout, la s\u00e9curit\u00e9. L\u2019ensemble LED adressable multicolore +48VDC de FireFly peut fournir un \u00e9clairage de tunnel rouge, vert, orange, bleu ou blanc selon les besoins. Il est \u00e9galement con\u00e7u pour fournir des niveaux d\u2019\u00e9clairage d\u2019urgence ou d\u2019\u00e9vacuation pour les travailleurs souterrains. Les modules FireFly sont s\u00fbrs, fiables et enti\u00e8rement con\u00e7us et fabriqu\u00e9s en Australie.   <\/p>\t\t\t\t\t\t<\/div>\n\t\t\t\t<\/div>\n\t\t\t\t\t<\/div>\n\t\t<\/div>\n\t\t\t\t\t<\/div>\n\t\t<\/section>\n\t\t\t\t<section class=\"elementor-section elementor-inner-section elementor-element elementor-element-27e397b animated-fast elementor-section-boxed elementor-section-height-default elementor-section-height-default elementor-invisible\" data-id=\"27e397b\" data-element_type=\"section\" data-settings=\"{&quot;animation&quot;:&quot;fadeInUp&quot;,&quot;animation_delay&quot;:0}\">\n\t\t\t\t\t\t<div class=\"elementor-container elementor-column-gap-no\">\n\t\t\t\t\t<div class=\"elementor-column elementor-col-50 elementor-inner-column elementor-element elementor-element-9c04486\" data-id=\"9c04486\" data-element_type=\"column\">\n\t\t\t<div class=\"elementor-widget-wrap elementor-element-populated\">\n\t\t\t\t\t\t<div class=\"elementor-element elementor-element-1f2b58c elementor-widget elementor-widget-heading\" data-id=\"1f2b58c\" data-element_type=\"widget\" data-widget_type=\"heading.default\">\n\t\t\t\t<div class=\"elementor-widget-container\">\n\t\t\t<style>\/*! elementor - v3.23.0 - 05-08-2024 *\/\n.elementor-heading-title{padding:0;margin:0;line-height:1}.elementor-widget-heading .elementor-heading-title[class*=elementor-size-]>a{color:inherit;font-size:inherit;line-height:inherit}.elementor-widget-heading .elementor-heading-title.elementor-size-small{font-size:15px}.elementor-widget-heading .elementor-heading-title.elementor-size-medium{font-size:19px}.elementor-widget-heading .elementor-heading-title.elementor-size-large{font-size:29px}.elementor-widget-heading .elementor-heading-title.elementor-size-xl{font-size:39px}.elementor-widget-heading .elementor-heading-title.elementor-size-xxl{font-size:59px}<\/style><h5 class=\"elementor-heading-title elementor-size-default\">Les principales caract\u00e9ristiques de FireFly :  <\/h5>\t\t<\/div>\n\t\t\t\t<\/div>\n\t\t\t\t<div class=\"elementor-element elementor-element-0313d67 elementor-widget elementor-widget-text-editor\" data-id=\"0313d67\" data-element_type=\"widget\" data-widget_type=\"text-editor.default\">\n\t\t\t\t<div class=\"elementor-widget-container\">\n\t\t\t\t\t\t\t<ul>\n<li>FireFly est dot\u00e9 de connecteurs de d\u00e9connexion rapide de cloison \u00e9tanches de chaque c\u00f4t\u00e9 de son bo\u00eetier. Cela permet la connexion directe d\u2019un c\u00e2ble de commande aliment\u00e9 en courant continu et l\u2019interconnexion ult\u00e9rieure ou le \u00ab cha\u00eenage \u00bb de plusieurs lumi\u00e8res pour couvrir les zones de travail requises. <\/li>\n<\/ul>\n<ul>\n<li>FireFly dispose de 18 LED haute puissance mont\u00e9es sur son circuit imprim\u00e9. Il y a deux rang\u00e9es de LED rouges, deux rang\u00e9es de vertes, une banque d\u2019ambre et une de bleue. Ces lampes de haute qualit\u00e9 et de haute puissance sont id\u00e9ales pour plusieurs applications dans le tunnel.  <\/li>\n<\/ul>\n<ul>\n<li>Syst\u00e8me multimodal \u00e0 la fois sur la couleur et la fonction, y compris les motifs stroboscopiques et de train.<\/li>\n<\/ul>\n<ul>\n<li>Les LED de FireFly offrent un grand angle de vision compris entre 110 et 135 tout en atteignant un haut niveau d\u2019efficacit\u00e9 \u00e9nerg\u00e9tique. Cela permet d\u2019obtenir une exposition et une visibilit\u00e9 maximales pour les travailleurs. \u00c0 20 m d\u2019espacement entre les modules FireFly, un niveau de lux de 70 Lux peut \u00eatre atteint \u00e0 l\u2019int\u00e9rieur d\u2019un tunnel minier de &gt;5 m x 5 m.  <\/li>\n<\/ul>\n<ul>\n<li>Les modules FireFly sont aliment\u00e9s par une tension de 6 \u00e0 60 VCC et contr\u00f4l\u00e9s via un bus de communication RS485, tous deux aliment\u00e9s par un seul c\u00e2ble d\u2019instrument \u00e0 quatre conducteurs provenant du panneau de commande de l\u2019onduleur FireFly. Cela signifie que les lampes FireFly \u00e0 haute intensit\u00e9 peuvent \u00eatre facilement plac\u00e9es \u00e0 des carrefours de 20 m le long du tunnel. <\/li>\n<\/ul>\t\t\t\t\t\t<\/div>\n\t\t\t\t<\/div>\n\t\t\t\t<div class=\"elementor-element elementor-element-f10ed00 elementor-widget elementor-widget-heading\" data-id=\"f10ed00\" data-element_type=\"widget\" data-widget_type=\"heading.default\">\n\t\t\t\t<div class=\"elementor-widget-container\">\n\t\t\t<h5 class=\"elementor-heading-title elementor-size-default\"><span style=\"font-weight: 700; font-family: Poppins, Arial, Helvetica, sans-serif; font-size: 16px; font-style: normal; text-align: justify; white-space: normal;\">Connect\u00e9 et contr\u00f4l\u00e9 via le web<\/span><\/h5>\t\t<\/div>\n\t\t\t\t<\/div>\n\t\t\t\t<div class=\"elementor-element elementor-element-9361794 elementor-widget elementor-widget-text-editor\" data-id=\"9361794\" data-element_type=\"widget\" data-widget_type=\"text-editor.default\">\n\t\t\t\t<div class=\"elementor-widget-container\">\n\t\t\t\t\t\t\t<p>Le syst\u00e8me FireFly est contr\u00f4l\u00e9 par une application web. Il permet \u00e0 l\u2019utilisateur de s\u00e9lectionner les couleurs et les modes dans lesquels une seule lampe FireFly ou une guirlande lumineuse fonctionnera. <\/p><p>Il y a quatre modes de fonctionnement qui peuvent \u00eatre s\u00e9lectionn\u00e9s, en utilisant chaque couleur :<\/p><ul><li>Tout allum\u00e9 (couleur unie)<\/li><li>Stroboscopes<\/li><li>Train avant<\/li><li>Train \u00e0 reculons<\/li><\/ul>\t\t\t\t\t\t<\/div>\n\t\t\t\t<\/div>\n\t\t\t\t\t<\/div>\n\t\t<\/div>\n\t\t\t\t<div class=\"elementor-column elementor-col-50 elementor-inner-column elementor-element elementor-element-65f9f7b\" data-id=\"65f9f7b\" data-element_type=\"column\">\n\t\t\t<div class=\"elementor-widget-wrap elementor-element-populated\">\n\t\t\t\t\t\t<div class=\"elementor-element elementor-element-fe293ac elementor-widget elementor-widget-image\" data-id=\"fe293ac\" data-element_type=\"widget\" data-widget_type=\"image.default\">\n\t\t\t\t<div class=\"elementor-widget-container\">\n\t\t\t<style>\/*! elementor - v3.23.0 - 05-08-2024 *\/\n.elementor-widget-image{text-align:center}.elementor-widget-image a{display:inline-block}.elementor-widget-image a img[src$=\".svg\"]{width:48px}.elementor-widget-image img{vertical-align:middle;display:inline-block}<\/style>\t\t\t\t\t\t\t\t\t\t<img fetchpriority=\"high\" decoding=\"async\" width=\"460\" height=\"600\" src=\"https:\/\/iotautomation.com.au\/wp-content\/uploads\/2021\/01\/FIREFLY_image.png\" class=\"attachment-full size-full wp-image-2320\" alt=\"\" srcset=\"https:\/\/iotautomation.com.au\/wp-content\/uploads\/2021\/01\/FIREFLY_image.png 460w, https:\/\/iotautomation.com.au\/wp-content\/uploads\/2021\/01\/FIREFLY_image-230x300.png 230w\" sizes=\"(max-width: 460px) 100vw, 460px\" \/>\t\t\t\t\t\t\t\t\t\t\t\t\t<\/div>\n\t\t\t\t<\/div>\n\t\t\t\t<div class=\"elementor-element elementor-element-6ade915 elementor-widget elementor-widget-image\" data-id=\"6ade915\" data-element_type=\"widget\" data-widget_type=\"image.default\">\n\t\t\t\t<div class=\"elementor-widget-container\">\n\t\t\t\t\t\t\t\t\t\t\t\t\t<img decoding=\"async\" width=\"600\" height=\"597\" src=\"https:\/\/iotautomation.com.au\/wp-content\/uploads\/2021\/11\/FF-LIGHTS-01.png\" class=\"attachment-full size-full wp-image-3326\" alt=\"\" srcset=\"https:\/\/iotautomation.com.au\/wp-content\/uploads\/2021\/11\/FF-LIGHTS-01.png 600w, https:\/\/iotautomation.com.au\/wp-content\/uploads\/2021\/11\/FF-LIGHTS-01-300x300.png 300w, https:\/\/iotautomation.com.au\/wp-content\/uploads\/2021\/11\/FF-LIGHTS-01-150x150.png 150w\" sizes=\"(max-width: 600px) 100vw, 600px\" \/>\t\t\t\t\t\t\t\t\t\t\t\t\t<\/div>\n\t\t\t\t<\/div>\n\t\t\t\t\t<\/div>\n\t\t<\/div>\n\t\t\t\t\t<\/div>\n\t\t<\/section>\n\t\t\t\t<section class=\"elementor-section elementor-inner-section elementor-element elementor-element-92d2cc7 animated-fast elementor-section-content-middle elementor-section-boxed elementor-section-height-default elementor-section-height-default elementor-invisible\" data-id=\"92d2cc7\" data-element_type=\"section\" data-settings=\"{&quot;animation&quot;:&quot;fadeInUp&quot;,&quot;animation_delay&quot;:0}\">\n\t\t\t\t\t\t<div class=\"elementor-container elementor-column-gap-no\">\n\t\t\t\t\t<div class=\"elementor-column elementor-col-100 elementor-inner-column elementor-element elementor-element-4877c06\" data-id=\"4877c06\" data-element_type=\"column\">\n\t\t\t<div class=\"elementor-widget-wrap elementor-element-populated\">\n\t\t\t\t\t\t<div class=\"elementor-element elementor-element-fd4b5c9 elementor-widget elementor-widget-heading\" data-id=\"fd4b5c9\" data-element_type=\"widget\" data-widget_type=\"heading.default\">\n\t\t\t\t<div class=\"elementor-widget-container\">\n\t\t\t<h5 class=\"elementor-heading-title elementor-size-default\"><span style=\"font-weight: 700; font-family: Poppins, Arial, Helvetica, sans-serif; font-size: 16px; font-style: normal; white-space: normal;\">Fiabilit\u00e9 et s\u00e9curit\u00e9<\/span><\/h5>\t\t<\/div>\n\t\t\t\t<\/div>\n\t\t\t\t<div class=\"elementor-element elementor-element-77908d8 elementor-widget elementor-widget-text-editor\" data-id=\"77908d8\" data-element_type=\"widget\" data-widget_type=\"text-editor.default\">\n\t\t\t\t<div class=\"elementor-widget-container\">\n\t\t\t\t\t\t\t<p>FireFly est un syst\u00e8me durable qui ne tombera pas en panne sur le chantier. Chaque module est \u00e9quip\u00e9 d\u2019une batterie rechargeable au lithium polym\u00e8re (LiPo) int\u00e9gr\u00e9e de 1,5 Ah + 3,7 VDC qui offre une autonomie de trois heures. Si le c\u00e2ble reliant une lampe FireFly et son panneau de commande UPS est endommag\u00e9 ou sectionn\u00e9, il s\u2019agit d\u2019une s\u00e9curit\u00e9 int\u00e9gr\u00e9e. Au fur et \u00e0 mesure que le niveau de la batterie interne diminue, l\u2019intensit\u00e9 de la lampe Firefly est lentement r\u00e9duite afin qu\u2019elle puisse atteindre une dur\u00e9e de fonctionnement plus longue. La batterie interne FireFly est un syst\u00e8me d\u2019alimentation de secours suppl\u00e9mentaire \u00e0 la batterie de secours de 6 heures d\u00e9j\u00e0 existante fournie par le panneau de configuration FireFly UPS.    <\/p><p>Chaque lampe FireFly est \u00e9quip\u00e9e d\u2019une radio sans fil Wi-Fi 802.11b\/g\/n et Bluetooth Low Energy (BLE 5.0) pour fournir un chemin de communication sans fil redondant en cas de dommage au c\u00e2ble de commande. Cette fonctionnalit\u00e9 permet \u00e9galement \u00e0 chaque unit\u00e9 FireFly de suivre et de positionner une balise Wi-Fi ou BLE avec une pr\u00e9cision de 20 m. De plus, les lampes Firefly peuvent se connecter sans fil \u00e0 d\u2019autres appareils Bluetooth tels que des instruments sismiques et de soutien au sol.  <\/p>\t\t\t\t\t\t<\/div>\n\t\t\t\t<\/div>\n\t\t\t\t<div class=\"elementor-element elementor-element-adc547e elementor-button-wrapper elementor-widget elementor-widget-text-editor\" data-id=\"adc547e\" data-element_type=\"widget\" data-widget_type=\"text-editor.default\">\n\t\t\t\t<div class=\"elementor-widget-container\">\n\t\t\t\t\t\t\t<a class=\"elementor-button-link elementor-button elementor-size-sm fancybox-inline data_link fled\" role=\"button\" href=\"#pdf-modal\" data-link=\"https:\/\/iotautomation.com.au\/wp-content\/uploads\/2021\/04\/IoT-Data-Sheet_web-min.pdf\" data-title=\"Firefly LED Lighting Module\u200b\">\n<span class=\"elementor-button-content-wrapper\">\n<span class=\"elementor-button-text\">T\u00c9L\u00c9CHARGER LA FICHE TECHNIQUE<\/span>\n<\/span>\n<\/a>\t\t\t\t\t\t<\/div>\n\t\t\t\t<\/div>\n\t\t\t\t\t<\/div>\n\t\t<\/div>\n\t\t\t\t\t<\/div>\n\t\t<\/section>\n\t\t\t\t\t<\/div>\n\t\t<\/div>\n\t\t\t\t\t<\/div>\n\t\t<\/section>\n\t\t\t\t<\/div>\n\t\t","protected":false},"excerpt":{"rendered":"<p>Le module d\u2019\u00e9clairage LED FireFly est un syst\u00e8me robuste, adapt\u00e9 \u00e0 l\u2019usage et intuitif qui am\u00e9liore la visibilit\u00e9 de la mine, le flux de travail et, surtout, la s\u00e9curit\u00e9. L\u2019ensemble LED adressable multicolore +48VDC de FireFly peut fournir un \u00e9clairage de tunnel rouge, vert, orange, bleu ou blanc selon les besoins. Il est \u00e9galement con\u00e7u &hellip;<\/p>\n<p class=\"read-more\"> <a class=\"\" href=\"https:\/\/iotautomation.com.au\/fr\/firefly-led-lighting-module\/\"> <span class=\"screen-reader-text\">FireFly \u00c9clairage LED Module_<\/span> Lire la suite\u00a0\u00bb<\/a><\/p>\n","protected":false},"author":1,"featured_media":0,"parent":0,"menu_order":0,"comment_status":"closed","ping_status":"closed","template":"","meta":{"site-sidebar-layout":"no-sidebar","site-content-layout":"page-builder","ast-global-header-display":"","ast-main-header-display":"","ast-hfb-above-header-display":"","ast-hfb-below-header-display":"","ast-hfb-mobile-header-display":"","site-post-title":"disabled","ast-breadcrumbs-content":"","ast-featured-img":"disabled","footer-sml-layout":"","theme-transparent-header-meta":"enabled","adv-header-id-meta":"","stick-header-meta":"default","header-above-stick-meta":"","header-main-stick-meta":"","header-below-stick-meta":"","footnotes":""},"class_list":["post-7073","page","type-page","status-publish","hentry"],"acf":[],"yoast_head":"<!-- This site is optimized with the Yoast SEO plugin v26.9 - https:\/\/yoast.com\/product\/yoast-seo-wordpress\/ -->\n<title>FireFly \u00c9clairage LED Module_ - IoT Automation<\/title>\n<meta name=\"description\" content=\"L\u2019ensemble LED adressable multicolore +48VDC de FireFly peut fournir un \u00e9clairage de tunnel rouge, vert, orange, bleu ou blanc selon les besoins.\" \/>\n<meta name=\"robots\" content=\"index, follow, max-snippet:-1, max-image-preview:large, max-video-preview:-1\" \/>\n<link rel=\"canonical\" href=\"https:\/\/iotautomation.com.au\/fr\/firefly-led-lighting-module\/\" \/>\n<meta property=\"og:locale\" content=\"fr_FR\" \/>\n<meta property=\"og:type\" content=\"article\" \/>\n<meta property=\"og:title\" content=\"FireFly \u00c9clairage LED Module_ - IoT Automation\" \/>\n<meta property=\"og:description\" content=\"L\u2019ensemble LED adressable multicolore +48VDC de FireFly peut fournir un \u00e9clairage de tunnel rouge, vert, orange, bleu ou blanc selon les besoins.\" \/>\n<meta property=\"og:url\" content=\"https:\/\/iotautomation.com.au\/fr\/firefly-led-lighting-module\/\" \/>\n<meta property=\"og:site_name\" content=\"IoT Automation\" \/>\n<meta property=\"article:modified_time\" content=\"2025-02-27T07:30:18+00:00\" \/>\n<meta property=\"og:image\" content=\"https:\/\/iotautomation.com.au\/wp-content\/uploads\/2021\/01\/FIREFLY_image.png\" \/>\n<meta name=\"twitter:card\" content=\"summary_large_image\" \/>\n<meta name=\"twitter:label1\" content=\"Dur\u00e9e de lecture estim\u00e9e\" \/>\n\t<meta name=\"twitter:data1\" content=\"3 minutes\" \/>\n<script type=\"application\/ld+json\" class=\"yoast-schema-graph\">{\"@context\":\"https:\/\/schema.org\",\"@graph\":[{\"@type\":\"WebPage\",\"@id\":\"https:\/\/iotautomation.com.au\/fr\/firefly-led-lighting-module\/\",\"url\":\"https:\/\/iotautomation.com.au\/fr\/firefly-led-lighting-module\/\",\"name\":\"FireFly \u00c9clairage LED Module_ - IoT Automation\",\"isPartOf\":{\"@id\":\"https:\/\/iotautomation.com.au\/fr\/#website\"},\"primaryImageOfPage\":{\"@id\":\"https:\/\/iotautomation.com.au\/fr\/firefly-led-lighting-module\/#primaryimage\"},\"image\":{\"@id\":\"https:\/\/iotautomation.com.au\/fr\/firefly-led-lighting-module\/#primaryimage\"},\"thumbnailUrl\":\"https:\/\/iotautomation.com.au\/wp-content\/uploads\/2021\/01\/FIREFLY_image.png\",\"datePublished\":\"2017-06-19T07:07:27+00:00\",\"dateModified\":\"2025-02-27T07:30:18+00:00\",\"description\":\"L\u2019ensemble LED adressable multicolore +48VDC de FireFly peut fournir un \u00e9clairage de tunnel rouge, vert, orange, bleu ou blanc selon les besoins.\",\"breadcrumb\":{\"@id\":\"https:\/\/iotautomation.com.au\/fr\/firefly-led-lighting-module\/#breadcrumb\"},\"inLanguage\":\"fr-FR\",\"potentialAction\":[{\"@type\":\"ReadAction\",\"target\":[\"https:\/\/iotautomation.com.au\/fr\/firefly-led-lighting-module\/\"]}]},{\"@type\":\"ImageObject\",\"inLanguage\":\"fr-FR\",\"@id\":\"https:\/\/iotautomation.com.au\/fr\/firefly-led-lighting-module\/#primaryimage\",\"url\":\"https:\/\/iotautomation.com.au\/wp-content\/uploads\/2021\/01\/FIREFLY_image.png\",\"contentUrl\":\"https:\/\/iotautomation.com.au\/wp-content\/uploads\/2021\/01\/FIREFLY_image.png\"},{\"@type\":\"BreadcrumbList\",\"@id\":\"https:\/\/iotautomation.com.au\/fr\/firefly-led-lighting-module\/#breadcrumb\",\"itemListElement\":[{\"@type\":\"ListItem\",\"position\":1,\"name\":\"Home\",\"item\":\"https:\/\/iotautomation.com.au\/fr\/\"},{\"@type\":\"ListItem\",\"position\":2,\"name\":\"FireFly \u00c9clairage LED Module_\"}]},{\"@type\":\"WebSite\",\"@id\":\"https:\/\/iotautomation.com.au\/fr\/#website\",\"url\":\"https:\/\/iotautomation.com.au\/fr\/\",\"name\":\"IoT Automation\",\"description\":\"Pioneering Smart Lighting\",\"publisher\":{\"@id\":\"https:\/\/iotautomation.com.au\/fr\/#organization\"},\"potentialAction\":[{\"@type\":\"SearchAction\",\"target\":{\"@type\":\"EntryPoint\",\"urlTemplate\":\"https:\/\/iotautomation.com.au\/fr\/?s={search_term_string}\"},\"query-input\":{\"@type\":\"PropertyValueSpecification\",\"valueRequired\":true,\"valueName\":\"search_term_string\"}}],\"inLanguage\":\"fr-FR\"},{\"@type\":\"Organization\",\"@id\":\"https:\/\/iotautomation.com.au\/fr\/#organization\",\"name\":\"IoT Automation\",\"url\":\"https:\/\/iotautomation.com.au\/fr\/\",\"logo\":{\"@type\":\"ImageObject\",\"inLanguage\":\"fr-FR\",\"@id\":\"https:\/\/iotautomation.com.au\/fr\/#\/schema\/logo\/image\/\",\"url\":\"https:\/\/iotautomation.com.au\/wp-content\/uploads\/2021\/01\/IoT-logo.png\",\"contentUrl\":\"https:\/\/iotautomation.com.au\/wp-content\/uploads\/2021\/01\/IoT-logo.png\",\"width\":200,\"height\":220,\"caption\":\"IoT Automation\"},\"image\":{\"@id\":\"https:\/\/iotautomation.com.au\/fr\/#\/schema\/logo\/image\/\"},\"sameAs\":[\"https:\/\/www.linkedin.com\/company\/7786783\/admin\/\",\"https:\/\/www.youtube.com\/channel\/UCcOtd-kQGJDlAElF_VOHpLA\"]}]}<\/script>\n<!-- \/ Yoast SEO plugin. -->","yoast_head_json":{"title":"FireFly \u00c9clairage LED Module_ - IoT Automation","description":"L\u2019ensemble LED adressable multicolore +48VDC de FireFly peut fournir un \u00e9clairage de tunnel rouge, vert, orange, bleu ou blanc selon les besoins.","robots":{"index":"index","follow":"follow","max-snippet":"max-snippet:-1","max-image-preview":"max-image-preview:large","max-video-preview":"max-video-preview:-1"},"canonical":"https:\/\/iotautomation.com.au\/fr\/firefly-led-lighting-module\/","og_locale":"fr_FR","og_type":"article","og_title":"FireFly \u00c9clairage LED Module_ - IoT Automation","og_description":"L\u2019ensemble LED adressable multicolore +48VDC de FireFly peut fournir un \u00e9clairage de tunnel rouge, vert, orange, bleu ou blanc selon les besoins.","og_url":"https:\/\/iotautomation.com.au\/fr\/firefly-led-lighting-module\/","og_site_name":"IoT Automation","article_modified_time":"2025-02-27T07:30:18+00:00","og_image":[{"url":"https:\/\/iotautomation.com.au\/wp-content\/uploads\/2021\/01\/FIREFLY_image.png","type":"","width":"","height":""}],"twitter_card":"summary_large_image","twitter_misc":{"Dur\u00e9e de lecture estim\u00e9e":"3 minutes"},"schema":{"@context":"https:\/\/schema.org","@graph":[{"@type":"WebPage","@id":"https:\/\/iotautomation.com.au\/fr\/firefly-led-lighting-module\/","url":"https:\/\/iotautomation.com.au\/fr\/firefly-led-lighting-module\/","name":"FireFly \u00c9clairage LED Module_ - IoT Automation","isPartOf":{"@id":"https:\/\/iotautomation.com.au\/fr\/#website"},"primaryImageOfPage":{"@id":"https:\/\/iotautomation.com.au\/fr\/firefly-led-lighting-module\/#primaryimage"},"image":{"@id":"https:\/\/iotautomation.com.au\/fr\/firefly-led-lighting-module\/#primaryimage"},"thumbnailUrl":"https:\/\/iotautomation.com.au\/wp-content\/uploads\/2021\/01\/FIREFLY_image.png","datePublished":"2017-06-19T07:07:27+00:00","dateModified":"2025-02-27T07:30:18+00:00","description":"L\u2019ensemble LED adressable multicolore +48VDC de FireFly peut fournir un \u00e9clairage de tunnel rouge, vert, orange, bleu ou blanc selon les besoins.","breadcrumb":{"@id":"https:\/\/iotautomation.com.au\/fr\/firefly-led-lighting-module\/#breadcrumb"},"inLanguage":"fr-FR","potentialAction":[{"@type":"ReadAction","target":["https:\/\/iotautomation.com.au\/fr\/firefly-led-lighting-module\/"]}]},{"@type":"ImageObject","inLanguage":"fr-FR","@id":"https:\/\/iotautomation.com.au\/fr\/firefly-led-lighting-module\/#primaryimage","url":"https:\/\/iotautomation.com.au\/wp-content\/uploads\/2021\/01\/FIREFLY_image.png","contentUrl":"https:\/\/iotautomation.com.au\/wp-content\/uploads\/2021\/01\/FIREFLY_image.png"},{"@type":"BreadcrumbList","@id":"https:\/\/iotautomation.com.au\/fr\/firefly-led-lighting-module\/#breadcrumb","itemListElement":[{"@type":"ListItem","position":1,"name":"Home","item":"https:\/\/iotautomation.com.au\/fr\/"},{"@type":"ListItem","position":2,"name":"FireFly \u00c9clairage LED Module_"}]},{"@type":"WebSite","@id":"https:\/\/iotautomation.com.au\/fr\/#website","url":"https:\/\/iotautomation.com.au\/fr\/","name":"IoT Automation","description":"Pioneering Smart Lighting","publisher":{"@id":"https:\/\/iotautomation.com.au\/fr\/#organization"},"potentialAction":[{"@type":"SearchAction","target":{"@type":"EntryPoint","urlTemplate":"https:\/\/iotautomation.com.au\/fr\/?s={search_term_string}"},"query-input":{"@type":"PropertyValueSpecification","valueRequired":true,"valueName":"search_term_string"}}],"inLanguage":"fr-FR"},{"@type":"Organization","@id":"https:\/\/iotautomation.com.au\/fr\/#organization","name":"IoT Automation","url":"https:\/\/iotautomation.com.au\/fr\/","logo":{"@type":"ImageObject","inLanguage":"fr-FR","@id":"https:\/\/iotautomation.com.au\/fr\/#\/schema\/logo\/image\/","url":"https:\/\/iotautomation.com.au\/wp-content\/uploads\/2021\/01\/IoT-logo.png","contentUrl":"https:\/\/iotautomation.com.au\/wp-content\/uploads\/2021\/01\/IoT-logo.png","width":200,"height":220,"caption":"IoT Automation"},"image":{"@id":"https:\/\/iotautomation.com.au\/fr\/#\/schema\/logo\/image\/"},"sameAs":["https:\/\/www.linkedin.com\/company\/7786783\/admin\/","https:\/\/www.youtube.com\/channel\/UCcOtd-kQGJDlAElF_VOHpLA"]}]}},"_links":{"self":[{"href":"https:\/\/iotautomation.com.au\/fr\/wp-json\/wp\/v2\/pages\/7073","targetHints":{"allow":["GET"]}}],"collection":[{"href":"https:\/\/iotautomation.com.au\/fr\/wp-json\/wp\/v2\/pages"}],"about":[{"href":"https:\/\/iotautomation.com.au\/fr\/wp-json\/wp\/v2\/types\/page"}],"author":[{"embeddable":true,"href":"https:\/\/iotautomation.com.au\/fr\/wp-json\/wp\/v2\/users\/1"}],"replies":[{"embeddable":true,"href":"https:\/\/iotautomation.com.au\/fr\/wp-json\/wp\/v2\/comments?post=7073"}],"version-history":[{"count":1,"href":"https:\/\/iotautomation.com.au\/fr\/wp-json\/wp\/v2\/pages\/7073\/revisions"}],"predecessor-version":[{"id":7075,"href":"https:\/\/iotautomation.com.au\/fr\/wp-json\/wp\/v2\/pages\/7073\/revisions\/7075"}],"wp:attachment":[{"href":"https:\/\/iotautomation.com.au\/fr\/wp-json\/wp\/v2\/media?parent=7073"}],"curies":[{"name":"wp","href":"https:\/\/api.w.org\/{rel}","templated":true}]}}