{"id":7052,"date":"2020-12-16T06:27:20","date_gmt":"2020-12-16T06:27:20","guid":{"rendered":"https:\/\/iotautomation-staging.nyg1r0.ap-southeast-2.wpstaqhosting.com\/firefly-smart-lighting-control-software_\/"},"modified":"2025-02-27T07:13:22","modified_gmt":"2025-02-27T07:13:22","slug":"firefly-smart-lighting-control-software_","status":"publish","type":"page","link":"https:\/\/iotautomation.com.au\/fr\/firefly-smart-lighting-control-software_\/","title":{"rendered":"FireFly Smart Lighting Control Software_"},"content":{"rendered":"\t\t<div data-elementor-type=\"wp-page\" data-elementor-id=\"7052\" class=\"elementor elementor-7052 elementor-1778\">\n\t\t\t\t\t\t<section class=\"elementor-section elementor-top-section elementor-element elementor-element-59ebbc26 elementor-section-stretched elementor-section-boxed elementor-section-height-default elementor-section-height-default\" data-id=\"59ebbc26\" data-element_type=\"section\" data-settings=\"{&quot;stretch_section&quot;:&quot;section-stretched&quot;,&quot;background_background&quot;:&quot;classic&quot;}\">\n\t\t\t\t\t\t<div class=\"elementor-container elementor-column-gap-no\">\n\t\t\t\t\t<div class=\"elementor-column elementor-col-100 elementor-top-column elementor-element elementor-element-794e42b2\" data-id=\"794e42b2\" data-element_type=\"column\">\n\t\t\t<div class=\"elementor-widget-wrap elementor-element-populated\">\n\t\t\t\t\t\t<section class=\"elementor-section elementor-inner-section elementor-element elementor-element-4f5d13e animated-fast elementor-section-boxed elementor-section-height-default elementor-section-height-default elementor-invisible\" data-id=\"4f5d13e\" data-element_type=\"section\" data-settings=\"{&quot;animation&quot;:&quot;fadeInUp&quot;,&quot;animation_delay&quot;:0}\">\n\t\t\t\t\t\t<div class=\"elementor-container elementor-column-gap-no\">\n\t\t\t\t\t<div class=\"elementor-column elementor-col-100 elementor-inner-column elementor-element elementor-element-202ddb29\" data-id=\"202ddb29\" data-element_type=\"column\">\n\t\t\t<div class=\"elementor-widget-wrap elementor-element-populated\">\n\t\t\t\t\t\t<div class=\"elementor-element elementor-element-61ff95a4 elementor-widget elementor-widget-text-editor\" data-id=\"61ff95a4\" data-element_type=\"widget\" data-widget_type=\"text-editor.default\">\n\t\t\t\t<div class=\"elementor-widget-container\">\n\t\t\t<style>\/*! elementor - v3.23.0 - 05-08-2024 *\/\n.elementor-widget-text-editor.elementor-drop-cap-view-stacked .elementor-drop-cap{background-color:#69727d;color:#fff}.elementor-widget-text-editor.elementor-drop-cap-view-framed .elementor-drop-cap{color:#69727d;border:3px solid;background-color:transparent}.elementor-widget-text-editor:not(.elementor-drop-cap-view-default) .elementor-drop-cap{margin-top:8px}.elementor-widget-text-editor:not(.elementor-drop-cap-view-default) .elementor-drop-cap-letter{width:1em;height:1em}.elementor-widget-text-editor .elementor-drop-cap{float:left;text-align:center;line-height:1;font-size:50px}.elementor-widget-text-editor .elementor-drop-cap-letter{display:inline-block}<\/style>\t\t\t\t<p>Le syst\u00e8me d\u2019\u00e9clairage intelligent souterrain FireFly est mis en r\u00e9seau avec le serveur de contr\u00f4le de l\u2019\u00e9clairage intelligent FireFly qui coordonne de mani\u00e8re centralis\u00e9e les panneaux de contr\u00f4le de l\u2019onduleur FireFly situ\u00e9s sous terre. Ces panneaux de commande FireFly UPS g\u00e8rent les lumi\u00e8res en fournissant une alimentation et des communications sur batterie de secours aux modules d\u2019\u00e9clairage LED FireFly. <\/p><p>Les panneaux de contr\u00f4le FireFly UPS peuvent fonctionner comme une cellule d\u2019\u00e9clairage autonome ou ils peuvent \u00eatre connect\u00e9s au serveur de contr\u00f4le central pour former un r\u00e9seau d\u2019\u00e9clairage intelligent \u00e0 l\u2019\u00e9chelle du site.<\/p><p>Le serveur de contr\u00f4le d\u2019\u00e9clairage intelligent FireFly peut \u00eatre configur\u00e9 sur site en tant qu\u2019installation de serveur physique ou virtuel.<\/p>\t\t\t\t\t\t<\/div>\n\t\t\t\t<\/div>\n\t\t\t\t\t<\/div>\n\t\t<\/div>\n\t\t\t\t\t<\/div>\n\t\t<\/section>\n\t\t\t\t<section class=\"elementor-section elementor-inner-section elementor-element elementor-element-2c0469e7 animated-fast elementor-section-content-middle elementor-section-boxed elementor-section-height-default elementor-section-height-default elementor-invisible\" data-id=\"2c0469e7\" data-element_type=\"section\" data-settings=\"{&quot;animation&quot;:&quot;fadeInUp&quot;,&quot;animation_delay&quot;:0}\">\n\t\t\t\t\t\t<div class=\"elementor-container elementor-column-gap-no\">\n\t\t\t\t\t<div class=\"elementor-column elementor-col-100 elementor-inner-column elementor-element elementor-element-791d07d1\" data-id=\"791d07d1\" data-element_type=\"column\">\n\t\t\t<div class=\"elementor-widget-wrap elementor-element-populated\">\n\t\t\t\t\t\t<div class=\"elementor-element elementor-element-3745f69e elementor-widget elementor-widget-image\" data-id=\"3745f69e\" data-element_type=\"widget\" data-widget_type=\"image.default\">\n\t\t\t\t<div class=\"elementor-widget-container\">\n\t\t\t<style>\/*! elementor - v3.23.0 - 05-08-2024 *\/\n.elementor-widget-image{text-align:center}.elementor-widget-image a{display:inline-block}.elementor-widget-image a img[src$=\".svg\"]{width:48px}.elementor-widget-image img{vertical-align:middle;display:inline-block}<\/style>\t\t\t\t\t\t\t\t\t\t<img fetchpriority=\"high\" decoding=\"async\" width=\"1755\" height=\"1268\" src=\"https:\/\/iotautomation.com.au\/wp-content\/uploads\/2021\/01\/firefly-smart-system-ad.png\" class=\"attachment-full size-full wp-image-2350\" alt=\"\" srcset=\"https:\/\/iotautomation.com.au\/wp-content\/uploads\/2021\/01\/firefly-smart-system-ad.png 1755w, https:\/\/iotautomation.com.au\/wp-content\/uploads\/2021\/01\/firefly-smart-system-ad-300x217.png 300w, https:\/\/iotautomation.com.au\/wp-content\/uploads\/2021\/01\/firefly-smart-system-ad-1024x740.png 1024w, https:\/\/iotautomation.com.au\/wp-content\/uploads\/2021\/01\/firefly-smart-system-ad-768x555.png 768w, https:\/\/iotautomation.com.au\/wp-content\/uploads\/2021\/01\/firefly-smart-system-ad-1536x1110.png 1536w\" sizes=\"(max-width: 1755px) 100vw, 1755px\" \/>\t\t\t\t\t\t\t\t\t\t\t\t\t<\/div>\n\t\t\t\t<\/div>\n\t\t\t\t\t<\/div>\n\t\t<\/div>\n\t\t\t\t\t<\/div>\n\t\t<\/section>\n\t\t\t\t<section class=\"elementor-section elementor-inner-section elementor-element elementor-element-460fdb9b animated-fast elementor-section-content-middle elementor-section-boxed elementor-section-height-default elementor-section-height-default elementor-invisible\" data-id=\"460fdb9b\" data-element_type=\"section\" data-settings=\"{&quot;animation&quot;:&quot;fadeInUp&quot;,&quot;animation_delay&quot;:0}\">\n\t\t\t\t\t\t<div class=\"elementor-container elementor-column-gap-no\">\n\t\t\t\t\t<div class=\"elementor-column elementor-col-100 elementor-inner-column elementor-element elementor-element-28c649a9\" data-id=\"28c649a9\" data-element_type=\"column\">\n\t\t\t<div class=\"elementor-widget-wrap elementor-element-populated\">\n\t\t\t\t\t\t<div class=\"elementor-element elementor-element-ede6093 elementor-widget elementor-widget-heading\" data-id=\"ede6093\" data-element_type=\"widget\" data-widget_type=\"heading.default\">\n\t\t\t\t<div class=\"elementor-widget-container\">\n\t\t\t<style>\/*! elementor - v3.23.0 - 05-08-2024 *\/\n.elementor-heading-title{padding:0;margin:0;line-height:1}.elementor-widget-heading .elementor-heading-title[class*=elementor-size-]>a{color:inherit;font-size:inherit;line-height:inherit}.elementor-widget-heading .elementor-heading-title.elementor-size-small{font-size:15px}.elementor-widget-heading .elementor-heading-title.elementor-size-medium{font-size:19px}.elementor-widget-heading .elementor-heading-title.elementor-size-large{font-size:29px}.elementor-widget-heading .elementor-heading-title.elementor-size-xl{font-size:39px}.elementor-widget-heading .elementor-heading-title.elementor-size-xxl{font-size:59px}<\/style><h5 class=\"elementor-heading-title elementor-size-default\">Logiciel pour prendre en charge une application Web fiable et polyvalente<\/h5>\t\t<\/div>\n\t\t\t\t<\/div>\n\t\t\t\t<div class=\"elementor-element elementor-element-680fd52 elementor-widget elementor-widget-text-editor\" data-id=\"680fd52\" data-element_type=\"widget\" data-widget_type=\"text-editor.default\">\n\t\t\t\t<div class=\"elementor-widget-container\">\n\t\t\t\t\t\t\t<p>L\u2019application Web d\u2019\u00e9clairage intelligent de FireFly est dot\u00e9e d\u2019une interface intuitive qui permet aux utilisateurs de surveiller et de contr\u00f4ler de mani\u00e8re fiable l\u2019ensemble du r\u00e9seau d\u2019\u00e9clairage. L\u2019application prend en charge l\u2019installation et la configuration faciles de tous les appareils FireFly. Plus important encore, l\u2019interface fournit une solution de gestion bas\u00e9e sur une carte qui peut d\u00e9clencher des \u00e9v\u00e9nements d\u2019urgence et d\u2019\u00e9vacuation \u00e0 l\u2019\u00e9chelle d\u2019une zone, d\u2019un niveau ou d\u2019une mine.  <\/p><p>Diff\u00e9rents profils de connexion peuvent \u00eatre configur\u00e9s et autoris\u00e9s \u00e0 acc\u00e9der aux fonctions critiques du syst\u00e8me si n\u00e9cessaire. Le logiciel peut r\u00e9pondre aux besoins suivants dans diff\u00e9rents d\u00e9partements : <\/p>\t\t\t\t\t\t<\/div>\n\t\t\t\t<\/div>\n\t\t\t\t<div class=\"elementor-element elementor-element-7e3a2b35 elementor-widget elementor-widget-heading\" data-id=\"7e3a2b35\" data-element_type=\"widget\" data-widget_type=\"heading.default\">\n\t\t\t\t<div class=\"elementor-widget-container\">\n\t\t\t<h5 class=\"elementor-heading-title elementor-size-default\">G\u00e9oscience<\/h5>\t\t<\/div>\n\t\t\t\t<\/div>\n\t\t\t\t<div class=\"elementor-element elementor-element-5b9917b7 elementor-widget elementor-widget-text-editor\" data-id=\"5b9917b7\" data-element_type=\"widget\" data-widget_type=\"text-editor.default\">\n\t\t\t\t<div class=\"elementor-widget-container\">\n\t\t\t\t\t\t\t<ul>\n<li>Cr\u00e9er et mettre \u00e0 jour des zones d\u2019exclusion sismique, au fur et \u00e0 mesure de l\u2019avancement du front de la grotte (ou au besoin)<\/li>\n<li>Initier des \u00e9v\u00e9nements sismiques<\/li>\n<li>T\u00e9l\u00e9charger et calibrer les plans de niveau de mine<\/li>\n<li>Cr\u00e9er une connexion Bluetooth entre un instrument g\u00e9otechnique et une lampe FireFly<\/li>\n<\/ul>\t\t\t\t\t\t<\/div>\n\t\t\t\t<\/div>\n\t\t\t\t<div class=\"elementor-element elementor-element-d0951f3 elementor-widget elementor-widget-heading\" data-id=\"d0951f3\" data-element_type=\"widget\" data-widget_type=\"heading.default\">\n\t\t\t\t<div class=\"elementor-widget-container\">\n\t\t\t<h5 class=\"elementor-heading-title elementor-size-default\">Ing\u00e9nierie<\/h5>\t\t<\/div>\n\t\t\t\t<\/div>\n\t\t\t\t<div class=\"elementor-element elementor-element-c78875e elementor-widget elementor-widget-text-editor\" data-id=\"c78875e\" data-element_type=\"widget\" data-widget_type=\"text-editor.default\">\n\t\t\t\t<div class=\"elementor-widget-container\">\n\t\t\t\t\t\t\t<ul><li>Cr\u00e9er et mettre \u00e0 jour des zones d\u2019exclusion de la fracturation hydraulique<\/li><\/ul>\t\t\t\t\t\t<\/div>\n\t\t\t\t<\/div>\n\t\t\t\t<div class=\"elementor-element elementor-element-3e3f8a7 elementor-widget elementor-widget-heading\" data-id=\"3e3f8a7\" data-element_type=\"widget\" data-widget_type=\"heading.default\">\n\t\t\t\t<div class=\"elementor-widget-container\">\n\t\t\t<h5 class=\"elementor-heading-title elementor-size-default\">Minier<\/h5>\t\t<\/div>\n\t\t\t\t<\/div>\n\t\t\t\t<div class=\"elementor-element elementor-element-9c6f3ae elementor-widget elementor-widget-text-editor\" data-id=\"9c6f3ae\" data-element_type=\"widget\" data-widget_type=\"text-editor.default\">\n\t\t\t\t<div class=\"elementor-widget-container\">\n\t\t\t\t\t\t\t<ul><li>Cr\u00e9er et mettre \u00e0 jour des zones d\u2019exclusion li\u00e9es au minage<\/li><\/ul>\t\t\t\t\t\t<\/div>\n\t\t\t\t<\/div>\n\t\t\t\t<div class=\"elementor-element elementor-element-d2861eb elementor-widget elementor-widget-heading\" data-id=\"d2861eb\" data-element_type=\"widget\" data-widget_type=\"heading.default\">\n\t\t\t\t<div class=\"elementor-widget-container\">\n\t\t\t<h5 class=\"elementor-heading-title elementor-size-default\">R\u00e9partiteur souterrain et centre de commandement<\/h5>\t\t<\/div>\n\t\t\t\t<\/div>\n\t\t\t\t<div class=\"elementor-element elementor-element-9e08292 elementor-widget elementor-widget-text-editor\" data-id=\"9e08292\" data-element_type=\"widget\" data-widget_type=\"text-editor.default\">\n\t\t\t\t<div class=\"elementor-widget-container\">\n\t\t\t\t\t\t\t<ul><li>D\u00e9clenchez des alarmes d\u2019urgence ou des alarmes sismiques selon les directives<\/li><li>Allumer et \u00e9teindre les lumi\u00e8res sur demande<\/li><li>Changer la couleur des lumi\u00e8res selon la demande<\/li><\/ul>\t\t\t\t\t\t<\/div>\n\t\t\t\t<\/div>\n\t\t\t\t\t<\/div>\n\t\t<\/div>\n\t\t\t\t\t<\/div>\n\t\t<\/section>\n\t\t\t\t\t<\/div>\n\t\t<\/div>\n\t\t\t\t\t<\/div>\n\t\t<\/section>\n\t\t\t\t<\/div>\n\t\t","protected":false},"excerpt":{"rendered":"<p>Le syst\u00e8me d\u2019\u00e9clairage intelligent souterrain FireFly est mis en r\u00e9seau avec le serveur de contr\u00f4le de l\u2019\u00e9clairage intelligent FireFly qui coordonne de mani\u00e8re centralis\u00e9e les panneaux de contr\u00f4le de l\u2019onduleur FireFly situ\u00e9s sous terre. Ces panneaux de commande FireFly UPS g\u00e8rent les lumi\u00e8res en fournissant une alimentation et des communications sur batterie de secours aux &hellip;<\/p>\n<p class=\"read-more\"> <a class=\"\" href=\"https:\/\/iotautomation.com.au\/fr\/firefly-smart-lighting-control-software_\/\"> <span class=\"screen-reader-text\">FireFly Smart Lighting Control Software_<\/span> Lire la suite\u00a0\u00bb<\/a><\/p>\n","protected":false},"author":1,"featured_media":0,"parent":0,"menu_order":0,"comment_status":"closed","ping_status":"closed","template":"","meta":{"site-sidebar-layout":"no-sidebar","site-content-layout":"page-builder","ast-global-header-display":"","ast-main-header-display":"","ast-hfb-above-header-display":"","ast-hfb-below-header-display":"","ast-hfb-mobile-header-display":"","site-post-title":"disabled","ast-breadcrumbs-content":"","ast-featured-img":"disabled","footer-sml-layout":"","theme-transparent-header-meta":"enabled","adv-header-id-meta":"","stick-header-meta":"default","header-above-stick-meta":"","header-main-stick-meta":"","header-below-stick-meta":"","footnotes":""},"class_list":["post-7052","page","type-page","status-publish","hentry"],"acf":[],"yoast_head":"<!-- This site is optimized with the Yoast SEO plugin v26.9 - https:\/\/yoast.com\/product\/yoast-seo-wordpress\/ -->\n<title>FireFly Smart Lighting Control Software_ - IoT Automation<\/title>\n<meta name=\"description\" content=\"Le syst\u00e8me d\u2019\u00e9clairage intelligent souterrain FireFly est mis en r\u00e9seau au serveur de contr\u00f4le de l\u2019\u00e9clairage intelligent FireFly qui coordonne de mani\u00e8re centralis\u00e9e les panneaux de contr\u00f4le de l\u2019onduleur FireFly.\" \/>\n<meta name=\"robots\" content=\"index, follow, max-snippet:-1, max-image-preview:large, max-video-preview:-1\" \/>\n<link rel=\"canonical\" href=\"https:\/\/iotautomation.com.au\/fr\/firefly-smart-lighting-control-software_\/\" \/>\n<meta property=\"og:locale\" content=\"fr_FR\" \/>\n<meta property=\"og:type\" content=\"article\" \/>\n<meta property=\"og:title\" content=\"FireFly Smart Lighting Control Software_ - IoT Automation\" \/>\n<meta property=\"og:description\" content=\"Le syst\u00e8me d\u2019\u00e9clairage intelligent souterrain FireFly est mis en r\u00e9seau au serveur de contr\u00f4le de l\u2019\u00e9clairage intelligent FireFly qui coordonne de mani\u00e8re centralis\u00e9e les panneaux de contr\u00f4le de l\u2019onduleur FireFly.\" \/>\n<meta property=\"og:url\" content=\"https:\/\/iotautomation.com.au\/fr\/firefly-smart-lighting-control-software_\/\" \/>\n<meta property=\"og:site_name\" content=\"IoT Automation\" \/>\n<meta property=\"article:modified_time\" content=\"2025-02-27T07:13:22+00:00\" \/>\n<meta property=\"og:image\" content=\"https:\/\/iotautomation.com.au\/wp-content\/uploads\/2021\/01\/firefly-smart-system-ad.png\" \/>\n<meta name=\"twitter:card\" content=\"summary_large_image\" \/>\n<meta name=\"twitter:label1\" content=\"Dur\u00e9e de lecture estim\u00e9e\" \/>\n\t<meta name=\"twitter:data1\" content=\"2 minutes\" \/>\n<script type=\"application\/ld+json\" class=\"yoast-schema-graph\">{\"@context\":\"https:\/\/schema.org\",\"@graph\":[{\"@type\":\"WebPage\",\"@id\":\"https:\/\/iotautomation.com.au\/fr\/firefly-smart-lighting-control-software_\/\",\"url\":\"https:\/\/iotautomation.com.au\/fr\/firefly-smart-lighting-control-software_\/\",\"name\":\"FireFly Smart Lighting Control Software_ - IoT Automation\",\"isPartOf\":{\"@id\":\"https:\/\/iotautomation.com.au\/fr\/#website\"},\"primaryImageOfPage\":{\"@id\":\"https:\/\/iotautomation.com.au\/fr\/firefly-smart-lighting-control-software_\/#primaryimage\"},\"image\":{\"@id\":\"https:\/\/iotautomation.com.au\/fr\/firefly-smart-lighting-control-software_\/#primaryimage\"},\"thumbnailUrl\":\"https:\/\/iotautomation.com.au\/wp-content\/uploads\/2021\/01\/firefly-smart-system-ad.png\",\"datePublished\":\"2020-12-16T06:27:20+00:00\",\"dateModified\":\"2025-02-27T07:13:22+00:00\",\"description\":\"Le syst\u00e8me d\u2019\u00e9clairage intelligent souterrain FireFly est mis en r\u00e9seau au serveur de contr\u00f4le de l\u2019\u00e9clairage intelligent FireFly qui coordonne de mani\u00e8re centralis\u00e9e les panneaux de contr\u00f4le de l\u2019onduleur FireFly.\",\"breadcrumb\":{\"@id\":\"https:\/\/iotautomation.com.au\/fr\/firefly-smart-lighting-control-software_\/#breadcrumb\"},\"inLanguage\":\"fr-FR\",\"potentialAction\":[{\"@type\":\"ReadAction\",\"target\":[\"https:\/\/iotautomation.com.au\/fr\/firefly-smart-lighting-control-software_\/\"]}]},{\"@type\":\"ImageObject\",\"inLanguage\":\"fr-FR\",\"@id\":\"https:\/\/iotautomation.com.au\/fr\/firefly-smart-lighting-control-software_\/#primaryimage\",\"url\":\"https:\/\/iotautomation.com.au\/wp-content\/uploads\/2021\/01\/firefly-smart-system-ad.png\",\"contentUrl\":\"https:\/\/iotautomation.com.au\/wp-content\/uploads\/2021\/01\/firefly-smart-system-ad.png\"},{\"@type\":\"BreadcrumbList\",\"@id\":\"https:\/\/iotautomation.com.au\/fr\/firefly-smart-lighting-control-software_\/#breadcrumb\",\"itemListElement\":[{\"@type\":\"ListItem\",\"position\":1,\"name\":\"Home\",\"item\":\"https:\/\/iotautomation.com.au\/fr\/\"},{\"@type\":\"ListItem\",\"position\":2,\"name\":\"FireFly Smart Lighting Control Software_\"}]},{\"@type\":\"WebSite\",\"@id\":\"https:\/\/iotautomation.com.au\/fr\/#website\",\"url\":\"https:\/\/iotautomation.com.au\/fr\/\",\"name\":\"IoT Automation\",\"description\":\"Pioneering Smart Lighting\",\"publisher\":{\"@id\":\"https:\/\/iotautomation.com.au\/fr\/#organization\"},\"potentialAction\":[{\"@type\":\"SearchAction\",\"target\":{\"@type\":\"EntryPoint\",\"urlTemplate\":\"https:\/\/iotautomation.com.au\/fr\/?s={search_term_string}\"},\"query-input\":{\"@type\":\"PropertyValueSpecification\",\"valueRequired\":true,\"valueName\":\"search_term_string\"}}],\"inLanguage\":\"fr-FR\"},{\"@type\":\"Organization\",\"@id\":\"https:\/\/iotautomation.com.au\/fr\/#organization\",\"name\":\"IoT Automation\",\"url\":\"https:\/\/iotautomation.com.au\/fr\/\",\"logo\":{\"@type\":\"ImageObject\",\"inLanguage\":\"fr-FR\",\"@id\":\"https:\/\/iotautomation.com.au\/fr\/#\/schema\/logo\/image\/\",\"url\":\"https:\/\/iotautomation.com.au\/wp-content\/uploads\/2021\/01\/IoT-logo.png\",\"contentUrl\":\"https:\/\/iotautomation.com.au\/wp-content\/uploads\/2021\/01\/IoT-logo.png\",\"width\":200,\"height\":220,\"caption\":\"IoT Automation\"},\"image\":{\"@id\":\"https:\/\/iotautomation.com.au\/fr\/#\/schema\/logo\/image\/\"},\"sameAs\":[\"https:\/\/www.linkedin.com\/company\/7786783\/admin\/\",\"https:\/\/www.youtube.com\/channel\/UCcOtd-kQGJDlAElF_VOHpLA\"]}]}<\/script>\n<!-- \/ Yoast SEO plugin. -->","yoast_head_json":{"title":"FireFly Smart Lighting Control Software_ - IoT Automation","description":"Le syst\u00e8me d\u2019\u00e9clairage intelligent souterrain FireFly est mis en r\u00e9seau au serveur de contr\u00f4le de l\u2019\u00e9clairage intelligent FireFly qui coordonne de mani\u00e8re centralis\u00e9e les panneaux de contr\u00f4le de l\u2019onduleur FireFly.","robots":{"index":"index","follow":"follow","max-snippet":"max-snippet:-1","max-image-preview":"max-image-preview:large","max-video-preview":"max-video-preview:-1"},"canonical":"https:\/\/iotautomation.com.au\/fr\/firefly-smart-lighting-control-software_\/","og_locale":"fr_FR","og_type":"article","og_title":"FireFly Smart Lighting Control Software_ - IoT Automation","og_description":"Le syst\u00e8me d\u2019\u00e9clairage intelligent souterrain FireFly est mis en r\u00e9seau au serveur de contr\u00f4le de l\u2019\u00e9clairage intelligent FireFly qui coordonne de mani\u00e8re centralis\u00e9e les panneaux de contr\u00f4le de l\u2019onduleur FireFly.","og_url":"https:\/\/iotautomation.com.au\/fr\/firefly-smart-lighting-control-software_\/","og_site_name":"IoT Automation","article_modified_time":"2025-02-27T07:13:22+00:00","og_image":[{"url":"https:\/\/iotautomation.com.au\/wp-content\/uploads\/2021\/01\/firefly-smart-system-ad.png","type":"","width":"","height":""}],"twitter_card":"summary_large_image","twitter_misc":{"Dur\u00e9e de lecture estim\u00e9e":"2 minutes"},"schema":{"@context":"https:\/\/schema.org","@graph":[{"@type":"WebPage","@id":"https:\/\/iotautomation.com.au\/fr\/firefly-smart-lighting-control-software_\/","url":"https:\/\/iotautomation.com.au\/fr\/firefly-smart-lighting-control-software_\/","name":"FireFly Smart Lighting Control Software_ - IoT Automation","isPartOf":{"@id":"https:\/\/iotautomation.com.au\/fr\/#website"},"primaryImageOfPage":{"@id":"https:\/\/iotautomation.com.au\/fr\/firefly-smart-lighting-control-software_\/#primaryimage"},"image":{"@id":"https:\/\/iotautomation.com.au\/fr\/firefly-smart-lighting-control-software_\/#primaryimage"},"thumbnailUrl":"https:\/\/iotautomation.com.au\/wp-content\/uploads\/2021\/01\/firefly-smart-system-ad.png","datePublished":"2020-12-16T06:27:20+00:00","dateModified":"2025-02-27T07:13:22+00:00","description":"Le syst\u00e8me d\u2019\u00e9clairage intelligent souterrain FireFly est mis en r\u00e9seau au serveur de contr\u00f4le de l\u2019\u00e9clairage intelligent FireFly qui coordonne de mani\u00e8re centralis\u00e9e les panneaux de contr\u00f4le de l\u2019onduleur FireFly.","breadcrumb":{"@id":"https:\/\/iotautomation.com.au\/fr\/firefly-smart-lighting-control-software_\/#breadcrumb"},"inLanguage":"fr-FR","potentialAction":[{"@type":"ReadAction","target":["https:\/\/iotautomation.com.au\/fr\/firefly-smart-lighting-control-software_\/"]}]},{"@type":"ImageObject","inLanguage":"fr-FR","@id":"https:\/\/iotautomation.com.au\/fr\/firefly-smart-lighting-control-software_\/#primaryimage","url":"https:\/\/iotautomation.com.au\/wp-content\/uploads\/2021\/01\/firefly-smart-system-ad.png","contentUrl":"https:\/\/iotautomation.com.au\/wp-content\/uploads\/2021\/01\/firefly-smart-system-ad.png"},{"@type":"BreadcrumbList","@id":"https:\/\/iotautomation.com.au\/fr\/firefly-smart-lighting-control-software_\/#breadcrumb","itemListElement":[{"@type":"ListItem","position":1,"name":"Home","item":"https:\/\/iotautomation.com.au\/fr\/"},{"@type":"ListItem","position":2,"name":"FireFly Smart Lighting Control Software_"}]},{"@type":"WebSite","@id":"https:\/\/iotautomation.com.au\/fr\/#website","url":"https:\/\/iotautomation.com.au\/fr\/","name":"IoT Automation","description":"Pioneering Smart Lighting","publisher":{"@id":"https:\/\/iotautomation.com.au\/fr\/#organization"},"potentialAction":[{"@type":"SearchAction","target":{"@type":"EntryPoint","urlTemplate":"https:\/\/iotautomation.com.au\/fr\/?s={search_term_string}"},"query-input":{"@type":"PropertyValueSpecification","valueRequired":true,"valueName":"search_term_string"}}],"inLanguage":"fr-FR"},{"@type":"Organization","@id":"https:\/\/iotautomation.com.au\/fr\/#organization","name":"IoT Automation","url":"https:\/\/iotautomation.com.au\/fr\/","logo":{"@type":"ImageObject","inLanguage":"fr-FR","@id":"https:\/\/iotautomation.com.au\/fr\/#\/schema\/logo\/image\/","url":"https:\/\/iotautomation.com.au\/wp-content\/uploads\/2021\/01\/IoT-logo.png","contentUrl":"https:\/\/iotautomation.com.au\/wp-content\/uploads\/2021\/01\/IoT-logo.png","width":200,"height":220,"caption":"IoT Automation"},"image":{"@id":"https:\/\/iotautomation.com.au\/fr\/#\/schema\/logo\/image\/"},"sameAs":["https:\/\/www.linkedin.com\/company\/7786783\/admin\/","https:\/\/www.youtube.com\/channel\/UCcOtd-kQGJDlAElF_VOHpLA"]}]}},"_links":{"self":[{"href":"https:\/\/iotautomation.com.au\/fr\/wp-json\/wp\/v2\/pages\/7052","targetHints":{"allow":["GET"]}}],"collection":[{"href":"https:\/\/iotautomation.com.au\/fr\/wp-json\/wp\/v2\/pages"}],"about":[{"href":"https:\/\/iotautomation.com.au\/fr\/wp-json\/wp\/v2\/types\/page"}],"author":[{"embeddable":true,"href":"https:\/\/iotautomation.com.au\/fr\/wp-json\/wp\/v2\/users\/1"}],"replies":[{"embeddable":true,"href":"https:\/\/iotautomation.com.au\/fr\/wp-json\/wp\/v2\/comments?post=7052"}],"version-history":[{"count":1,"href":"https:\/\/iotautomation.com.au\/fr\/wp-json\/wp\/v2\/pages\/7052\/revisions"}],"predecessor-version":[{"id":7054,"href":"https:\/\/iotautomation.com.au\/fr\/wp-json\/wp\/v2\/pages\/7052\/revisions\/7054"}],"wp:attachment":[{"href":"https:\/\/iotautomation.com.au\/fr\/wp-json\/wp\/v2\/media?parent=7052"}],"curies":[{"name":"wp","href":"https:\/\/api.w.org\/{rel}","templated":true}]}}