{"id":7035,"date":"2020-12-16T06:33:59","date_gmt":"2020-12-16T06:33:59","guid":{"rendered":"https:\/\/iotautomation-staging.nyg1r0.ap-southeast-2.wpstaqhosting.com\/applications-construction-de-tunnels\/"},"modified":"2025-03-18T04:52:58","modified_gmt":"2025-03-18T04:52:58","slug":"applications-construction-de-tunnels","status":"publish","type":"page","link":"https:\/\/iotautomation.com.au\/fr\/applications-construction-de-tunnels\/","title":{"rendered":"Applications &#8211; Construction de tunnels"},"content":{"rendered":"\t\t<div data-elementor-type=\"wp-page\" data-elementor-id=\"7035\" class=\"elementor elementor-7035 elementor-1788\">\n\t\t\t\t\t\t<section class=\"elementor-section elementor-top-section elementor-element elementor-element-e2434fa elementor-section-height-min-height elementor-section-items-bottom elementor-section-boxed elementor-section-height-default\" data-id=\"e2434fa\" data-element_type=\"section\" data-settings=\"{&quot;background_background&quot;:&quot;classic&quot;}\">\n\t\t\t\t\t\t<div class=\"elementor-container elementor-column-gap-default\">\n\t\t\t\t\t<div class=\"elementor-column elementor-col-100 elementor-top-column elementor-element elementor-element-305c803\" data-id=\"305c803\" data-element_type=\"column\">\n\t\t\t<div class=\"elementor-widget-wrap elementor-element-populated\">\n\t\t\t\t\t\t<div class=\"elementor-element elementor-element-4d154de elementor-widget elementor-widget-heading\" data-id=\"4d154de\" data-element_type=\"widget\" data-widget_type=\"heading.default\">\n\t\t\t\t<div class=\"elementor-widget-container\">\n\t\t\t<style>\/*! elementor - v3.23.0 - 05-08-2024 *\/\n.elementor-heading-title{padding:0;margin:0;line-height:1}.elementor-widget-heading .elementor-heading-title[class*=elementor-size-]>a{color:inherit;font-size:inherit;line-height:inherit}.elementor-widget-heading .elementor-heading-title.elementor-size-small{font-size:15px}.elementor-widget-heading .elementor-heading-title.elementor-size-medium{font-size:19px}.elementor-widget-heading .elementor-heading-title.elementor-size-large{font-size:29px}.elementor-widget-heading .elementor-heading-title.elementor-size-xl{font-size:39px}.elementor-widget-heading .elementor-heading-title.elementor-size-xxl{font-size:59px}<\/style><h2 class=\"elementor-heading-title elementor-size-default\">Applications \u2013 Tunnelage<\/h2>\t\t<\/div>\n\t\t\t\t<\/div>\n\t\t\t\t\t<\/div>\n\t\t<\/div>\n\t\t\t\t\t<\/div>\n\t\t<\/section>\n\t\t\t\t<section class=\"elementor-section elementor-top-section elementor-element elementor-element-2531515d elementor-section-stretched elementor-section-boxed elementor-section-height-default elementor-section-height-default\" data-id=\"2531515d\" data-element_type=\"section\" data-settings=\"{&quot;stretch_section&quot;:&quot;section-stretched&quot;,&quot;background_background&quot;:&quot;classic&quot;}\">\n\t\t\t\t\t\t<div class=\"elementor-container elementor-column-gap-no\">\n\t\t\t\t\t<div class=\"elementor-column elementor-col-100 elementor-top-column elementor-element elementor-element-1a0096f1\" data-id=\"1a0096f1\" data-element_type=\"column\">\n\t\t\t<div class=\"elementor-widget-wrap elementor-element-populated\">\n\t\t\t\t\t\t<section class=\"elementor-section elementor-inner-section elementor-element elementor-element-157a21ba animated-fast elementor-section-boxed elementor-section-height-default elementor-section-height-default elementor-invisible\" data-id=\"157a21ba\" data-element_type=\"section\" data-settings=\"{&quot;animation&quot;:&quot;fadeInUp&quot;,&quot;animation_delay&quot;:0}\">\n\t\t\t\t\t\t<div class=\"elementor-container elementor-column-gap-no\">\n\t\t\t\t\t<div class=\"elementor-column elementor-col-100 elementor-inner-column elementor-element elementor-element-47a8cd6f\" data-id=\"47a8cd6f\" data-element_type=\"column\">\n\t\t\t<div class=\"elementor-widget-wrap elementor-element-populated\">\n\t\t\t\t\t\t<div class=\"elementor-element elementor-element-cf56329 elementor-widget elementor-widget-text-editor\" data-id=\"cf56329\" data-element_type=\"widget\" data-widget_type=\"text-editor.default\">\n\t\t\t\t<div class=\"elementor-widget-container\">\n\t\t\t<style>\/*! elementor - v3.23.0 - 05-08-2024 *\/\n.elementor-widget-text-editor.elementor-drop-cap-view-stacked .elementor-drop-cap{background-color:#69727d;color:#fff}.elementor-widget-text-editor.elementor-drop-cap-view-framed .elementor-drop-cap{color:#69727d;border:3px solid;background-color:transparent}.elementor-widget-text-editor:not(.elementor-drop-cap-view-default) .elementor-drop-cap{margin-top:8px}.elementor-widget-text-editor:not(.elementor-drop-cap-view-default) .elementor-drop-cap-letter{width:1em;height:1em}.elementor-widget-text-editor .elementor-drop-cap{float:left;text-align:center;line-height:1;font-size:50px}.elementor-widget-text-editor .elementor-drop-cap-letter{display:inline-block}<\/style>\t\t\t\t<a class=\"elementor-button-link elementor-button elementor-size-sm fancybox-inline data_link\" role=\"button\" href=\"#pdf-modal\" data-link=\"\/wp-content\/uploads\/2021\/03\/IoT-BRO-TUNNELLING-12P-A4-revised-min2.pdf\" data-title=\"Firefly Smart Lighting System\">\n<span class=\"elementor-button-content-wrapper\">\n<span class=\"elementor-button-text\">T\u00c9L\u00c9CHARGEZ LA BROCHURE<\/span>\n<\/span>\n<\/a>\t\t\t\t\t\t<\/div>\n\t\t\t\t<\/div>\n\t\t\t\t<div class=\"elementor-element elementor-element-561975d5 elementor-widget elementor-widget-text-editor\" data-id=\"561975d5\" data-element_type=\"widget\" data-widget_type=\"text-editor.default\">\n\t\t\t\t<div class=\"elementor-widget-container\">\n\t\t\t\t\t\t\t<p>Le syst\u00e8me d&rsquo;\u00e9clairage LED DragonFly peut \u00eatre utilis\u00e9 pour de nombreuses applications d&rsquo;\u00e9clairage li\u00e9es \u00e0 la s\u00e9curit\u00e9 dans un tunnel souterrain.<\/p>\t\t\t\t\t\t<\/div>\n\t\t\t\t<\/div>\n\t\t\t\t\t<\/div>\n\t\t<\/div>\n\t\t\t\t\t<\/div>\n\t\t<\/section>\n\t\t\t\t<section class=\"elementor-section elementor-inner-section elementor-element elementor-element-64557560 animated-fast elementor-section-content-middle elementor-section-boxed elementor-section-height-default elementor-section-height-default elementor-invisible\" data-id=\"64557560\" data-element_type=\"section\" data-settings=\"{&quot;animation&quot;:&quot;fadeInUp&quot;,&quot;animation_delay&quot;:0}\">\n\t\t\t\t\t\t<div class=\"elementor-container elementor-column-gap-no\">\n\t\t\t\t\t<div class=\"elementor-column elementor-col-100 elementor-inner-column elementor-element elementor-element-40499e44\" data-id=\"40499e44\" data-element_type=\"column\">\n\t\t\t<div class=\"elementor-widget-wrap elementor-element-populated\">\n\t\t\t\t\t\t<div class=\"elementor-element elementor-element-7ad4858e elementor-widget elementor-widget-heading\" data-id=\"7ad4858e\" data-element_type=\"widget\" data-widget_type=\"heading.default\">\n\t\t\t\t<div class=\"elementor-widget-container\">\n\t\t\t<h4 class=\"elementor-heading-title elementor-size-default\">Les principaux avantages du syst\u00e8me d'\u00e9clairage intelligent DragonFly<\/h4>\t\t<\/div>\n\t\t\t\t<\/div>\n\t\t\t\t<div class=\"elementor-element elementor-element-9029b48 elementor-widget elementor-widget-heading\" data-id=\"9029b48\" data-element_type=\"widget\" data-widget_type=\"heading.default\">\n\t\t\t\t<div class=\"elementor-widget-container\">\n\t\t\t<h5 class=\"elementor-heading-title elementor-size-default\">Gestion rapide et efficace des zones :<\/h5>\t\t<\/div>\n\t\t\t\t<\/div>\n\t\t\t\t<div class=\"elementor-element elementor-element-47da373d elementor-widget elementor-widget-text-editor\" data-id=\"47da373d\" data-element_type=\"widget\" data-widget_type=\"text-editor.default\">\n\t\t\t\t<div class=\"elementor-widget-container\">\n\t\t\t\t\t\t\t<ul><li>Le syst\u00e8me d&rsquo;\u00e9clairage intelligent DragonFly permet une gestion rapide et efficace des zones en d\u00e9tectant et en alertant en temps r\u00e9el les situations d&rsquo;urgence \u00e0 haut risque. Il facilite les \u00e9vacuations en cas d&rsquo;incendie ou d&rsquo;urgence et guide les personnes vers des refuges ou des zones s\u00fbres. Le syst\u00e8me am\u00e9liore l&rsquo;\u00e9clairage pour les inspections post\u00e9rieures \u00e0 l&rsquo;\u00e9v\u00e9nement et sensibilise \u00e0 la circulation des v\u00e9hicules. En outre, il prend en charge la transmission de donn\u00e9es provenant de capteurs environnementaux et d&rsquo;instruments g\u00e9otechniques, am\u00e9liorant ainsi la visibilit\u00e9 et la s\u00e9curit\u00e9 globales.   <\/li><\/ul>\t\t\t\t\t\t<\/div>\n\t\t\t\t<\/div>\n\t\t\t\t<div class=\"elementor-element elementor-element-5ede5765 elementor-widget elementor-widget-heading\" data-id=\"5ede5765\" data-element_type=\"widget\" data-widget_type=\"heading.default\">\n\t\t\t\t<div class=\"elementor-widget-container\">\n\t\t\t<h5 class=\"elementor-heading-title elementor-size-default\">Alerte en temps r\u00e9el des zones touch\u00e9es par l'incendie - d\u00e9clenchement d'une \u00e9vacuation imm\u00e9diate en cas d'incendie :<\/h5>\t\t<\/div>\n\t\t\t\t<\/div>\n\t\t\t\t<div class=\"elementor-element elementor-element-450fc127 elementor-widget elementor-widget-text-editor\" data-id=\"450fc127\" data-element_type=\"widget\" data-widget_type=\"text-editor.default\">\n\t\t\t\t<div class=\"elementor-widget-container\">\n\t\t\t\t\t\t\t<ul><li>Le mode de suivi en avant et en arri\u00e8re permet aux cordes DragonFly d&rsquo;assurer une fonction de guidage d&rsquo;\u00e9vacuation. Soit pour sortir d&rsquo;une zone sinistr\u00e9e, soit pour guider les travailleurs vers la chambre de refuge ou le point d&rsquo;\u00e9vacuation le plus proche. <\/li><\/ul>\t\t\t\t\t\t<\/div>\n\t\t\t\t<\/div>\n\t\t\t\t<div class=\"elementor-element elementor-element-112c00d elementor-widget elementor-widget-heading\" data-id=\"112c00d\" data-element_type=\"widget\" data-widget_type=\"heading.default\">\n\t\t\t\t<div class=\"elementor-widget-container\">\n\t\t\t<h5 class=\"elementor-heading-title elementor-size-default\">Un niveau d'alerte suppl\u00e9mentaire lors d'une situation d'urgence :<\/h5>\t\t<\/div>\n\t\t\t\t<\/div>\n\t\t\t\t<div class=\"elementor-element elementor-element-4d35201a elementor-widget elementor-widget-text-editor\" data-id=\"4d35201a\" data-element_type=\"widget\" data-widget_type=\"text-editor.default\">\n\t\t\t\t<div class=\"elementor-widget-container\">\n\t\t\t\t\t\t\t<ul><li>La fonction stroboscopique et clignotante permet au syst\u00e8me DragonFly de sensibiliser en temps r\u00e9el les travailleurs souterrains aux situations d&rsquo;urgence.<\/li><\/ul>\t\t\t\t\t\t<\/div>\n\t\t\t\t<\/div>\n\t\t\t\t<div class=\"elementor-element elementor-element-5a4428ba elementor-widget elementor-widget-heading\" data-id=\"5a4428ba\" data-element_type=\"widget\" data-widget_type=\"heading.default\">\n\t\t\t\t<div class=\"elementor-widget-container\">\n\t\t\t<h5 class=\"elementor-heading-title elementor-size-default\">Contr\u00f4le d'acc\u00e8s, suivi des biens et connaissance de la situation en temps r\u00e9el :<\/h5>\t\t<\/div>\n\t\t\t\t<\/div>\n\t\t\t\t<div class=\"elementor-element elementor-element-1b1a59d1 elementor-widget elementor-widget-text-editor\" data-id=\"1b1a59d1\" data-element_type=\"widget\" data-widget_type=\"text-editor.default\">\n\t\t\t\t<div class=\"elementor-widget-container\">\n\t\t\t\t\t\t\t<ul><li>Les balises Bluetooth sont disponibles dans une large gamme de facteurs de forme, avec plusieurs technologies int\u00e9gr\u00e9es dans la m\u00eame balise.<ul><li>Carte d&rsquo;identification du personnel (dur\u00e9e de vie de la batterie : 2 ans)<ul><li>Bluetooth<\/li><li>Mifare<\/li><li>NFC<\/li><\/ul><\/li><li>\u00c9tiquette de v\u00e9hicule (dur\u00e9e de vie de la batterie : 3 ans)<\/li><\/ul><\/li><\/ul>\t\t\t\t\t\t<\/div>\n\t\t\t\t<\/div>\n\t\t\t\t<div class=\"elementor-element elementor-element-5932236 elementor-widget elementor-widget-text-editor\" data-id=\"5932236\" data-element_type=\"widget\" data-widget_type=\"text-editor.default\">\n\t\t\t\t<div class=\"elementor-widget-container\">\n\t\t\t\t\t\t\t<ul><li>Chaque personne et chaque v\u00e9hicule circulant dans le tunnel peut \u00eatre d\u00e9tect\u00e9 par les lumi\u00e8res DragonFly. Leurs donn\u00e9es de localisation peuvent ensuite \u00eatre affich\u00e9es sur un tableau d&rsquo;affichage virtuel ou envoy\u00e9es \u00e0 un syst\u00e8me de suivi tiers par l&rsquo;interm\u00e9diaire d&rsquo;une API. <\/li><li>Les lumi\u00e8res DragonFly peuvent \u00eatre d\u00e9ploy\u00e9es \u00e0 des endroits cl\u00e9s du r\u00e9seau de tunnels pour fournir un syst\u00e8me de suivi par zone. Les points de contr\u00f4le d&rsquo;acc\u00e8s permettent aux travailleurs d&rsquo;entrer par des tourniquets et de passer par des lecteurs de cartes \u00e0 puce situ\u00e9s dans diff\u00e9rentes zones, y compris les zones de surface et souterraines, les zones de s\u00e9curit\u00e9 et les zones de construction. <\/li><\/ul>\t\t\t\t\t\t<\/div>\n\t\t\t\t<\/div>\n\t\t\t\t<div class=\"elementor-element elementor-element-b54254f elementor-widget elementor-widget-text-editor\" data-id=\"b54254f\" data-element_type=\"widget\" data-widget_type=\"text-editor.default\">\n\t\t\t\t<div class=\"elementor-widget-container\">\n\t\t\t\t\t\t\t<p><strong>La multiplicit\u00e9 des couleurs et des motifs permet des solutions de d\u00e9ploiement flexibles  <\/strong><\/p><p><strong><span class=\"TextRun SCXW202045653 BCX0\" lang=\"EN-AU\" xml:lang=\"EN-AU\" data-contrast=\"auto\"><span class=\"NormalTextRun SCXW202045653 BCX0\">Eas<\/span><span class=\"NormalTextRun SCXW202045653 BCX0\">y<\/span><span class=\"NormalTextRun SCXW202045653 BCX0\"> Installation<\/span><\/span><span class=\"EOP SCXW202045653 BCX0\" data-ccp-props=\"{\"335551550\":6,\"335551620\":6}\"> <\/span><\/strong><\/p><p><strong><span class=\"TextRun SCXW77463270 BCX0\" lang=\"EN-AU\" xml:lang=\"EN-AU\" data-contrast=\"auto\"><span class=\"NormalTextRun SCXW77463270 BCX0\">\u00c9claire<\/span><span class=\"NormalTextRun SCXW77463270 BCX0\"> Longs tunnels<\/span><\/span><span class=\"EOP SCXW77463270 BCX0\" data-ccp-props=\"{\"335551550\":6,\"335551620\":6}\"> <\/span><\/strong><\/p><p><strong><span class=\"TextRun SCXW169509087 BCX0\" lang=\"EN-AU\" xml:lang=\"EN-AU\" data-contrast=\"auto\"><span class=\"NormalTextRun SCXW169509087 BCX0\">Logiciel de gestion des tunnels facile \u00e0 utiliser<\/span><\/span><span class=\"EOP SCXW169509087 BCX0\" data-ccp-props=\"{\"335551550\":6,\"335551620\":6}\"> <\/span><\/strong><\/p>\t\t\t\t\t\t<\/div>\n\t\t\t\t<\/div>\n\t\t\t\t\t<\/div>\n\t\t<\/div>\n\t\t\t\t\t<\/div>\n\t\t<\/section>\n\t\t\t\t\t<\/div>\n\t\t<\/div>\n\t\t\t\t\t<\/div>\n\t\t<\/section>\n\t\t\t\t<\/div>\n\t\t","protected":false},"excerpt":{"rendered":"<p>Applications \u2013 Tunnelage T\u00c9L\u00c9CHARGEZ LA BROCHURE Le syst\u00e8me d&rsquo;\u00e9clairage LED DragonFly peut \u00eatre utilis\u00e9 pour de nombreuses applications d&rsquo;\u00e9clairage li\u00e9es \u00e0 la s\u00e9curit\u00e9 dans un tunnel souterrain. Les principaux avantages du syst\u00e8me d&rsquo;\u00e9clairage intelligent DragonFly Gestion rapide et efficace des zones : Le syst\u00e8me d&rsquo;\u00e9clairage intelligent DragonFly permet une gestion rapide et efficace des zones &hellip;<\/p>\n<p class=\"read-more\"> <a class=\"\" href=\"https:\/\/iotautomation.com.au\/fr\/applications-construction-de-tunnels\/\"> <span class=\"screen-reader-text\">Applications &#8211; Construction de tunnels<\/span> Lire la suite\u00a0\u00bb<\/a><\/p>\n","protected":false},"author":1,"featured_media":0,"parent":0,"menu_order":0,"comment_status":"closed","ping_status":"closed","template":"","meta":{"site-sidebar-layout":"no-sidebar","site-content-layout":"page-builder","ast-global-header-display":"","ast-main-header-display":"","ast-hfb-above-header-display":"","ast-hfb-below-header-display":"","ast-hfb-mobile-header-display":"","site-post-title":"disabled","ast-breadcrumbs-content":"","ast-featured-img":"disabled","footer-sml-layout":"","theme-transparent-header-meta":"enabled","adv-header-id-meta":"","stick-header-meta":"default","header-above-stick-meta":"","header-main-stick-meta":"","header-below-stick-meta":"","footnotes":""},"class_list":["post-7035","page","type-page","status-publish","hentry"],"acf":[],"yoast_head":"<!-- This site is optimized with the Yoast SEO plugin v26.9 - https:\/\/yoast.com\/product\/yoast-seo-wordpress\/ -->\n<title>Applications - Construction de tunnels - IoT Automation<\/title>\n<meta name=\"description\" content=\"DragonFly fournit aux tunnels une connaissance de la situation en temps r\u00e9el, une gestion des zones, un suivi des v\u00e9hicules et du personnel ainsi qu&#039;un \u00e9clairage de secours.\" \/>\n<meta name=\"robots\" content=\"index, follow, max-snippet:-1, max-image-preview:large, max-video-preview:-1\" \/>\n<link rel=\"canonical\" href=\"https:\/\/iotautomation.com.au\/fr\/applications-construction-de-tunnels\/\" \/>\n<meta property=\"og:locale\" content=\"fr_FR\" \/>\n<meta property=\"og:type\" content=\"article\" \/>\n<meta property=\"og:title\" content=\"Applications - Construction de tunnels - IoT Automation\" \/>\n<meta property=\"og:description\" content=\"DragonFly fournit aux tunnels une connaissance de la situation en temps r\u00e9el, une gestion des zones, un suivi des v\u00e9hicules et du personnel ainsi qu&#039;un \u00e9clairage de secours.\" \/>\n<meta property=\"og:url\" content=\"https:\/\/iotautomation.com.au\/fr\/applications-construction-de-tunnels\/\" \/>\n<meta property=\"og:site_name\" content=\"IoT Automation\" \/>\n<meta property=\"article:modified_time\" content=\"2025-03-18T04:52:58+00:00\" \/>\n<meta name=\"twitter:card\" content=\"summary_large_image\" \/>\n<meta name=\"twitter:label1\" content=\"Dur\u00e9e de lecture estim\u00e9e\" \/>\n\t<meta name=\"twitter:data1\" content=\"3 minutes\" \/>\n<script type=\"application\/ld+json\" class=\"yoast-schema-graph\">{\"@context\":\"https:\/\/schema.org\",\"@graph\":[{\"@type\":\"WebPage\",\"@id\":\"https:\/\/iotautomation.com.au\/fr\/applications-construction-de-tunnels\/\",\"url\":\"https:\/\/iotautomation.com.au\/fr\/applications-construction-de-tunnels\/\",\"name\":\"Applications - Construction de tunnels - IoT Automation\",\"isPartOf\":{\"@id\":\"https:\/\/iotautomation.com.au\/fr\/#website\"},\"datePublished\":\"2020-12-16T06:33:59+00:00\",\"dateModified\":\"2025-03-18T04:52:58+00:00\",\"description\":\"DragonFly fournit aux tunnels une connaissance de la situation en temps r\u00e9el, une gestion des zones, un suivi des v\u00e9hicules et du personnel ainsi qu'un \u00e9clairage de secours.\",\"breadcrumb\":{\"@id\":\"https:\/\/iotautomation.com.au\/fr\/applications-construction-de-tunnels\/#breadcrumb\"},\"inLanguage\":\"fr-FR\",\"potentialAction\":[{\"@type\":\"ReadAction\",\"target\":[\"https:\/\/iotautomation.com.au\/fr\/applications-construction-de-tunnels\/\"]}]},{\"@type\":\"BreadcrumbList\",\"@id\":\"https:\/\/iotautomation.com.au\/fr\/applications-construction-de-tunnels\/#breadcrumb\",\"itemListElement\":[{\"@type\":\"ListItem\",\"position\":1,\"name\":\"Home\",\"item\":\"https:\/\/iotautomation.com.au\/fr\/\"},{\"@type\":\"ListItem\",\"position\":2,\"name\":\"Applications &#8211; Construction de tunnels\"}]},{\"@type\":\"WebSite\",\"@id\":\"https:\/\/iotautomation.com.au\/fr\/#website\",\"url\":\"https:\/\/iotautomation.com.au\/fr\/\",\"name\":\"IoT Automation\",\"description\":\"Pioneering Smart Lighting\",\"publisher\":{\"@id\":\"https:\/\/iotautomation.com.au\/fr\/#organization\"},\"potentialAction\":[{\"@type\":\"SearchAction\",\"target\":{\"@type\":\"EntryPoint\",\"urlTemplate\":\"https:\/\/iotautomation.com.au\/fr\/?s={search_term_string}\"},\"query-input\":{\"@type\":\"PropertyValueSpecification\",\"valueRequired\":true,\"valueName\":\"search_term_string\"}}],\"inLanguage\":\"fr-FR\"},{\"@type\":\"Organization\",\"@id\":\"https:\/\/iotautomation.com.au\/fr\/#organization\",\"name\":\"IoT Automation\",\"url\":\"https:\/\/iotautomation.com.au\/fr\/\",\"logo\":{\"@type\":\"ImageObject\",\"inLanguage\":\"fr-FR\",\"@id\":\"https:\/\/iotautomation.com.au\/fr\/#\/schema\/logo\/image\/\",\"url\":\"https:\/\/iotautomation.com.au\/wp-content\/uploads\/2021\/01\/IoT-logo.png\",\"contentUrl\":\"https:\/\/iotautomation.com.au\/wp-content\/uploads\/2021\/01\/IoT-logo.png\",\"width\":200,\"height\":220,\"caption\":\"IoT Automation\"},\"image\":{\"@id\":\"https:\/\/iotautomation.com.au\/fr\/#\/schema\/logo\/image\/\"},\"sameAs\":[\"https:\/\/www.linkedin.com\/company\/7786783\/admin\/\",\"https:\/\/www.youtube.com\/channel\/UCcOtd-kQGJDlAElF_VOHpLA\"]}]}<\/script>\n<!-- \/ Yoast SEO plugin. -->","yoast_head_json":{"title":"Applications - Construction de tunnels - IoT Automation","description":"DragonFly fournit aux tunnels une connaissance de la situation en temps r\u00e9el, une gestion des zones, un suivi des v\u00e9hicules et du personnel ainsi qu'un \u00e9clairage de secours.","robots":{"index":"index","follow":"follow","max-snippet":"max-snippet:-1","max-image-preview":"max-image-preview:large","max-video-preview":"max-video-preview:-1"},"canonical":"https:\/\/iotautomation.com.au\/fr\/applications-construction-de-tunnels\/","og_locale":"fr_FR","og_type":"article","og_title":"Applications - Construction de tunnels - IoT Automation","og_description":"DragonFly fournit aux tunnels une connaissance de la situation en temps r\u00e9el, une gestion des zones, un suivi des v\u00e9hicules et du personnel ainsi qu'un \u00e9clairage de secours.","og_url":"https:\/\/iotautomation.com.au\/fr\/applications-construction-de-tunnels\/","og_site_name":"IoT Automation","article_modified_time":"2025-03-18T04:52:58+00:00","twitter_card":"summary_large_image","twitter_misc":{"Dur\u00e9e de lecture estim\u00e9e":"3 minutes"},"schema":{"@context":"https:\/\/schema.org","@graph":[{"@type":"WebPage","@id":"https:\/\/iotautomation.com.au\/fr\/applications-construction-de-tunnels\/","url":"https:\/\/iotautomation.com.au\/fr\/applications-construction-de-tunnels\/","name":"Applications - Construction de tunnels - IoT Automation","isPartOf":{"@id":"https:\/\/iotautomation.com.au\/fr\/#website"},"datePublished":"2020-12-16T06:33:59+00:00","dateModified":"2025-03-18T04:52:58+00:00","description":"DragonFly fournit aux tunnels une connaissance de la situation en temps r\u00e9el, une gestion des zones, un suivi des v\u00e9hicules et du personnel ainsi qu'un \u00e9clairage de secours.","breadcrumb":{"@id":"https:\/\/iotautomation.com.au\/fr\/applications-construction-de-tunnels\/#breadcrumb"},"inLanguage":"fr-FR","potentialAction":[{"@type":"ReadAction","target":["https:\/\/iotautomation.com.au\/fr\/applications-construction-de-tunnels\/"]}]},{"@type":"BreadcrumbList","@id":"https:\/\/iotautomation.com.au\/fr\/applications-construction-de-tunnels\/#breadcrumb","itemListElement":[{"@type":"ListItem","position":1,"name":"Home","item":"https:\/\/iotautomation.com.au\/fr\/"},{"@type":"ListItem","position":2,"name":"Applications &#8211; Construction de tunnels"}]},{"@type":"WebSite","@id":"https:\/\/iotautomation.com.au\/fr\/#website","url":"https:\/\/iotautomation.com.au\/fr\/","name":"IoT Automation","description":"Pioneering Smart Lighting","publisher":{"@id":"https:\/\/iotautomation.com.au\/fr\/#organization"},"potentialAction":[{"@type":"SearchAction","target":{"@type":"EntryPoint","urlTemplate":"https:\/\/iotautomation.com.au\/fr\/?s={search_term_string}"},"query-input":{"@type":"PropertyValueSpecification","valueRequired":true,"valueName":"search_term_string"}}],"inLanguage":"fr-FR"},{"@type":"Organization","@id":"https:\/\/iotautomation.com.au\/fr\/#organization","name":"IoT Automation","url":"https:\/\/iotautomation.com.au\/fr\/","logo":{"@type":"ImageObject","inLanguage":"fr-FR","@id":"https:\/\/iotautomation.com.au\/fr\/#\/schema\/logo\/image\/","url":"https:\/\/iotautomation.com.au\/wp-content\/uploads\/2021\/01\/IoT-logo.png","contentUrl":"https:\/\/iotautomation.com.au\/wp-content\/uploads\/2021\/01\/IoT-logo.png","width":200,"height":220,"caption":"IoT Automation"},"image":{"@id":"https:\/\/iotautomation.com.au\/fr\/#\/schema\/logo\/image\/"},"sameAs":["https:\/\/www.linkedin.com\/company\/7786783\/admin\/","https:\/\/www.youtube.com\/channel\/UCcOtd-kQGJDlAElF_VOHpLA"]}]}},"_links":{"self":[{"href":"https:\/\/iotautomation.com.au\/fr\/wp-json\/wp\/v2\/pages\/7035","targetHints":{"allow":["GET"]}}],"collection":[{"href":"https:\/\/iotautomation.com.au\/fr\/wp-json\/wp\/v2\/pages"}],"about":[{"href":"https:\/\/iotautomation.com.au\/fr\/wp-json\/wp\/v2\/types\/page"}],"author":[{"embeddable":true,"href":"https:\/\/iotautomation.com.au\/fr\/wp-json\/wp\/v2\/users\/1"}],"replies":[{"embeddable":true,"href":"https:\/\/iotautomation.com.au\/fr\/wp-json\/wp\/v2\/comments?post=7035"}],"version-history":[{"count":5,"href":"https:\/\/iotautomation.com.au\/fr\/wp-json\/wp\/v2\/pages\/7035\/revisions"}],"predecessor-version":[{"id":7704,"href":"https:\/\/iotautomation.com.au\/fr\/wp-json\/wp\/v2\/pages\/7035\/revisions\/7704"}],"wp:attachment":[{"href":"https:\/\/iotautomation.com.au\/fr\/wp-json\/wp\/v2\/media?parent=7035"}],"curies":[{"name":"wp","href":"https:\/\/api.w.org\/{rel}","templated":true}]}}