{"id":7019,"date":"2022-06-16T00:53:27","date_gmt":"2022-06-16T00:53:27","guid":{"rendered":"https:\/\/iotautomation-staging.nyg1r0.ap-southeast-2.wpstaqhosting.com\/applications-diminution-de-la-sensibilisation-au-trafic\/"},"modified":"2025-03-18T05:01:34","modified_gmt":"2025-03-18T05:01:34","slug":"applications-diminution-de-la-sensibilisation-au-trafic","status":"publish","type":"page","link":"https:\/\/iotautomation.com.au\/fr\/applications-diminution-de-la-sensibilisation-au-trafic\/","title":{"rendered":"Applications &#8211; Diminution de la sensibilisation au trafic"},"content":{"rendered":"\t\t<div data-elementor-type=\"wp-page\" data-elementor-id=\"7019\" class=\"elementor elementor-7019 elementor-3927\">\n\t\t\t\t\t\t<section class=\"elementor-section elementor-top-section elementor-element elementor-element-ff1271b elementor-section-height-min-height elementor-section-items-bottom elementor-section-boxed elementor-section-height-default\" data-id=\"ff1271b\" data-element_type=\"section\" data-settings=\"{&quot;background_background&quot;:&quot;classic&quot;}\">\n\t\t\t\t\t\t<div class=\"elementor-container elementor-column-gap-default\">\n\t\t\t\t\t<div class=\"elementor-column elementor-col-100 elementor-top-column elementor-element elementor-element-566a2ed\" data-id=\"566a2ed\" data-element_type=\"column\">\n\t\t\t<div class=\"elementor-widget-wrap elementor-element-populated\">\n\t\t\t\t\t\t<div class=\"elementor-element elementor-element-63fde5e elementor-widget elementor-widget-heading\" data-id=\"63fde5e\" data-element_type=\"widget\" data-widget_type=\"heading.default\">\n\t\t\t\t<div class=\"elementor-widget-container\">\n\t\t\t<style>\/*! elementor - v3.23.0 - 05-08-2024 *\/\n.elementor-heading-title{padding:0;margin:0;line-height:1}.elementor-widget-heading .elementor-heading-title[class*=elementor-size-]>a{color:inherit;font-size:inherit;line-height:inherit}.elementor-widget-heading .elementor-heading-title.elementor-size-small{font-size:15px}.elementor-widget-heading .elementor-heading-title.elementor-size-medium{font-size:19px}.elementor-widget-heading .elementor-heading-title.elementor-size-large{font-size:29px}.elementor-widget-heading .elementor-heading-title.elementor-size-xl{font-size:39px}.elementor-widget-heading .elementor-heading-title.elementor-size-xxl{font-size:59px}<\/style><h2 class=\"elementor-heading-title elementor-size-default\">Applications \u2013 D\u00e9clin de la sensibilisation au trafic<\/h2>\t\t<\/div>\n\t\t\t\t<\/div>\n\t\t\t\t\t<\/div>\n\t\t<\/div>\n\t\t\t\t\t<\/div>\n\t\t<\/section>\n\t\t\t\t<section class=\"elementor-section elementor-top-section elementor-element elementor-element-2531515d elementor-section-stretched elementor-section-boxed elementor-section-height-default elementor-section-height-default\" data-id=\"2531515d\" data-element_type=\"section\" data-settings=\"{&quot;stretch_section&quot;:&quot;section-stretched&quot;,&quot;background_background&quot;:&quot;classic&quot;}\">\n\t\t\t\t\t\t<div class=\"elementor-container elementor-column-gap-no\">\n\t\t\t\t\t<div class=\"elementor-column elementor-col-100 elementor-top-column elementor-element elementor-element-1a0096f1\" data-id=\"1a0096f1\" data-element_type=\"column\">\n\t\t\t<div class=\"elementor-widget-wrap elementor-element-populated\">\n\t\t\t\t\t\t<section class=\"elementor-section elementor-inner-section elementor-element elementor-element-157a21ba animated-fast elementor-section-boxed elementor-section-height-default elementor-section-height-default elementor-invisible\" data-id=\"157a21ba\" data-element_type=\"section\" data-settings=\"{&quot;animation&quot;:&quot;fadeInUp&quot;,&quot;animation_delay&quot;:0}\">\n\t\t\t\t\t\t<div class=\"elementor-container elementor-column-gap-no\">\n\t\t\t\t\t<div class=\"elementor-column elementor-col-100 elementor-inner-column elementor-element elementor-element-47a8cd6f\" data-id=\"47a8cd6f\" data-element_type=\"column\">\n\t\t\t<div class=\"elementor-widget-wrap elementor-element-populated\">\n\t\t\t\t\t\t<div class=\"elementor-element elementor-element-52909cb elementor-widget elementor-widget-video\" data-id=\"52909cb\" data-element_type=\"widget\" data-settings=\"{&quot;youtube_url&quot;:&quot;https:\\\/\\\/www.youtube.com\\\/watch?v=F-mei5bIj_4&quot;,&quot;modestbranding&quot;:&quot;yes&quot;,&quot;video_type&quot;:&quot;youtube&quot;,&quot;controls&quot;:&quot;yes&quot;}\" data-widget_type=\"video.default\">\n\t\t\t\t<div class=\"elementor-widget-container\">\n\t\t\t<style>\/*! elementor - v3.23.0 - 05-08-2024 *\/\n.elementor-widget-video .elementor-widget-container{overflow:hidden;transform:translateZ(0)}.elementor-widget-video .elementor-wrapper{aspect-ratio:var(--video-aspect-ratio)}.elementor-widget-video .elementor-wrapper iframe,.elementor-widget-video .elementor-wrapper video{height:100%;width:100%;display:flex;border:none;background-color:#000}@supports not (aspect-ratio:1\/1){.elementor-widget-video .elementor-wrapper{position:relative;overflow:hidden;height:0;padding-bottom:calc(100% \/ var(--video-aspect-ratio))}.elementor-widget-video .elementor-wrapper iframe,.elementor-widget-video .elementor-wrapper video{position:absolute;top:0;right:0;bottom:0;left:0}}.elementor-widget-video .elementor-open-inline .elementor-custom-embed-image-overlay{position:absolute;top:0;right:0;bottom:0;left:0;background-size:cover;background-position:50%}.elementor-widget-video .elementor-custom-embed-image-overlay{cursor:pointer;text-align:center}.elementor-widget-video .elementor-custom-embed-image-overlay:hover .elementor-custom-embed-play i{opacity:1}.elementor-widget-video .elementor-custom-embed-image-overlay img{display:block;width:100%;aspect-ratio:var(--video-aspect-ratio);-o-object-fit:cover;object-fit:cover;-o-object-position:center center;object-position:center center}@supports not (aspect-ratio:1\/1){.elementor-widget-video .elementor-custom-embed-image-overlay{position:relative;overflow:hidden;height:0;padding-bottom:calc(100% \/ var(--video-aspect-ratio))}.elementor-widget-video .elementor-custom-embed-image-overlay img{position:absolute;top:0;right:0;bottom:0;left:0}}.elementor-widget-video .e-hosted-video .elementor-video{-o-object-fit:cover;object-fit:cover}.e-con-inner>.elementor-widget-video,.e-con>.elementor-widget-video{width:var(--container-widget-width);--flex-grow:var(--container-widget-flex-grow)}<\/style>\t\t<div class=\"elementor-wrapper elementor-open-inline\">\n\t\t\t<div class=\"elementor-video\"><\/div>\t\t<\/div>\n\t\t\t\t<\/div>\n\t\t\t\t<\/div>\n\t\t\t\t\t<\/div>\n\t\t<\/div>\n\t\t\t\t\t<\/div>\n\t\t<\/section>\n\t\t\t\t<section class=\"elementor-section elementor-inner-section elementor-element elementor-element-64557560 animated-fast elementor-section-content-middle elementor-section-boxed elementor-section-height-default elementor-section-height-default elementor-invisible\" data-id=\"64557560\" data-element_type=\"section\" data-settings=\"{&quot;animation&quot;:&quot;fadeInUp&quot;,&quot;animation_delay&quot;:0}\">\n\t\t\t\t\t\t<div class=\"elementor-container elementor-column-gap-no\">\n\t\t\t\t\t<div class=\"elementor-column elementor-col-100 elementor-inner-column elementor-element elementor-element-40499e44\" data-id=\"40499e44\" data-element_type=\"column\">\n\t\t\t<div class=\"elementor-widget-wrap elementor-element-populated\">\n\t\t\t\t\t\t<div class=\"elementor-element elementor-element-9029b48 elementor-widget elementor-widget-heading\" data-id=\"9029b48\" data-element_type=\"widget\" data-widget_type=\"heading.default\">\n\t\t\t\t<div class=\"elementor-widget-container\">\n\t\t\t<h5 class=\"elementor-heading-title elementor-size-default\">Probl\u00e8me<\/h5>\t\t<\/div>\n\t\t\t\t<\/div>\n\t\t\t\t<div class=\"elementor-element elementor-element-47da373d elementor-widget elementor-widget-text-editor\" data-id=\"47da373d\" data-element_type=\"widget\" data-widget_type=\"text-editor.default\">\n\t\t\t\t<div class=\"elementor-widget-container\">\n\t\t\t<style>\/*! elementor - v3.23.0 - 05-08-2024 *\/\n.elementor-widget-text-editor.elementor-drop-cap-view-stacked .elementor-drop-cap{background-color:#69727d;color:#fff}.elementor-widget-text-editor.elementor-drop-cap-view-framed .elementor-drop-cap{color:#69727d;border:3px solid;background-color:transparent}.elementor-widget-text-editor:not(.elementor-drop-cap-view-default) .elementor-drop-cap{margin-top:8px}.elementor-widget-text-editor:not(.elementor-drop-cap-view-default) .elementor-drop-cap-letter{width:1em;height:1em}.elementor-widget-text-editor .elementor-drop-cap{float:left;text-align:center;line-height:1;font-size:50px}.elementor-widget-text-editor .elementor-drop-cap-letter{display:inline-block}<\/style>\t\t\t\t<p>L&rsquo;encombrement des v\u00e9hicules aux portails, aux intersections et le long des pentes est courant dans les mines souterraines modernes et m\u00e9canis\u00e9es, en particulier lorsque la circulation se fait \u00e0 double sens le long d&rsquo;une route \u00e0 sens unique. La congestion a un impact n\u00e9gatif sur les temps de cycle, r\u00e9duisant ainsi la productivit\u00e9 et la rentabilit\u00e9 globales d&rsquo;une mine.<\/p><p>Pour les v\u00e9hicules prioritaires, tels que les camions de transport \u00e0 pleine charge, qui montent et descendent de la mine, il est essentiel d&rsquo;optimiser le trafic le long de l&rsquo;itin\u00e9raire de transport du d\u00e9clin afin de minimiser la congestion des v\u00e9hicules et les retards de cycle.<\/p>\t\t\t\t\t\t<\/div>\n\t\t\t\t<\/div>\n\t\t\t\t<div class=\"elementor-element elementor-element-5ede5765 elementor-widget elementor-widget-heading\" data-id=\"5ede5765\" data-element_type=\"widget\" data-widget_type=\"heading.default\">\n\t\t\t\t<div class=\"elementor-widget-container\">\n\t\t\t<h5 class=\"elementor-heading-title elementor-size-default\">Solution<\/h5>\t\t<\/div>\n\t\t\t\t<\/div>\n\t\t\t\t<div class=\"elementor-element elementor-element-450fc127 elementor-widget elementor-widget-text-editor\" data-id=\"450fc127\" data-element_type=\"widget\" data-widget_type=\"text-editor.default\">\n\t\t\t\t<div class=\"elementor-widget-container\">\n\t\t\t\t\t\t\t<p>Pr\u00e9sentation du syst\u00e8me d&rsquo;\u00e9clairage intelligent FireFly par IoT Automation. FireFly est un syst\u00e8me d&rsquo;\u00e9clairage robuste, adapt\u00e9 aux besoins et intuitif qui peut aider \u00e0 r\u00e9soudre de nombreux probl\u00e8mes dans les mines. L&rsquo;une des applications de la technologie FireFly est de servir de syst\u00e8me de sensibilisation au trafic en d\u00e9clin.<\/p><p>Cette solution simple, rentable, facile \u00e0 d\u00e9ployer et \u00e0 entretenir fournit aux conducteurs de v\u00e9hicules une indication pr\u00e9coce de l&rsquo;arriv\u00e9e de v\u00e9hicules prioritaires ou non praticables\/non r\u00e9versibles le long d&rsquo;une rampe d&rsquo;acc\u00e8s souterraine.<\/p><p>Ce m\u00e9canisme d&rsquo;alerte pr\u00e9coce est enti\u00e8rement personnalisable, ce qui permet de l&rsquo;optimiser en fonction du type de v\u00e9hicule, de sa vitesse et de sa taille. Chaque d\u00e9clin est un peu diff\u00e9rent. Ainsi, la zone d&rsquo;alerte projet\u00e9e est personnalisable \u00e0 100 % afin de correspondre au mieux \u00e0 la mani\u00e8re dont la mine souhaite que le syst\u00e8me fonctionne.<\/p><p>L&rsquo;\u00e9clairage FireFly peut \u00eatre utilis\u00e9 pour cr\u00e9er une \u00ab\u00a0zone de proximit\u00e9\u00a0\u00bb personnalisable autour des v\u00e9hicules lorsqu&rsquo;ils se d\u00e9placent le long d&rsquo;une pente. Cette zone comporte des couleurs et des modes d&rsquo;\u00e9clairage r\u00e9glables, adapt\u00e9s au type, \u00e0 la vitesse, \u00e0 la taille et au niveau de priorit\u00e9 du v\u00e9hicule.<\/p><p>Lorsque deux v\u00e9hicules entrent dans la zone de proximit\u00e9 l&rsquo;un de l&rsquo;autre, les feux deviennent automatiquement rouges, avertissant les conducteurs du trafic entrant et les invitant \u00e0 trouver une zone de d\u00e9passement appropri\u00e9e. Lorsque les deux v\u00e9hicules ne sont plus \u00e0 proximit\u00e9, les feux FireFly reprennent leur couleur d&rsquo;origine.<\/p>\t\t\t\t\t\t<\/div>\n\t\t\t\t<\/div>\n\t\t\t\t<div class=\"elementor-element elementor-element-112c00d elementor-widget elementor-widget-heading\" data-id=\"112c00d\" data-element_type=\"widget\" data-widget_type=\"heading.default\">\n\t\t\t\t<div class=\"elementor-widget-container\">\n\t\t\t<h5 class=\"elementor-heading-title elementor-size-default\">Avantages<\/h5>\t\t<\/div>\n\t\t\t\t<\/div>\n\t\t\t\t<div class=\"elementor-element elementor-element-4d35201a elementor-widget elementor-widget-text-editor\" data-id=\"4d35201a\" data-element_type=\"widget\" data-widget_type=\"text-editor.default\">\n\t\t\t\t<div class=\"elementor-widget-container\">\n\t\t\t\t\t\t\t<p>L&rsquo;indication d&rsquo;alerte pr\u00e9coce permet aux conducteurs de v\u00e9hicules de disposer de plus de temps et d&rsquo;avoir une meilleure connaissance de la situation en temps r\u00e9el. Forts de ces connaissances, les conducteurs de v\u00e9hicules peuvent alors prendre des d\u00e9cisions plus intelligentes et plus opportunes pour d\u00e9gager la voie principale afin que les camions de transport prioritaires puissent passer sans encombre.<\/p><ul><li>Am\u00e9liore la fluidit\u00e9 du trafic souterrain sans qu&rsquo;il soit n\u00e9cessaire d&rsquo;investir dans des syst\u00e8mes co\u00fbteux et complexes.<\/li><li>Diffuse des informations sur le trafic en temps r\u00e9el aux conducteurs de v\u00e9hicules sur le d\u00e9clin ainsi qu&rsquo;\u00e0 ceux qui se trouvent dans la salle de contr\u00f4le.<\/li><li>Am\u00e9liorer la s\u00e9curit\u00e9 des mines et l&rsquo;efficacit\u00e9 des interventions en cas d&rsquo;incident, et<\/li><li>Minimise les retards dans les cycles de transport, am\u00e9liorant ainsi la productivit\u00e9 et la rentabilit\u00e9 de la flotte de transport.<\/li><\/ul>\t\t\t\t\t\t<\/div>\n\t\t\t\t<\/div>\n\t\t\t\t\t<\/div>\n\t\t<\/div>\n\t\t\t\t\t<\/div>\n\t\t<\/section>\n\t\t\t\t\t<\/div>\n\t\t<\/div>\n\t\t\t\t\t<\/div>\n\t\t<\/section>\n\t\t\t\t<\/div>\n\t\t","protected":false},"excerpt":{"rendered":"<p>Applications \u2013 D\u00e9clin de la sensibilisation au trafic Probl\u00e8me L&rsquo;encombrement des v\u00e9hicules aux portails, aux intersections et le long des pentes est courant dans les mines souterraines modernes et m\u00e9canis\u00e9es, en particulier lorsque la circulation se fait \u00e0 double sens le long d&rsquo;une route \u00e0 sens unique. La congestion a un impact n\u00e9gatif sur les &hellip;<\/p>\n<p class=\"read-more\"> <a class=\"\" href=\"https:\/\/iotautomation.com.au\/fr\/applications-diminution-de-la-sensibilisation-au-trafic\/\"> <span class=\"screen-reader-text\">Applications &#8211; Diminution de la sensibilisation au trafic<\/span> Lire la suite\u00a0\u00bb<\/a><\/p>\n","protected":false},"author":1,"featured_media":0,"parent":0,"menu_order":0,"comment_status":"closed","ping_status":"closed","template":"","meta":{"site-sidebar-layout":"no-sidebar","site-content-layout":"page-builder","ast-global-header-display":"","ast-main-header-display":"","ast-hfb-above-header-display":"","ast-hfb-below-header-display":"","ast-hfb-mobile-header-display":"","site-post-title":"disabled","ast-breadcrumbs-content":"","ast-featured-img":"disabled","footer-sml-layout":"","theme-transparent-header-meta":"enabled","adv-header-id-meta":"","stick-header-meta":"default","header-above-stick-meta":"","header-main-stick-meta":"","header-below-stick-meta":"","footnotes":""},"class_list":["post-7019","page","type-page","status-publish","hentry"],"acf":[],"yoast_head":"<!-- This site is optimized with the Yoast SEO plugin v26.9 - https:\/\/yoast.com\/product\/yoast-seo-wordpress\/ -->\n<title>Applications - Diminution de la sensibilisation au trafic - IoT Automation<\/title>\n<meta name=\"description\" content=\"L&#039;\u00e9clairage FireFly permet aux conducteurs de v\u00e9hicules d&#039;indiquer rapidement l&#039;arriv\u00e9e de v\u00e9hicules prioritaires dans une rampe souterraine.\" \/>\n<meta name=\"robots\" content=\"index, follow, max-snippet:-1, max-image-preview:large, max-video-preview:-1\" \/>\n<link rel=\"canonical\" href=\"https:\/\/iotautomation.com.au\/fr\/applications-diminution-de-la-sensibilisation-au-trafic\/\" \/>\n<meta property=\"og:locale\" content=\"fr_FR\" \/>\n<meta property=\"og:type\" content=\"article\" \/>\n<meta property=\"og:title\" content=\"Applications - Diminution de la sensibilisation au trafic - IoT Automation\" \/>\n<meta property=\"og:description\" content=\"L&#039;\u00e9clairage FireFly permet aux conducteurs de v\u00e9hicules d&#039;indiquer rapidement l&#039;arriv\u00e9e de v\u00e9hicules prioritaires dans une rampe souterraine.\" \/>\n<meta property=\"og:url\" content=\"https:\/\/iotautomation.com.au\/fr\/applications-diminution-de-la-sensibilisation-au-trafic\/\" \/>\n<meta property=\"og:site_name\" content=\"IoT Automation\" \/>\n<meta property=\"article:modified_time\" content=\"2025-03-18T05:01:34+00:00\" \/>\n<meta name=\"twitter:card\" content=\"summary_large_image\" \/>\n<meta name=\"twitter:label1\" content=\"Dur\u00e9e de lecture estim\u00e9e\" \/>\n\t<meta name=\"twitter:data1\" content=\"3 minutes\" \/>\n<script type=\"application\/ld+json\" class=\"yoast-schema-graph\">{\"@context\":\"https:\/\/schema.org\",\"@graph\":[{\"@type\":\"WebPage\",\"@id\":\"https:\/\/iotautomation.com.au\/fr\/applications-diminution-de-la-sensibilisation-au-trafic\/\",\"url\":\"https:\/\/iotautomation.com.au\/fr\/applications-diminution-de-la-sensibilisation-au-trafic\/\",\"name\":\"Applications - Diminution de la sensibilisation au trafic - IoT Automation\",\"isPartOf\":{\"@id\":\"https:\/\/iotautomation.com.au\/fr\/#website\"},\"datePublished\":\"2022-06-16T00:53:27+00:00\",\"dateModified\":\"2025-03-18T05:01:34+00:00\",\"description\":\"L'\u00e9clairage FireFly permet aux conducteurs de v\u00e9hicules d'indiquer rapidement l'arriv\u00e9e de v\u00e9hicules prioritaires dans une rampe souterraine.\",\"breadcrumb\":{\"@id\":\"https:\/\/iotautomation.com.au\/fr\/applications-diminution-de-la-sensibilisation-au-trafic\/#breadcrumb\"},\"inLanguage\":\"fr-FR\",\"potentialAction\":[{\"@type\":\"ReadAction\",\"target\":[\"https:\/\/iotautomation.com.au\/fr\/applications-diminution-de-la-sensibilisation-au-trafic\/\"]}]},{\"@type\":\"BreadcrumbList\",\"@id\":\"https:\/\/iotautomation.com.au\/fr\/applications-diminution-de-la-sensibilisation-au-trafic\/#breadcrumb\",\"itemListElement\":[{\"@type\":\"ListItem\",\"position\":1,\"name\":\"Home\",\"item\":\"https:\/\/iotautomation.com.au\/fr\/\"},{\"@type\":\"ListItem\",\"position\":2,\"name\":\"Applications &#8211; Diminution de la sensibilisation au trafic\"}]},{\"@type\":\"WebSite\",\"@id\":\"https:\/\/iotautomation.com.au\/fr\/#website\",\"url\":\"https:\/\/iotautomation.com.au\/fr\/\",\"name\":\"IoT Automation\",\"description\":\"Pioneering Smart Lighting\",\"publisher\":{\"@id\":\"https:\/\/iotautomation.com.au\/fr\/#organization\"},\"potentialAction\":[{\"@type\":\"SearchAction\",\"target\":{\"@type\":\"EntryPoint\",\"urlTemplate\":\"https:\/\/iotautomation.com.au\/fr\/?s={search_term_string}\"},\"query-input\":{\"@type\":\"PropertyValueSpecification\",\"valueRequired\":true,\"valueName\":\"search_term_string\"}}],\"inLanguage\":\"fr-FR\"},{\"@type\":\"Organization\",\"@id\":\"https:\/\/iotautomation.com.au\/fr\/#organization\",\"name\":\"IoT Automation\",\"url\":\"https:\/\/iotautomation.com.au\/fr\/\",\"logo\":{\"@type\":\"ImageObject\",\"inLanguage\":\"fr-FR\",\"@id\":\"https:\/\/iotautomation.com.au\/fr\/#\/schema\/logo\/image\/\",\"url\":\"https:\/\/iotautomation.com.au\/wp-content\/uploads\/2021\/01\/IoT-logo.png\",\"contentUrl\":\"https:\/\/iotautomation.com.au\/wp-content\/uploads\/2021\/01\/IoT-logo.png\",\"width\":200,\"height\":220,\"caption\":\"IoT Automation\"},\"image\":{\"@id\":\"https:\/\/iotautomation.com.au\/fr\/#\/schema\/logo\/image\/\"},\"sameAs\":[\"https:\/\/www.linkedin.com\/company\/7786783\/admin\/\",\"https:\/\/www.youtube.com\/channel\/UCcOtd-kQGJDlAElF_VOHpLA\"]}]}<\/script>\n<!-- \/ Yoast SEO plugin. -->","yoast_head_json":{"title":"Applications - Diminution de la sensibilisation au trafic - IoT Automation","description":"L'\u00e9clairage FireFly permet aux conducteurs de v\u00e9hicules d'indiquer rapidement l'arriv\u00e9e de v\u00e9hicules prioritaires dans une rampe souterraine.","robots":{"index":"index","follow":"follow","max-snippet":"max-snippet:-1","max-image-preview":"max-image-preview:large","max-video-preview":"max-video-preview:-1"},"canonical":"https:\/\/iotautomation.com.au\/fr\/applications-diminution-de-la-sensibilisation-au-trafic\/","og_locale":"fr_FR","og_type":"article","og_title":"Applications - Diminution de la sensibilisation au trafic - IoT Automation","og_description":"L'\u00e9clairage FireFly permet aux conducteurs de v\u00e9hicules d'indiquer rapidement l'arriv\u00e9e de v\u00e9hicules prioritaires dans une rampe souterraine.","og_url":"https:\/\/iotautomation.com.au\/fr\/applications-diminution-de-la-sensibilisation-au-trafic\/","og_site_name":"IoT Automation","article_modified_time":"2025-03-18T05:01:34+00:00","twitter_card":"summary_large_image","twitter_misc":{"Dur\u00e9e de lecture estim\u00e9e":"3 minutes"},"schema":{"@context":"https:\/\/schema.org","@graph":[{"@type":"WebPage","@id":"https:\/\/iotautomation.com.au\/fr\/applications-diminution-de-la-sensibilisation-au-trafic\/","url":"https:\/\/iotautomation.com.au\/fr\/applications-diminution-de-la-sensibilisation-au-trafic\/","name":"Applications - Diminution de la sensibilisation au trafic - IoT Automation","isPartOf":{"@id":"https:\/\/iotautomation.com.au\/fr\/#website"},"datePublished":"2022-06-16T00:53:27+00:00","dateModified":"2025-03-18T05:01:34+00:00","description":"L'\u00e9clairage FireFly permet aux conducteurs de v\u00e9hicules d'indiquer rapidement l'arriv\u00e9e de v\u00e9hicules prioritaires dans une rampe souterraine.","breadcrumb":{"@id":"https:\/\/iotautomation.com.au\/fr\/applications-diminution-de-la-sensibilisation-au-trafic\/#breadcrumb"},"inLanguage":"fr-FR","potentialAction":[{"@type":"ReadAction","target":["https:\/\/iotautomation.com.au\/fr\/applications-diminution-de-la-sensibilisation-au-trafic\/"]}]},{"@type":"BreadcrumbList","@id":"https:\/\/iotautomation.com.au\/fr\/applications-diminution-de-la-sensibilisation-au-trafic\/#breadcrumb","itemListElement":[{"@type":"ListItem","position":1,"name":"Home","item":"https:\/\/iotautomation.com.au\/fr\/"},{"@type":"ListItem","position":2,"name":"Applications &#8211; Diminution de la sensibilisation au trafic"}]},{"@type":"WebSite","@id":"https:\/\/iotautomation.com.au\/fr\/#website","url":"https:\/\/iotautomation.com.au\/fr\/","name":"IoT Automation","description":"Pioneering Smart Lighting","publisher":{"@id":"https:\/\/iotautomation.com.au\/fr\/#organization"},"potentialAction":[{"@type":"SearchAction","target":{"@type":"EntryPoint","urlTemplate":"https:\/\/iotautomation.com.au\/fr\/?s={search_term_string}"},"query-input":{"@type":"PropertyValueSpecification","valueRequired":true,"valueName":"search_term_string"}}],"inLanguage":"fr-FR"},{"@type":"Organization","@id":"https:\/\/iotautomation.com.au\/fr\/#organization","name":"IoT Automation","url":"https:\/\/iotautomation.com.au\/fr\/","logo":{"@type":"ImageObject","inLanguage":"fr-FR","@id":"https:\/\/iotautomation.com.au\/fr\/#\/schema\/logo\/image\/","url":"https:\/\/iotautomation.com.au\/wp-content\/uploads\/2021\/01\/IoT-logo.png","contentUrl":"https:\/\/iotautomation.com.au\/wp-content\/uploads\/2021\/01\/IoT-logo.png","width":200,"height":220,"caption":"IoT Automation"},"image":{"@id":"https:\/\/iotautomation.com.au\/fr\/#\/schema\/logo\/image\/"},"sameAs":["https:\/\/www.linkedin.com\/company\/7786783\/admin\/","https:\/\/www.youtube.com\/channel\/UCcOtd-kQGJDlAElF_VOHpLA"]}]}},"_links":{"self":[{"href":"https:\/\/iotautomation.com.au\/fr\/wp-json\/wp\/v2\/pages\/7019","targetHints":{"allow":["GET"]}}],"collection":[{"href":"https:\/\/iotautomation.com.au\/fr\/wp-json\/wp\/v2\/pages"}],"about":[{"href":"https:\/\/iotautomation.com.au\/fr\/wp-json\/wp\/v2\/types\/page"}],"author":[{"embeddable":true,"href":"https:\/\/iotautomation.com.au\/fr\/wp-json\/wp\/v2\/users\/1"}],"replies":[{"embeddable":true,"href":"https:\/\/iotautomation.com.au\/fr\/wp-json\/wp\/v2\/comments?post=7019"}],"version-history":[{"count":4,"href":"https:\/\/iotautomation.com.au\/fr\/wp-json\/wp\/v2\/pages\/7019\/revisions"}],"predecessor-version":[{"id":7712,"href":"https:\/\/iotautomation.com.au\/fr\/wp-json\/wp\/v2\/pages\/7019\/revisions\/7712"}],"wp:attachment":[{"href":"https:\/\/iotautomation.com.au\/fr\/wp-json\/wp\/v2\/media?parent=7019"}],"curies":[{"name":"wp","href":"https:\/\/api.w.org\/{rel}","templated":true}]}}