{"id":6978,"date":"2020-12-22T02:52:32","date_gmt":"2020-12-22T02:52:32","guid":{"rendered":"https:\/\/iotautomation-staging.nyg1r0.ap-southeast-2.wpstaqhosting.com\/a-propos-de-nous\/"},"modified":"2025-04-03T01:11:53","modified_gmt":"2025-04-03T01:11:53","slug":"a-propos-de-nous","status":"publish","type":"page","link":"https:\/\/iotautomation.com.au\/fr\/a-propos-de-nous\/","title":{"rendered":"A propos de nous"},"content":{"rendered":"\t\t<div data-elementor-type=\"wp-page\" data-elementor-id=\"6978\" class=\"elementor elementor-6978 elementor-1983\">\n\t\t\t\t\t\t<section class=\"elementor-section elementor-top-section elementor-element elementor-element-604dca6e elementor-section-stretched elementor-section-boxed elementor-section-height-default elementor-section-height-default\" data-id=\"604dca6e\" data-element_type=\"section\" data-settings=\"{&quot;stretch_section&quot;:&quot;section-stretched&quot;,&quot;background_background&quot;:&quot;classic&quot;}\">\n\t\t\t\t\t\t<div class=\"elementor-container elementor-column-gap-no\">\n\t\t\t\t\t<div class=\"elementor-column elementor-col-100 elementor-top-column elementor-element elementor-element-7cd2b0ff\" data-id=\"7cd2b0ff\" data-element_type=\"column\">\n\t\t\t<div class=\"elementor-widget-wrap elementor-element-populated\">\n\t\t\t\t\t\t<section class=\"elementor-section elementor-inner-section elementor-element elementor-element-7e22194 animated-fast elementor-section-boxed elementor-section-height-default elementor-section-height-default elementor-invisible\" data-id=\"7e22194\" data-element_type=\"section\" data-settings=\"{&quot;animation&quot;:&quot;fadeInUp&quot;,&quot;animation_delay&quot;:0}\">\n\t\t\t\t\t\t<div class=\"elementor-container elementor-column-gap-no\">\n\t\t\t\t\t<div class=\"elementor-column elementor-col-100 elementor-inner-column elementor-element elementor-element-313aa7d1\" data-id=\"313aa7d1\" data-element_type=\"column\">\n\t\t\t<div class=\"elementor-widget-wrap elementor-element-populated\">\n\t\t\t\t\t\t<div class=\"elementor-element elementor-element-11cd06a2 elementor-widget elementor-widget-heading\" data-id=\"11cd06a2\" data-element_type=\"widget\" data-widget_type=\"heading.default\">\n\t\t\t\t<div class=\"elementor-widget-container\">\n\t\t\t<style>\/*! elementor - v3.23.0 - 05-08-2024 *\/\n.elementor-heading-title{padding:0;margin:0;line-height:1}.elementor-widget-heading .elementor-heading-title[class*=elementor-size-]>a{color:inherit;font-size:inherit;line-height:inherit}.elementor-widget-heading .elementor-heading-title.elementor-size-small{font-size:15px}.elementor-widget-heading .elementor-heading-title.elementor-size-medium{font-size:19px}.elementor-widget-heading .elementor-heading-title.elementor-size-large{font-size:29px}.elementor-widget-heading .elementor-heading-title.elementor-size-xl{font-size:39px}.elementor-widget-heading .elementor-heading-title.elementor-size-xxl{font-size:59px}<\/style><h2 class=\"elementor-heading-title elementor-size-default\">\u00c0 propos de l'automatisation de l'IdO<\/h2>\t\t<\/div>\n\t\t\t\t<\/div>\n\t\t\t\t<div class=\"elementor-element elementor-element-6ec7090f elementor-widget elementor-widget-text-editor\" data-id=\"6ec7090f\" data-element_type=\"widget\" data-widget_type=\"text-editor.default\">\n\t\t\t\t<div class=\"elementor-widget-container\">\n\t\t\t<style>\/*! elementor - v3.23.0 - 05-08-2024 *\/\n.elementor-widget-text-editor.elementor-drop-cap-view-stacked .elementor-drop-cap{background-color:#69727d;color:#fff}.elementor-widget-text-editor.elementor-drop-cap-view-framed .elementor-drop-cap{color:#69727d;border:3px solid;background-color:transparent}.elementor-widget-text-editor:not(.elementor-drop-cap-view-default) .elementor-drop-cap{margin-top:8px}.elementor-widget-text-editor:not(.elementor-drop-cap-view-default) .elementor-drop-cap-letter{width:1em;height:1em}.elementor-widget-text-editor .elementor-drop-cap{float:left;text-align:center;line-height:1;font-size:50px}.elementor-widget-text-editor .elementor-drop-cap-letter{display:inline-block}<\/style>\t\t\t\t<p>IoT Automation est une entreprise australienne qui con\u00e7oit, d\u00e9ploie et soutient des solutions technologiques pour l&rsquo;industrie mini\u00e8re. Notre si\u00e8ge se trouve sur la Gold Coast, mais notre port\u00e9e est mondiale. Nous avons des bureaux en Mongolie et en Indon\u00e9sie, ce qui nous donne non seulement une connaissance locale pr\u00e9cieuse, mais aussi des perspectives internationales vitales sur ce qui est sans doute la colonne vert\u00e9brale de l&rsquo;industrie mondiale.  <\/p><p>Notre \u00e9quipe d&rsquo;experts adeptes et agiles a cr\u00e9\u00e9 un syst\u00e8me d&rsquo;\u00e9clairage intelligent contr\u00f4l\u00e9 par logiciel qui permet des \u00e9vacuations et des interventions d&rsquo;urgence plus s\u00fbres dans les mines souterraines. Soutenue par des ing\u00e9nieurs australiens de premier plan, IoT Automation fournit une expertise locale \u00e0 plusieurs secteurs miniers r\u00e9gionaux via notre savoir-faire en mati\u00e8re de d\u00e9ploiement de solutions de l&rsquo;Internet des objets (IoT). Sp\u00e9cialis\u00e9s dans les r\u00e9seaux de capteurs sans fil, nous avons pour mission de cr\u00e9er et de d\u00e9ployer les meilleures technologies attendues par l&rsquo;industrie mini\u00e8re.  <\/p><p><strong>RENCONTREZ NOS FONDATEURS<\/strong><\/p><p><em>Robin Paine &#8211; Directeur g\u00e9n\u00e9ral et cofondateur<\/em><\/p><p>Robin apporte \u00e0 son poste plus de 20 ans d&rsquo;exp\u00e9rience technique dans le domaine de l&rsquo;\u00e9lectronique et des t\u00e9l\u00e9communications. Au cours des dix derni\u00e8res ann\u00e9es, Rob a occup\u00e9 divers postes de direction et des fonctions techniques de haut niveau dans le secteur de la technologie mini\u00e8re. Il est difficile de trouver quelqu&rsquo;un qui connaisse mieux que Rob les aspects techniques, de gestion et de s\u00e9curit\u00e9 de la technologie mini\u00e8re.  <\/p><p><em>Greg James &#8211; Directeur de l&rsquo;ing\u00e9nierie et cofondateur<\/em><\/p><p>Une entreprise comme IoT Automation n&rsquo;irait pas bien loin sans un v\u00e9ritable expert en ing\u00e9nierie \u00e0 ses c\u00f4t\u00e9s. Greg est titulaire d&rsquo;une licence en ing\u00e9nierie, avec sp\u00e9cialisation en ing\u00e9nierie \u00e9lectronique, de l&rsquo;Universit\u00e9 de Nouvelle-Galles du Sud. Depuis, il a dirig\u00e9 des \u00e9quipes de d\u00e9veloppement de logiciels et de mat\u00e9riel pour plusieurs entreprises multinationales. Tout au long de sa carri\u00e8re, Greg a contribu\u00e9 \u00e0 la cr\u00e9ation, au brevetage et \u00e0 la mise sur le march\u00e9 de nombreux produits de pointe, dont le produit phare d&rsquo;IoT Automation, le syst\u00e8me d&rsquo;\u00e9clairage Firefly.  <\/p>\t\t\t\t\t\t<\/div>\n\t\t\t\t<\/div>\n\t\t\t\t\t<\/div>\n\t\t<\/div>\n\t\t\t\t\t<\/div>\n\t\t<\/section>\n\t\t\t\t\t<\/div>\n\t\t<\/div>\n\t\t\t\t\t<\/div>\n\t\t<\/section>\n\t\t\t\t<\/div>\n\t\t","protected":false},"excerpt":{"rendered":"<p>\u00c0 propos de l&rsquo;automatisation de l&rsquo;IdO IoT Automation est une entreprise australienne qui con\u00e7oit, d\u00e9ploie et soutient des solutions technologiques pour l&rsquo;industrie mini\u00e8re. Notre si\u00e8ge se trouve sur la Gold Coast, mais notre port\u00e9e est mondiale. Nous avons des bureaux en Mongolie et en Indon\u00e9sie, ce qui nous donne non seulement une connaissance locale pr\u00e9cieuse, &hellip;<\/p>\n<p class=\"read-more\"> <a class=\"\" href=\"https:\/\/iotautomation.com.au\/fr\/a-propos-de-nous\/\"> <span class=\"screen-reader-text\">A propos de nous<\/span> Lire la suite\u00a0\u00bb<\/a><\/p>\n","protected":false},"author":1,"featured_media":0,"parent":0,"menu_order":0,"comment_status":"closed","ping_status":"closed","template":"","meta":{"site-sidebar-layout":"no-sidebar","site-content-layout":"page-builder","ast-global-header-display":"","ast-main-header-display":"","ast-hfb-above-header-display":"","ast-hfb-below-header-display":"","ast-hfb-mobile-header-display":"","site-post-title":"disabled","ast-breadcrumbs-content":"","ast-featured-img":"disabled","footer-sml-layout":"","theme-transparent-header-meta":"default","adv-header-id-meta":"","stick-header-meta":"default","header-above-stick-meta":"","header-main-stick-meta":"","header-below-stick-meta":"","footnotes":""},"class_list":["post-6978","page","type-page","status-publish","hentry"],"acf":[],"yoast_head":"<!-- This site is optimized with the Yoast SEO plugin v26.9 - https:\/\/yoast.com\/product\/yoast-seo-wordpress\/ -->\n<title>A propos de nous - IoT Automation<\/title>\n<meta name=\"description\" content=\"IoT Automation est une entreprise australienne qui con\u00e7oit, d\u00e9ploie et soutient des solutions technologiques pour l&#039;industrie mini\u00e8re. Notre si\u00e8ge se trouve sur la Gold Coast.\" \/>\n<meta name=\"robots\" content=\"index, follow, max-snippet:-1, max-image-preview:large, max-video-preview:-1\" \/>\n<link rel=\"canonical\" href=\"https:\/\/iotautomation.com.au\/fr\/a-propos-de-nous\/\" \/>\n<meta property=\"og:locale\" content=\"fr_FR\" \/>\n<meta property=\"og:type\" content=\"article\" \/>\n<meta property=\"og:title\" content=\"A propos de nous - IoT Automation\" \/>\n<meta property=\"og:description\" content=\"IoT Automation est une entreprise australienne qui con\u00e7oit, d\u00e9ploie et soutient des solutions technologiques pour l&#039;industrie mini\u00e8re. Notre si\u00e8ge se trouve sur la Gold Coast.\" \/>\n<meta property=\"og:url\" content=\"https:\/\/iotautomation.com.au\/fr\/a-propos-de-nous\/\" \/>\n<meta property=\"og:site_name\" content=\"IoT Automation\" \/>\n<meta property=\"article:modified_time\" content=\"2025-04-03T01:11:53+00:00\" \/>\n<meta name=\"twitter:card\" content=\"summary_large_image\" \/>\n<meta name=\"twitter:label1\" content=\"Dur\u00e9e de lecture estim\u00e9e\" \/>\n\t<meta name=\"twitter:data1\" content=\"2 minutes\" \/>\n<script type=\"application\/ld+json\" class=\"yoast-schema-graph\">{\"@context\":\"https:\/\/schema.org\",\"@graph\":[{\"@type\":\"WebPage\",\"@id\":\"https:\/\/iotautomation.com.au\/fr\/a-propos-de-nous\/\",\"url\":\"https:\/\/iotautomation.com.au\/fr\/a-propos-de-nous\/\",\"name\":\"A propos de nous - IoT Automation\",\"isPartOf\":{\"@id\":\"https:\/\/iotautomation.com.au\/fr\/#website\"},\"datePublished\":\"2020-12-22T02:52:32+00:00\",\"dateModified\":\"2025-04-03T01:11:53+00:00\",\"description\":\"IoT Automation est une entreprise australienne qui con\u00e7oit, d\u00e9ploie et soutient des solutions technologiques pour l'industrie mini\u00e8re. Notre si\u00e8ge se trouve sur la Gold Coast.\",\"breadcrumb\":{\"@id\":\"https:\/\/iotautomation.com.au\/fr\/a-propos-de-nous\/#breadcrumb\"},\"inLanguage\":\"fr-FR\",\"potentialAction\":[{\"@type\":\"ReadAction\",\"target\":[\"https:\/\/iotautomation.com.au\/fr\/a-propos-de-nous\/\"]}]},{\"@type\":\"BreadcrumbList\",\"@id\":\"https:\/\/iotautomation.com.au\/fr\/a-propos-de-nous\/#breadcrumb\",\"itemListElement\":[{\"@type\":\"ListItem\",\"position\":1,\"name\":\"Home\",\"item\":\"https:\/\/iotautomation.com.au\/fr\/\"},{\"@type\":\"ListItem\",\"position\":2,\"name\":\"A propos de nous\"}]},{\"@type\":\"WebSite\",\"@id\":\"https:\/\/iotautomation.com.au\/fr\/#website\",\"url\":\"https:\/\/iotautomation.com.au\/fr\/\",\"name\":\"IoT Automation\",\"description\":\"Pioneering Smart Lighting\",\"publisher\":{\"@id\":\"https:\/\/iotautomation.com.au\/fr\/#organization\"},\"potentialAction\":[{\"@type\":\"SearchAction\",\"target\":{\"@type\":\"EntryPoint\",\"urlTemplate\":\"https:\/\/iotautomation.com.au\/fr\/?s={search_term_string}\"},\"query-input\":{\"@type\":\"PropertyValueSpecification\",\"valueRequired\":true,\"valueName\":\"search_term_string\"}}],\"inLanguage\":\"fr-FR\"},{\"@type\":\"Organization\",\"@id\":\"https:\/\/iotautomation.com.au\/fr\/#organization\",\"name\":\"IoT Automation\",\"url\":\"https:\/\/iotautomation.com.au\/fr\/\",\"logo\":{\"@type\":\"ImageObject\",\"inLanguage\":\"fr-FR\",\"@id\":\"https:\/\/iotautomation.com.au\/fr\/#\/schema\/logo\/image\/\",\"url\":\"https:\/\/iotautomation.com.au\/wp-content\/uploads\/2021\/01\/IoT-logo.png\",\"contentUrl\":\"https:\/\/iotautomation.com.au\/wp-content\/uploads\/2021\/01\/IoT-logo.png\",\"width\":200,\"height\":220,\"caption\":\"IoT Automation\"},\"image\":{\"@id\":\"https:\/\/iotautomation.com.au\/fr\/#\/schema\/logo\/image\/\"},\"sameAs\":[\"https:\/\/www.linkedin.com\/company\/7786783\/admin\/\",\"https:\/\/www.youtube.com\/channel\/UCcOtd-kQGJDlAElF_VOHpLA\"]}]}<\/script>\n<!-- \/ Yoast SEO plugin. -->","yoast_head_json":{"title":"A propos de nous - IoT Automation","description":"IoT Automation est une entreprise australienne qui con\u00e7oit, d\u00e9ploie et soutient des solutions technologiques pour l'industrie mini\u00e8re. Notre si\u00e8ge se trouve sur la Gold Coast.","robots":{"index":"index","follow":"follow","max-snippet":"max-snippet:-1","max-image-preview":"max-image-preview:large","max-video-preview":"max-video-preview:-1"},"canonical":"https:\/\/iotautomation.com.au\/fr\/a-propos-de-nous\/","og_locale":"fr_FR","og_type":"article","og_title":"A propos de nous - IoT Automation","og_description":"IoT Automation est une entreprise australienne qui con\u00e7oit, d\u00e9ploie et soutient des solutions technologiques pour l'industrie mini\u00e8re. Notre si\u00e8ge se trouve sur la Gold Coast.","og_url":"https:\/\/iotautomation.com.au\/fr\/a-propos-de-nous\/","og_site_name":"IoT Automation","article_modified_time":"2025-04-03T01:11:53+00:00","twitter_card":"summary_large_image","twitter_misc":{"Dur\u00e9e de lecture estim\u00e9e":"2 minutes"},"schema":{"@context":"https:\/\/schema.org","@graph":[{"@type":"WebPage","@id":"https:\/\/iotautomation.com.au\/fr\/a-propos-de-nous\/","url":"https:\/\/iotautomation.com.au\/fr\/a-propos-de-nous\/","name":"A propos de nous - IoT Automation","isPartOf":{"@id":"https:\/\/iotautomation.com.au\/fr\/#website"},"datePublished":"2020-12-22T02:52:32+00:00","dateModified":"2025-04-03T01:11:53+00:00","description":"IoT Automation est une entreprise australienne qui con\u00e7oit, d\u00e9ploie et soutient des solutions technologiques pour l'industrie mini\u00e8re. Notre si\u00e8ge se trouve sur la Gold Coast.","breadcrumb":{"@id":"https:\/\/iotautomation.com.au\/fr\/a-propos-de-nous\/#breadcrumb"},"inLanguage":"fr-FR","potentialAction":[{"@type":"ReadAction","target":["https:\/\/iotautomation.com.au\/fr\/a-propos-de-nous\/"]}]},{"@type":"BreadcrumbList","@id":"https:\/\/iotautomation.com.au\/fr\/a-propos-de-nous\/#breadcrumb","itemListElement":[{"@type":"ListItem","position":1,"name":"Home","item":"https:\/\/iotautomation.com.au\/fr\/"},{"@type":"ListItem","position":2,"name":"A propos de nous"}]},{"@type":"WebSite","@id":"https:\/\/iotautomation.com.au\/fr\/#website","url":"https:\/\/iotautomation.com.au\/fr\/","name":"IoT Automation","description":"Pioneering Smart Lighting","publisher":{"@id":"https:\/\/iotautomation.com.au\/fr\/#organization"},"potentialAction":[{"@type":"SearchAction","target":{"@type":"EntryPoint","urlTemplate":"https:\/\/iotautomation.com.au\/fr\/?s={search_term_string}"},"query-input":{"@type":"PropertyValueSpecification","valueRequired":true,"valueName":"search_term_string"}}],"inLanguage":"fr-FR"},{"@type":"Organization","@id":"https:\/\/iotautomation.com.au\/fr\/#organization","name":"IoT Automation","url":"https:\/\/iotautomation.com.au\/fr\/","logo":{"@type":"ImageObject","inLanguage":"fr-FR","@id":"https:\/\/iotautomation.com.au\/fr\/#\/schema\/logo\/image\/","url":"https:\/\/iotautomation.com.au\/wp-content\/uploads\/2021\/01\/IoT-logo.png","contentUrl":"https:\/\/iotautomation.com.au\/wp-content\/uploads\/2021\/01\/IoT-logo.png","width":200,"height":220,"caption":"IoT Automation"},"image":{"@id":"https:\/\/iotautomation.com.au\/fr\/#\/schema\/logo\/image\/"},"sameAs":["https:\/\/www.linkedin.com\/company\/7786783\/admin\/","https:\/\/www.youtube.com\/channel\/UCcOtd-kQGJDlAElF_VOHpLA"]}]}},"_links":{"self":[{"href":"https:\/\/iotautomation.com.au\/fr\/wp-json\/wp\/v2\/pages\/6978","targetHints":{"allow":["GET"]}}],"collection":[{"href":"https:\/\/iotautomation.com.au\/fr\/wp-json\/wp\/v2\/pages"}],"about":[{"href":"https:\/\/iotautomation.com.au\/fr\/wp-json\/wp\/v2\/types\/page"}],"author":[{"embeddable":true,"href":"https:\/\/iotautomation.com.au\/fr\/wp-json\/wp\/v2\/users\/1"}],"replies":[{"embeddable":true,"href":"https:\/\/iotautomation.com.au\/fr\/wp-json\/wp\/v2\/comments?post=6978"}],"version-history":[{"count":3,"href":"https:\/\/iotautomation.com.au\/fr\/wp-json\/wp\/v2\/pages\/6978\/revisions"}],"predecessor-version":[{"id":7765,"href":"https:\/\/iotautomation.com.au\/fr\/wp-json\/wp\/v2\/pages\/6978\/revisions\/7765"}],"wp:attachment":[{"href":"https:\/\/iotautomation.com.au\/fr\/wp-json\/wp\/v2\/media?parent=6978"}],"curies":[{"name":"wp","href":"https:\/\/api.w.org\/{rel}","templated":true}]}}