{"id":6976,"date":"2021-02-08T04:52:30","date_gmt":"2021-02-08T04:52:30","guid":{"rendered":"https:\/\/iotautomation-staging.nyg1r0.ap-southeast-2.wpstaqhosting.com\/applications-exploitation-miniere-souterraine\/"},"modified":"2025-03-18T04:46:41","modified_gmt":"2025-03-18T04:46:41","slug":"applications-exploitation-miniere-souterraine","status":"publish","type":"page","link":"https:\/\/iotautomation.com.au\/fr\/applications-exploitation-miniere-souterraine\/","title":{"rendered":"Applications &#8211; Exploitation mini\u00e8re souterraine"},"content":{"rendered":"\t\t<div data-elementor-type=\"wp-page\" data-elementor-id=\"6976\" class=\"elementor elementor-6976 elementor-2577\">\n\t\t\t\t\t\t<section class=\"elementor-section elementor-top-section elementor-element elementor-element-5499165 elementor-section-height-min-height elementor-section-items-bottom elementor-section-boxed elementor-section-height-default\" data-id=\"5499165\" data-element_type=\"section\" data-settings=\"{&quot;background_background&quot;:&quot;classic&quot;}\">\n\t\t\t\t\t\t<div class=\"elementor-container elementor-column-gap-default\">\n\t\t\t\t\t<div class=\"elementor-column elementor-col-100 elementor-top-column elementor-element elementor-element-1f9af9f\" data-id=\"1f9af9f\" data-element_type=\"column\">\n\t\t\t<div class=\"elementor-widget-wrap elementor-element-populated\">\n\t\t\t\t\t\t<div class=\"elementor-element elementor-element-3f40e43 elementor-widget elementor-widget-heading\" data-id=\"3f40e43\" data-element_type=\"widget\" data-widget_type=\"heading.default\">\n\t\t\t\t<div class=\"elementor-widget-container\">\n\t\t\t<style>\/*! elementor - v3.23.0 - 05-08-2024 *\/\n.elementor-heading-title{padding:0;margin:0;line-height:1}.elementor-widget-heading .elementor-heading-title[class*=elementor-size-]>a{color:inherit;font-size:inherit;line-height:inherit}.elementor-widget-heading .elementor-heading-title.elementor-size-small{font-size:15px}.elementor-widget-heading .elementor-heading-title.elementor-size-medium{font-size:19px}.elementor-widget-heading .elementor-heading-title.elementor-size-large{font-size:29px}.elementor-widget-heading .elementor-heading-title.elementor-size-xl{font-size:39px}.elementor-widget-heading .elementor-heading-title.elementor-size-xxl{font-size:59px}<\/style><h2 class=\"elementor-heading-title elementor-size-default\">Applications \u2013 Exploitation mini\u00e8re souterraine<\/h2>\t\t<\/div>\n\t\t\t\t<\/div>\n\t\t\t\t\t<\/div>\n\t\t<\/div>\n\t\t\t\t\t<\/div>\n\t\t<\/section>\n\t\t\t\t<section class=\"elementor-section elementor-top-section elementor-element elementor-element-3cab876d elementor-section-stretched elementor-section-boxed elementor-section-height-default elementor-section-height-default\" data-id=\"3cab876d\" data-element_type=\"section\" data-settings=\"{&quot;stretch_section&quot;:&quot;section-stretched&quot;,&quot;background_background&quot;:&quot;classic&quot;}\">\n\t\t\t\t\t\t<div class=\"elementor-container elementor-column-gap-no\">\n\t\t\t\t\t<div class=\"elementor-column elementor-col-100 elementor-top-column elementor-element elementor-element-13519a8e\" data-id=\"13519a8e\" data-element_type=\"column\">\n\t\t\t<div class=\"elementor-widget-wrap elementor-element-populated\">\n\t\t\t\t\t\t<section class=\"elementor-section elementor-inner-section elementor-element elementor-element-3daf398c animated-fast elementor-section-boxed elementor-section-height-default elementor-section-height-default elementor-invisible\" data-id=\"3daf398c\" data-element_type=\"section\" data-settings=\"{&quot;animation&quot;:&quot;fadeInUp&quot;,&quot;animation_delay&quot;:0}\">\n\t\t\t\t\t\t<div class=\"elementor-container elementor-column-gap-no\">\n\t\t\t\t\t<div class=\"elementor-column elementor-col-100 elementor-inner-column elementor-element elementor-element-7f10f605\" data-id=\"7f10f605\" data-element_type=\"column\">\n\t\t\t<div class=\"elementor-widget-wrap elementor-element-populated\">\n\t\t\t\t\t\t<div class=\"elementor-element elementor-element-4ebcb184 elementor-widget elementor-widget-text-editor\" data-id=\"4ebcb184\" data-element_type=\"widget\" data-widget_type=\"text-editor.default\">\n\t\t\t\t<div class=\"elementor-widget-container\">\n\t\t\t<style>\/*! elementor - v3.23.0 - 05-08-2024 *\/\n.elementor-widget-text-editor.elementor-drop-cap-view-stacked .elementor-drop-cap{background-color:#69727d;color:#fff}.elementor-widget-text-editor.elementor-drop-cap-view-framed .elementor-drop-cap{color:#69727d;border:3px solid;background-color:transparent}.elementor-widget-text-editor:not(.elementor-drop-cap-view-default) .elementor-drop-cap{margin-top:8px}.elementor-widget-text-editor:not(.elementor-drop-cap-view-default) .elementor-drop-cap-letter{width:1em;height:1em}.elementor-widget-text-editor .elementor-drop-cap{float:left;text-align:center;line-height:1;font-size:50px}.elementor-widget-text-editor .elementor-drop-cap-letter{display:inline-block}<\/style>\t\t\t\t<a class=\"elementor-button-link elementor-button elementor-size-sm fancybox-inline data_link\" role=\"button\" href=\"#pdf-modal\" data-link=\"https:\/\/iotautomation.com.au\/wp-content\/uploads\/2021\/08\/IoT-BRO-Mining-Web-Lowres-min.pdf\" data-title=\"Firefly Smart Lighting System\">\n<span class=\"elementor-button-content-wrapper\">\n<span class=\"elementor-button-text\">T\u00c9L\u00c9CHARGEZ LA BROCHURE<\/span>\n<\/span>\n<\/a>\t\t\t\t\t\t<\/div>\n\t\t\t\t<\/div>\n\t\t\t\t<div class=\"elementor-element elementor-element-4e25aa2d elementor-widget elementor-widget-text-editor\" data-id=\"4e25aa2d\" data-element_type=\"widget\" data-widget_type=\"text-editor.default\">\n\t\t\t\t<div class=\"elementor-widget-container\">\n\t\t\t\t\t\t\t<p><span class=\"TextRun SCXW18770383 BCX0\" lang=\"EN-AU\" xml:lang=\"EN-AU\" data-contrast=\"auto\"><span class=\"NormalTextRun SCXW18770383 BCX0\">La navigation visuelle et la facilit\u00e9 de communication dans l&rsquo;environnement minier souterrain sont essentielles. C&rsquo;est pourquoi seules les normes les plus strictes en mati\u00e8re de s\u00e9curit\u00e9 et de fiabilit\u00e9 ont \u00e9t\u00e9 retenues.<\/span><span class=\"NormalTextRun SCXW18770383 BCX0\">a \u00e9t\u00e9 cr\u00e9\u00e9e par notre<\/span><span class=\"NormalTextRun SCXW18770383 BCX0\"> cr\u00e9ation du <\/span><span class=\"NormalTextRun SpellingErrorV2Themed SCXW18770383 BCX0\">FireFly<\/span><span class=\"NormalTextRun SCXW18770383 BCX0\"> Smart<\/span><span class=\"NormalTextRun SCXW18770383 BCX0\"> et DragonFly<\/span><span class=\"NormalTextRun SCXW18770383 BCX0\">  Syst\u00e8me d&rsquo;\u00e9clairage. \u00c0 travers  <\/span><span class=\"NormalTextRun SCXW18770383 BCX0\">intelligent <\/span><span class=\"NormalTextRun SCXW18770383 BCX0\">\u00e9clairage<\/span><span class=\"NormalTextRun SCXW18770383 BCX0\">, <\/span><span class=\"NormalTextRun SCXW18770383 BCX0\">des commandes conviviales,<\/span><span class=\"NormalTextRun SCXW18770383 BCX0\"> et des fonctions uniques,<\/span> <span class=\"NormalTextRun SpellingErrorV2Themed SCXW18770383 BCX0\">FireFly<\/span><span class=\"NormalTextRun SCXW18770383 BCX0\"> et DragonFly<\/span> <span class=\"NormalTextRun SCXW18770383 BCX0\">sont<\/span><span class=\"NormalTextRun SCXW18770383 BCX0\"> une solution robuste dont toute exploitation mini\u00e8re ne saurait se passer.<\/span><\/span><span class=\"EOP SCXW18770383 BCX0\" data-ccp-props=\"{\"335551550\":6,\"335551620\":6}\"> <\/span><\/p><p> <\/p>\t\t\t\t\t\t<\/div>\n\t\t\t\t<\/div>\n\t\t\t\t\t<\/div>\n\t\t<\/div>\n\t\t\t\t\t<\/div>\n\t\t<\/section>\n\t\t\t\t<section class=\"elementor-section elementor-inner-section elementor-element elementor-element-4f262939 animated-fast elementor-section-content-middle elementor-section-boxed elementor-section-height-default elementor-section-height-default elementor-invisible\" data-id=\"4f262939\" data-element_type=\"section\" data-settings=\"{&quot;animation&quot;:&quot;fadeInUp&quot;,&quot;animation_delay&quot;:0}\">\n\t\t\t\t\t\t<div class=\"elementor-container elementor-column-gap-no\">\n\t\t\t\t\t<div class=\"elementor-column elementor-col-100 elementor-inner-column elementor-element elementor-element-1ed88b9d\" data-id=\"1ed88b9d\" data-element_type=\"column\">\n\t\t\t<div class=\"elementor-widget-wrap elementor-element-populated\">\n\t\t\t\t\t\t<div class=\"elementor-element elementor-element-547291ed elementor-widget elementor-widget-heading\" data-id=\"547291ed\" data-element_type=\"widget\" data-widget_type=\"heading.default\">\n\t\t\t\t<div class=\"elementor-widget-container\">\n\t\t\t<h5 class=\"elementor-heading-title elementor-size-default\">LES PRINCIPAUX AVANTAGES DU SYST\u00c8ME D'\u00c9CLAIRAGE INTELLIGENT FIREFLY ET DRAGONFLY<\/h5>\t\t<\/div>\n\t\t\t\t<\/div>\n\t\t\t\t<div class=\"elementor-element elementor-element-17ae90a3 elementor-widget elementor-widget-heading\" data-id=\"17ae90a3\" data-element_type=\"widget\" data-widget_type=\"heading.default\">\n\t\t\t\t<div class=\"elementor-widget-container\">\n\t\t\t<h5 class=\"elementor-heading-title elementor-size-default\">Pour le personnel souterrain :<\/h5>\t\t<\/div>\n\t\t\t\t<\/div>\n\t\t\t\t<div class=\"elementor-element elementor-element-27c75da4 elementor-widget elementor-widget-text-editor\" data-id=\"27c75da4\" data-element_type=\"widget\" data-widget_type=\"text-editor.default\">\n\t\t\t\t<div class=\"elementor-widget-container\">\n\t\t\t\t\t\t\t<ul><li>Am\u00e9liore les niveaux d&rsquo;\u00e9clairage g\u00e9n\u00e9ral pour optimiser l&rsquo;efficacit\u00e9<\/li><li>D\u00e9tection et alerte en temps r\u00e9el des situations d&rsquo;urgence \u00e0 haut risque<\/li><li>Renforce les proc\u00e9dures de s\u00e9curit\u00e9 par des alertes visuelles<\/li><li>Fournit des communications vitales en cas de besoin<\/li><li>Sensibilisation \u00e0 la circulation des v\u00e9hicules<\/li><\/ul>\t\t\t\t\t\t<\/div>\n\t\t\t\t<\/div>\n\t\t\t\t<div class=\"elementor-element elementor-element-639a6bf2 elementor-widget elementor-widget-heading\" data-id=\"639a6bf2\" data-element_type=\"widget\" data-widget_type=\"heading.default\">\n\t\t\t\t<div class=\"elementor-widget-container\">\n\t\t\t<h5 class=\"elementor-heading-title elementor-size-default\">Pour les directeurs de mines :<\/h5>\t\t<\/div>\n\t\t\t\t<\/div>\n\t\t\t\t<div class=\"elementor-element elementor-element-253f8648 elementor-widget elementor-widget-text-editor\" data-id=\"253f8648\" data-element_type=\"widget\" data-widget_type=\"text-editor.default\">\n\t\t\t\t<div class=\"elementor-widget-container\">\n\t\t\t\t\t\t\t<ul><li>Aide \u00e0 la gestion des op\u00e9rations quotidiennes<\/li><li>D\u00e9clencher des alertes et des \u00e9vacuations d&rsquo;urgence<\/li><\/ul>\t\t\t\t\t\t<\/div>\n\t\t\t\t<\/div>\n\t\t\t\t<div class=\"elementor-element elementor-element-5b3fd6d4 elementor-widget elementor-widget-heading\" data-id=\"5b3fd6d4\" data-element_type=\"widget\" data-widget_type=\"heading.default\">\n\t\t\t\t<div class=\"elementor-widget-container\">\n\t\t\t<h5 class=\"elementor-heading-title elementor-size-default\">Pour les responsables des g\u00e9osciences :<\/h5>\t\t<\/div>\n\t\t\t\t<\/div>\n\t\t\t\t<div class=\"elementor-element elementor-element-2893bc14 elementor-widget elementor-widget-text-editor\" data-id=\"2893bc14\" data-element_type=\"widget\" data-widget_type=\"text-editor.default\">\n\t\t\t\t<div class=\"elementor-widget-container\">\n\t\t\t\t\t\t\t<ul><li>Gestion des zones sismiques<\/li><li>D\u00e9clenche des alertes<\/li><\/ul>\t\t\t\t\t\t<\/div>\n\t\t\t\t<\/div>\n\t\t\t\t<div class=\"elementor-element elementor-element-63597c9a elementor-widget elementor-widget-heading\" data-id=\"63597c9a\" data-element_type=\"widget\" data-widget_type=\"heading.default\">\n\t\t\t\t<div class=\"elementor-widget-container\">\n\t\t\t<h5 class=\"elementor-heading-title elementor-size-default\">Pour les directeurs de production :<\/h5>\t\t<\/div>\n\t\t\t\t<\/div>\n\t\t\t\t<div class=\"elementor-element elementor-element-6124afae elementor-widget elementor-widget-text-editor\" data-id=\"6124afae\" data-element_type=\"widget\" data-widget_type=\"text-editor.default\">\n\t\t\t\t<div class=\"elementor-widget-container\">\n\t\t\t\t\t\t\t<ul><li>Am\u00e9liore l&rsquo;identification visuelle des points de tirage<\/li><li>D\u00e9limite les zones actives de chargement et d&rsquo;automatisation<\/li><\/ul>\t\t\t\t\t\t<\/div>\n\t\t\t\t<\/div>\n\t\t\t\t<div class=\"elementor-element elementor-element-e492d03 elementor-widget elementor-widget-heading\" data-id=\"e492d03\" data-element_type=\"widget\" data-widget_type=\"heading.default\">\n\t\t\t\t<div class=\"elementor-widget-container\">\n\t\t\t<h5 class=\"elementor-heading-title elementor-size-default\">Pour les responsables de la ventilation :<\/h5>\t\t<\/div>\n\t\t\t\t<\/div>\n\t\t\t\t<div class=\"elementor-element elementor-element-233e4721 elementor-widget elementor-widget-text-editor\" data-id=\"233e4721\" data-element_type=\"widget\" data-widget_type=\"text-editor.default\">\n\t\t\t\t<div class=\"elementor-widget-container\">\n\t\t\t\t\t\t\t<ul><li>Automatise la d\u00e9limitation des zones non ventil\u00e9es et des zones s\u00fbres.<\/li><\/ul>\t\t\t\t\t\t<\/div>\n\t\t\t\t<\/div>\n\t\t\t\t<div class=\"elementor-element elementor-element-13c1a7a elementor-widget elementor-widget-heading\" data-id=\"13c1a7a\" data-element_type=\"widget\" data-widget_type=\"heading.default\">\n\t\t\t\t<div class=\"elementor-widget-container\">\n\t\t\t<h5 class=\"elementor-heading-title elementor-size-default\">Pour les responsables \u00e9lectriques :<\/h5>\t\t<\/div>\n\t\t\t\t<\/div>\n\t\t\t\t<div class=\"elementor-element elementor-element-4bfddb97 elementor-widget elementor-widget-text-editor\" data-id=\"4bfddb97\" data-element_type=\"widget\" data-widget_type=\"text-editor.default\">\n\t\t\t\t<div class=\"elementor-widget-container\">\n\t\t\t\t\t\t\t<ul><li>Fournit un \u00e9clairage facile \u00e0 d\u00e9ployer et peu co\u00fbteux dans les zones mini\u00e8res difficiles d&rsquo;acc\u00e8s.<\/li><\/ul>\t\t\t\t\t\t<\/div>\n\t\t\t\t<\/div>\n\t\t\t\t\t<\/div>\n\t\t<\/div>\n\t\t\t\t\t<\/div>\n\t\t<\/section>\n\t\t\t\t\t<\/div>\n\t\t<\/div>\n\t\t\t\t\t<\/div>\n\t\t<\/section>\n\t\t\t\t<\/div>\n\t\t","protected":false},"excerpt":{"rendered":"<p>Applications \u2013 Exploitation mini\u00e8re souterraine T\u00c9L\u00c9CHARGEZ LA BROCHURE La navigation visuelle et la facilit\u00e9 de communication dans l&rsquo;environnement minier souterrain sont essentielles. C&rsquo;est pourquoi seules les normes les plus strictes en mati\u00e8re de s\u00e9curit\u00e9 et de fiabilit\u00e9 ont \u00e9t\u00e9 retenues.a \u00e9t\u00e9 cr\u00e9\u00e9e par notre cr\u00e9ation du FireFly Smart et DragonFly Syst\u00e8me d&rsquo;\u00e9clairage. \u00c0 travers intelligent &hellip;<\/p>\n<p class=\"read-more\"> <a class=\"\" href=\"https:\/\/iotautomation.com.au\/fr\/applications-exploitation-miniere-souterraine\/\"> <span class=\"screen-reader-text\">Applications &#8211; Exploitation mini\u00e8re souterraine<\/span> Lire la suite\u00a0\u00bb<\/a><\/p>\n","protected":false},"author":1,"featured_media":0,"parent":0,"menu_order":0,"comment_status":"closed","ping_status":"closed","template":"","meta":{"site-sidebar-layout":"no-sidebar","site-content-layout":"page-builder","ast-global-header-display":"","ast-main-header-display":"","ast-hfb-above-header-display":"","ast-hfb-below-header-display":"","ast-hfb-mobile-header-display":"","site-post-title":"disabled","ast-breadcrumbs-content":"","ast-featured-img":"disabled","footer-sml-layout":"","theme-transparent-header-meta":"enabled","adv-header-id-meta":"","stick-header-meta":"default","header-above-stick-meta":"","header-main-stick-meta":"","header-below-stick-meta":"","footnotes":""},"class_list":["post-6976","page","type-page","status-publish","hentry"],"acf":[],"yoast_head":"<!-- This site is optimized with the Yoast SEO plugin v26.9 - https:\/\/yoast.com\/product\/yoast-seo-wordpress\/ -->\n<title>Applications - Exploitation mini\u00e8re souterraine - IoT Automation<\/title>\n<meta name=\"description\" content=\"La navigation visuelle et la facilit\u00e9 de communication dans l&#039;environnement minier souterrain sont essentielles.\" \/>\n<meta name=\"robots\" content=\"index, follow, max-snippet:-1, max-image-preview:large, max-video-preview:-1\" \/>\n<link rel=\"canonical\" href=\"https:\/\/iotautomation.com.au\/fr\/applications-exploitation-miniere-souterraine\/\" \/>\n<meta property=\"og:locale\" content=\"fr_FR\" \/>\n<meta property=\"og:type\" content=\"article\" \/>\n<meta property=\"og:title\" content=\"Applications - Exploitation mini\u00e8re souterraine - IoT Automation\" \/>\n<meta property=\"og:description\" content=\"La navigation visuelle et la facilit\u00e9 de communication dans l&#039;environnement minier souterrain sont essentielles.\" \/>\n<meta property=\"og:url\" content=\"https:\/\/iotautomation.com.au\/fr\/applications-exploitation-miniere-souterraine\/\" \/>\n<meta property=\"og:site_name\" content=\"IoT Automation\" \/>\n<meta property=\"article:modified_time\" content=\"2025-03-18T04:46:41+00:00\" \/>\n<meta name=\"twitter:card\" content=\"summary_large_image\" \/>\n<meta name=\"twitter:label1\" content=\"Dur\u00e9e de lecture estim\u00e9e\" \/>\n\t<meta name=\"twitter:data1\" content=\"2 minutes\" \/>\n<script type=\"application\/ld+json\" class=\"yoast-schema-graph\">{\"@context\":\"https:\/\/schema.org\",\"@graph\":[{\"@type\":\"WebPage\",\"@id\":\"https:\/\/iotautomation.com.au\/fr\/applications-exploitation-miniere-souterraine\/\",\"url\":\"https:\/\/iotautomation.com.au\/fr\/applications-exploitation-miniere-souterraine\/\",\"name\":\"Applications - Exploitation mini\u00e8re souterraine - IoT Automation\",\"isPartOf\":{\"@id\":\"https:\/\/iotautomation.com.au\/fr\/#website\"},\"datePublished\":\"2021-02-08T04:52:30+00:00\",\"dateModified\":\"2025-03-18T04:46:41+00:00\",\"description\":\"La navigation visuelle et la facilit\u00e9 de communication dans l'environnement minier souterrain sont essentielles.\",\"breadcrumb\":{\"@id\":\"https:\/\/iotautomation.com.au\/fr\/applications-exploitation-miniere-souterraine\/#breadcrumb\"},\"inLanguage\":\"fr-FR\",\"potentialAction\":[{\"@type\":\"ReadAction\",\"target\":[\"https:\/\/iotautomation.com.au\/fr\/applications-exploitation-miniere-souterraine\/\"]}]},{\"@type\":\"BreadcrumbList\",\"@id\":\"https:\/\/iotautomation.com.au\/fr\/applications-exploitation-miniere-souterraine\/#breadcrumb\",\"itemListElement\":[{\"@type\":\"ListItem\",\"position\":1,\"name\":\"Home\",\"item\":\"https:\/\/iotautomation.com.au\/fr\/\"},{\"@type\":\"ListItem\",\"position\":2,\"name\":\"Applications &#8211; Exploitation mini\u00e8re souterraine\"}]},{\"@type\":\"WebSite\",\"@id\":\"https:\/\/iotautomation.com.au\/fr\/#website\",\"url\":\"https:\/\/iotautomation.com.au\/fr\/\",\"name\":\"IoT Automation\",\"description\":\"Pioneering Smart Lighting\",\"publisher\":{\"@id\":\"https:\/\/iotautomation.com.au\/fr\/#organization\"},\"potentialAction\":[{\"@type\":\"SearchAction\",\"target\":{\"@type\":\"EntryPoint\",\"urlTemplate\":\"https:\/\/iotautomation.com.au\/fr\/?s={search_term_string}\"},\"query-input\":{\"@type\":\"PropertyValueSpecification\",\"valueRequired\":true,\"valueName\":\"search_term_string\"}}],\"inLanguage\":\"fr-FR\"},{\"@type\":\"Organization\",\"@id\":\"https:\/\/iotautomation.com.au\/fr\/#organization\",\"name\":\"IoT Automation\",\"url\":\"https:\/\/iotautomation.com.au\/fr\/\",\"logo\":{\"@type\":\"ImageObject\",\"inLanguage\":\"fr-FR\",\"@id\":\"https:\/\/iotautomation.com.au\/fr\/#\/schema\/logo\/image\/\",\"url\":\"https:\/\/iotautomation.com.au\/wp-content\/uploads\/2021\/01\/IoT-logo.png\",\"contentUrl\":\"https:\/\/iotautomation.com.au\/wp-content\/uploads\/2021\/01\/IoT-logo.png\",\"width\":200,\"height\":220,\"caption\":\"IoT Automation\"},\"image\":{\"@id\":\"https:\/\/iotautomation.com.au\/fr\/#\/schema\/logo\/image\/\"},\"sameAs\":[\"https:\/\/www.linkedin.com\/company\/7786783\/admin\/\",\"https:\/\/www.youtube.com\/channel\/UCcOtd-kQGJDlAElF_VOHpLA\"]}]}<\/script>\n<!-- \/ Yoast SEO plugin. -->","yoast_head_json":{"title":"Applications - Exploitation mini\u00e8re souterraine - IoT Automation","description":"La navigation visuelle et la facilit\u00e9 de communication dans l'environnement minier souterrain sont essentielles.","robots":{"index":"index","follow":"follow","max-snippet":"max-snippet:-1","max-image-preview":"max-image-preview:large","max-video-preview":"max-video-preview:-1"},"canonical":"https:\/\/iotautomation.com.au\/fr\/applications-exploitation-miniere-souterraine\/","og_locale":"fr_FR","og_type":"article","og_title":"Applications - Exploitation mini\u00e8re souterraine - IoT Automation","og_description":"La navigation visuelle et la facilit\u00e9 de communication dans l'environnement minier souterrain sont essentielles.","og_url":"https:\/\/iotautomation.com.au\/fr\/applications-exploitation-miniere-souterraine\/","og_site_name":"IoT Automation","article_modified_time":"2025-03-18T04:46:41+00:00","twitter_card":"summary_large_image","twitter_misc":{"Dur\u00e9e de lecture estim\u00e9e":"2 minutes"},"schema":{"@context":"https:\/\/schema.org","@graph":[{"@type":"WebPage","@id":"https:\/\/iotautomation.com.au\/fr\/applications-exploitation-miniere-souterraine\/","url":"https:\/\/iotautomation.com.au\/fr\/applications-exploitation-miniere-souterraine\/","name":"Applications - Exploitation mini\u00e8re souterraine - IoT Automation","isPartOf":{"@id":"https:\/\/iotautomation.com.au\/fr\/#website"},"datePublished":"2021-02-08T04:52:30+00:00","dateModified":"2025-03-18T04:46:41+00:00","description":"La navigation visuelle et la facilit\u00e9 de communication dans l'environnement minier souterrain sont essentielles.","breadcrumb":{"@id":"https:\/\/iotautomation.com.au\/fr\/applications-exploitation-miniere-souterraine\/#breadcrumb"},"inLanguage":"fr-FR","potentialAction":[{"@type":"ReadAction","target":["https:\/\/iotautomation.com.au\/fr\/applications-exploitation-miniere-souterraine\/"]}]},{"@type":"BreadcrumbList","@id":"https:\/\/iotautomation.com.au\/fr\/applications-exploitation-miniere-souterraine\/#breadcrumb","itemListElement":[{"@type":"ListItem","position":1,"name":"Home","item":"https:\/\/iotautomation.com.au\/fr\/"},{"@type":"ListItem","position":2,"name":"Applications &#8211; Exploitation mini\u00e8re souterraine"}]},{"@type":"WebSite","@id":"https:\/\/iotautomation.com.au\/fr\/#website","url":"https:\/\/iotautomation.com.au\/fr\/","name":"IoT Automation","description":"Pioneering Smart Lighting","publisher":{"@id":"https:\/\/iotautomation.com.au\/fr\/#organization"},"potentialAction":[{"@type":"SearchAction","target":{"@type":"EntryPoint","urlTemplate":"https:\/\/iotautomation.com.au\/fr\/?s={search_term_string}"},"query-input":{"@type":"PropertyValueSpecification","valueRequired":true,"valueName":"search_term_string"}}],"inLanguage":"fr-FR"},{"@type":"Organization","@id":"https:\/\/iotautomation.com.au\/fr\/#organization","name":"IoT Automation","url":"https:\/\/iotautomation.com.au\/fr\/","logo":{"@type":"ImageObject","inLanguage":"fr-FR","@id":"https:\/\/iotautomation.com.au\/fr\/#\/schema\/logo\/image\/","url":"https:\/\/iotautomation.com.au\/wp-content\/uploads\/2021\/01\/IoT-logo.png","contentUrl":"https:\/\/iotautomation.com.au\/wp-content\/uploads\/2021\/01\/IoT-logo.png","width":200,"height":220,"caption":"IoT Automation"},"image":{"@id":"https:\/\/iotautomation.com.au\/fr\/#\/schema\/logo\/image\/"},"sameAs":["https:\/\/www.linkedin.com\/company\/7786783\/admin\/","https:\/\/www.youtube.com\/channel\/UCcOtd-kQGJDlAElF_VOHpLA"]}]}},"_links":{"self":[{"href":"https:\/\/iotautomation.com.au\/fr\/wp-json\/wp\/v2\/pages\/6976","targetHints":{"allow":["GET"]}}],"collection":[{"href":"https:\/\/iotautomation.com.au\/fr\/wp-json\/wp\/v2\/pages"}],"about":[{"href":"https:\/\/iotautomation.com.au\/fr\/wp-json\/wp\/v2\/types\/page"}],"author":[{"embeddable":true,"href":"https:\/\/iotautomation.com.au\/fr\/wp-json\/wp\/v2\/users\/1"}],"replies":[{"embeddable":true,"href":"https:\/\/iotautomation.com.au\/fr\/wp-json\/wp\/v2\/comments?post=6976"}],"version-history":[{"count":4,"href":"https:\/\/iotautomation.com.au\/fr\/wp-json\/wp\/v2\/pages\/6976\/revisions"}],"predecessor-version":[{"id":7693,"href":"https:\/\/iotautomation.com.au\/fr\/wp-json\/wp\/v2\/pages\/6976\/revisions\/7693"}],"wp:attachment":[{"href":"https:\/\/iotautomation.com.au\/fr\/wp-json\/wp\/v2\/media?parent=6976"}],"curies":[{"name":"wp","href":"https:\/\/api.w.org\/{rel}","templated":true}]}}