{"id":8863,"date":"2026-01-22T07:20:12","date_gmt":"2026-01-22T07:20:12","guid":{"rendered":"https:\/\/iotautomation.com.au\/application-emergency-evacuation-management\/"},"modified":"2026-01-22T07:52:33","modified_gmt":"2026-01-22T07:52:33","slug":"application-emergency-evacuation-management","status":"publish","type":"page","link":"https:\/\/iotautomation.com.au\/de\/application-emergency-evacuation-management\/","title":{"rendered":"Anwendung \u2013 Notfall-Evakuierungsmanagement"},"content":{"rendered":"\t\t<div data-elementor-type=\"wp-page\" data-elementor-id=\"8863\" class=\"elementor elementor-8863 elementor-8838\">\n\t\t\t\t\t\t<section class=\"elementor-section elementor-top-section elementor-element elementor-element-abb1f12 elementor-section-height-min-height elementor-section-items-bottom elementor-section-boxed elementor-section-height-default\" data-id=\"abb1f12\" data-element_type=\"section\" data-settings=\"{&quot;background_background&quot;:&quot;classic&quot;}\">\n\t\t\t\t\t\t<div class=\"elementor-container elementor-column-gap-default\">\n\t\t\t\t\t<div class=\"elementor-column elementor-col-100 elementor-top-column elementor-element elementor-element-dd91b2f\" data-id=\"dd91b2f\" data-element_type=\"column\">\n\t\t\t<div class=\"elementor-widget-wrap elementor-element-populated\">\n\t\t\t\t\t\t<div class=\"elementor-element elementor-element-132600c elementor-widget elementor-widget-heading\" data-id=\"132600c\" data-element_type=\"widget\" data-widget_type=\"heading.default\">\n\t\t\t\t<div class=\"elementor-widget-container\">\n\t\t\t<style>\/*! elementor - v3.23.0 - 05-08-2024 *\/\n.elementor-heading-title{padding:0;margin:0;line-height:1}.elementor-widget-heading .elementor-heading-title[class*=elementor-size-]>a{color:inherit;font-size:inherit;line-height:inherit}.elementor-widget-heading .elementor-heading-title.elementor-size-small{font-size:15px}.elementor-widget-heading .elementor-heading-title.elementor-size-medium{font-size:19px}.elementor-widget-heading .elementor-heading-title.elementor-size-large{font-size:29px}.elementor-widget-heading .elementor-heading-title.elementor-size-xl{font-size:39px}.elementor-widget-heading .elementor-heading-title.elementor-size-xxl{font-size:59px}<\/style><h2 class=\"elementor-heading-title elementor-size-default\">Anwendungsbereiche \u2013 Notfall-Evakuierungsmanagement\n<\/h2>\t\t<\/div>\n\t\t\t\t<\/div>\n\t\t\t\t\t<\/div>\n\t\t<\/div>\n\t\t\t\t\t<\/div>\n\t\t<\/section>\n\t\t\t\t<section class=\"elementor-section elementor-top-section elementor-element elementor-element-4e5aad9 elementor-section-stretched elementor-section-boxed elementor-section-height-default elementor-section-height-default\" data-id=\"4e5aad9\" data-element_type=\"section\" data-settings=\"{&quot;stretch_section&quot;:&quot;section-stretched&quot;,&quot;background_background&quot;:&quot;classic&quot;}\">\n\t\t\t\t\t\t<div class=\"elementor-container elementor-column-gap-no\">\n\t\t\t\t\t<div class=\"elementor-column elementor-col-100 elementor-top-column elementor-element elementor-element-013bab7\" data-id=\"013bab7\" data-element_type=\"column\">\n\t\t\t<div class=\"elementor-widget-wrap elementor-element-populated\">\n\t\t\t\t\t\t<section class=\"elementor-section elementor-inner-section elementor-element elementor-element-55b85c3 animated-fast elementor-section-boxed elementor-section-height-default elementor-section-height-default elementor-invisible\" data-id=\"55b85c3\" data-element_type=\"section\" data-settings=\"{&quot;animation&quot;:&quot;fadeInUp&quot;,&quot;animation_delay&quot;:0}\">\n\t\t\t\t\t\t<div class=\"elementor-container elementor-column-gap-no\">\n\t\t\t\t\t<div class=\"elementor-column elementor-col-100 elementor-inner-column elementor-element elementor-element-ea1a4f7\" data-id=\"ea1a4f7\" data-element_type=\"column\">\n\t\t\t<div class=\"elementor-widget-wrap elementor-element-populated\">\n\t\t\t\t\t\t<div class=\"elementor-element elementor-element-f811828 elementor-widget elementor-widget-text-editor\" data-id=\"f811828\" data-element_type=\"widget\" data-widget_type=\"text-editor.default\">\n\t\t\t\t<div class=\"elementor-widget-container\">\n\t\t\t<style>\/*! elementor - v3.23.0 - 05-08-2024 *\/\n.elementor-widget-text-editor.elementor-drop-cap-view-stacked .elementor-drop-cap{background-color:#69727d;color:#fff}.elementor-widget-text-editor.elementor-drop-cap-view-framed .elementor-drop-cap{color:#69727d;border:3px solid;background-color:transparent}.elementor-widget-text-editor:not(.elementor-drop-cap-view-default) .elementor-drop-cap{margin-top:8px}.elementor-widget-text-editor:not(.elementor-drop-cap-view-default) .elementor-drop-cap-letter{width:1em;height:1em}.elementor-widget-text-editor .elementor-drop-cap{float:left;text-align:center;line-height:1;font-size:50px}.elementor-widget-text-editor .elementor-drop-cap-letter{display:inline-block}<\/style>\t\t\t\t<a class=\"elementor-button-link elementor-button elementor-size-sm fancybox-inline\" style=\"background-color: #8dc540;\" role=\"button\" href=\"#pdf-modal\" data-link=\"https:\/\/iotautomation.com.au\/wp-content\/uploads\/2026\/01\/IOT-FireFly-Siren-Data-Sheet-Jan1926-V5.pdf\" data-title=\"Firefly Smart Lighting System\"><span class=\"elementor-button-content-wrapper\"><span class=\"elementor-button-text\">Datenblatt herunterladen<\/span><\/span><\/a>\t\t\t\t\t\t<\/div>\n\t\t\t\t<\/div>\n\t\t\t\t\t<\/div>\n\t\t<\/div>\n\t\t\t\t\t<\/div>\n\t\t<\/section>\n\t\t\t\t<section class=\"elementor-section elementor-inner-section elementor-element elementor-element-d671610 animated-fast elementor-section-content-middle elementor-section-boxed elementor-section-height-default elementor-section-height-default elementor-invisible\" data-id=\"d671610\" data-element_type=\"section\" data-settings=\"{&quot;animation&quot;:&quot;fadeInUp&quot;,&quot;animation_delay&quot;:0}\">\n\t\t\t\t\t\t<div class=\"elementor-container elementor-column-gap-no\">\n\t\t\t\t\t<div class=\"elementor-column elementor-col-100 elementor-inner-column elementor-element elementor-element-40af96b\" data-id=\"40af96b\" data-element_type=\"column\">\n\t\t\t<div class=\"elementor-widget-wrap elementor-element-populated\">\n\t\t\t\t\t\t<div class=\"elementor-element elementor-element-2fe9a63 elementor-widget elementor-widget-heading\" data-id=\"2fe9a63\" data-element_type=\"widget\" data-widget_type=\"heading.default\">\n\t\t\t\t<div class=\"elementor-widget-container\">\n\t\t\t<h5 class=\"elementor-heading-title elementor-size-default\">Problem:<\/h5>\t\t<\/div>\n\t\t\t\t<\/div>\n\t\t\t\t<div class=\"elementor-element elementor-element-6e2b166 elementor-widget elementor-widget-text-editor\" data-id=\"6e2b166\" data-element_type=\"widget\" data-widget_type=\"text-editor.default\">\n\t\t\t\t<div class=\"elementor-widget-container\">\n\t\t\t\t\t\t\t<p>Untertagebau ist aufgrund der eingeschr\u00e4nkten Sicht und des hohen Umgebungsl\u00e4rms mit hohen Risiken verbunden. Visuelle Warnsignale sind daher unerl\u00e4sslich, k\u00f6nnen aber bei schlechten Lichtverh\u00e4ltnissen oder in staubigen, von Maschinen durchsetzten Bereichen leicht \u00fcbersehen werden.<\/p><p>Bei Notf\u00e4llen wie Gasaustritten oder Sprengarbeiten erh\u00f6ht die alleinige Orientierung an visuellen Signalen das Risiko von Missverst\u00e4ndnissen und verz\u00f6gerter Reaktion.<\/p><p>Bergwerke ben\u00f6tigen ein zuverl\u00e4ssiges, standortweites Kommunikationssystem, das sicherstellt, dass die Arbeiter in allen Arbeitsbereichen, auch unter schwierigsten Bedingungen, klare und zeitnahe Warnmeldungen erhalten.<\/p>\t\t\t\t\t\t<\/div>\n\t\t\t\t<\/div>\n\t\t\t\t<div class=\"elementor-element elementor-element-386a6cf elementor-widget elementor-widget-heading\" data-id=\"386a6cf\" data-element_type=\"widget\" data-widget_type=\"heading.default\">\n\t\t\t\t<div class=\"elementor-widget-container\">\n\t\t\t<h5 class=\"elementor-heading-title elementor-size-default\">L\u00f6sung:<\/h5>\t\t<\/div>\n\t\t\t\t<\/div>\n\t\t\t\t<div class=\"elementor-element elementor-element-971f858 elementor-widget elementor-widget-text-editor\" data-id=\"971f858\" data-element_type=\"widget\" data-widget_type=\"text-editor.default\">\n\t\t\t\t<div class=\"elementor-widget-container\">\n\t\t\t\t\t\t\t<p>Die FireFly-Sirene von IoT Automation integriert sich nahtlos in das FireFly Smart Lighting Netzwerk und schafft so ein einheitliches Kommunikationssystem, das visuelle und akustische Warnsignale kombiniert, um einen sichereren Untertagebetrieb zu unterst\u00fctzen.<\/p><p>Die FireFly-Sirene wurde speziell f\u00fcr den Einsatz im Untertagebau und Tunnelbau entwickelt und ist kompakt, robust und f\u00fcr den zuverl\u00e4ssigen Betrieb unter rauen Bedingungen ausgelegt. Sie l\u00e4sst sich mithilfe des Standard-FireFly-Steckers in bestehende FireFly-Lichtketten integrieren und erm\u00f6glicht so eine schnelle Plug-and-Play-Installation ohne zus\u00e4tzliche Infrastruktur.<\/p><p>Die FireFly-Sirene arbeitet mit 12\u201360 V Gleichstrom und nur 4 W und ist daher besonders energieeffizient. Ein integrierter LiPo-Akku sorgt daf\u00fcr, dass die Alarme auch bei Stromausf\u00e4llen aktiv bleiben und die Kommunikation in kritischen Situationen gew\u00e4hrleistet ist.<\/p><p>Dank WLAN- und Bluetooth Low Energy-Konnektivit\u00e4t l\u00e4sst sich die FireFly-Sirene \u00fcber die IoT Hive-Webplattform steuern. Dies erm\u00f6glicht die zentrale Konfiguration, Zeitplanung und automatisierte Reaktionen. Akustische Alarme k\u00f6nnen zudem manuell oder automatisch ausgel\u00f6st werden, beispielsweise bei Sprengungen oder \u00dcberschreitung von Schwellenwerten durch Umweltsensoren.<\/p><p>Die FireFly-Sirene kann auch als eigenst\u00e4ndiges Ger\u00e4t an mobilen Maschinen oder fest installierten Anlagen montiert werden, wodurch mobile Sicherheitszonen geschaffen und die Abdeckung auf Bereiche ausgedehnt wird, in denen FireFly-Lichterketten m\u00f6glicherweise nicht installiert sind.<\/p>\t\t\t\t\t\t<\/div>\n\t\t\t\t<\/div>\n\t\t\t\t<div class=\"elementor-element elementor-element-6fd11d8 elementor-widget elementor-widget-heading\" data-id=\"6fd11d8\" data-element_type=\"widget\" data-widget_type=\"heading.default\">\n\t\t\t\t<div class=\"elementor-widget-container\">\n\t\t\t<h5 class=\"elementor-heading-title elementor-size-default\">Vorteile:<\/h5>\t\t<\/div>\n\t\t\t\t<\/div>\n\t\t\t\t<div class=\"elementor-element elementor-element-5dcfef4 elementor-widget elementor-widget-text-editor\" data-id=\"5dcfef4\" data-element_type=\"widget\" data-widget_type=\"text-editor.default\">\n\t\t\t\t<div class=\"elementor-widget-container\">\n\t\t\t\t\t\t\t<p>Durch die Kombination von akustischen und visuellen Warnsignalen verbessert die FireFly-Sirene die Verst\u00e4ndlichkeit und verringert das Risiko von \u00fcbersehenen oder missverstandenen Warnungen in unterirdischen Umgebungen, wo hoher Umgebungsl\u00e4rm, Staub und geringe Sichtverh\u00e4ltnisse st\u00e4ndige Herausforderungen darstellen.<\/p><p>Klare und einheitliche Warnmeldungen helfen den Arbeitern, bei Notf\u00e4llen, Sprengarbeiten und Evakuierungen schneller zu reagieren, reduzieren Verwirrung und unterst\u00fctzen eine sicherere Entscheidungsfindung in allen Arbeitsbereichen.<\/p><p>Die zentrale Steuerung und Automatisierung \u00fcber die IoT Hive-Plattform verringert die Abh\u00e4ngigkeit von manuellen Signalen und standortspezifischen Behelfsl\u00f6sungen und verbessert so die Betriebskonsistenz und -zuverl\u00e4ssigkeit.<\/p><p>Das Ergebnis ist eine robustere unterirdische Kommunikationsschicht, die sich an ver\u00e4nderte Betriebsbedingungen anpasst, sicherere Arbeitsabl\u00e4ufe unterst\u00fctzt und die allgemeine Sicherheit vor Ort st\u00e4rkt, ohne die Systemkomplexit\u00e4t zu erh\u00f6hen.<\/p>\t\t\t\t\t\t<\/div>\n\t\t\t\t<\/div>\n\t\t\t\t\t<\/div>\n\t\t<\/div>\n\t\t\t\t\t<\/div>\n\t\t<\/section>\n\t\t\t\t\t<\/div>\n\t\t<\/div>\n\t\t\t\t\t<\/div>\n\t\t<\/section>\n\t\t\t\t<\/div>\n\t\t","protected":false},"excerpt":{"rendered":"<p>Anwendungsbereiche \u2013 Notfall-Evakuierungsmanagement Datenblatt herunterladen Problem: Untertagebau ist aufgrund der eingeschr\u00e4nkten Sicht und des hohen Umgebungsl\u00e4rms mit hohen Risiken verbunden. Visuelle Warnsignale sind daher unerl\u00e4sslich, k\u00f6nnen aber bei schlechten Lichtverh\u00e4ltnissen oder in staubigen, von Maschinen durchsetzten Bereichen leicht \u00fcbersehen werden. Bei Notf\u00e4llen wie Gasaustritten oder Sprengarbeiten erh\u00f6ht die alleinige Orientierung an visuellen Signalen das Risiko &hellip;<\/p>\n<p class=\"read-more\"> <a class=\"\" href=\"https:\/\/iotautomation.com.au\/de\/application-emergency-evacuation-management\/\"> <span class=\"screen-reader-text\">Anwendung \u2013 Notfall-Evakuierungsmanagement<\/span> Weiterlesen &raquo;<\/a><\/p>\n","protected":false},"author":3,"featured_media":0,"parent":0,"menu_order":0,"comment_status":"closed","ping_status":"closed","template":"","meta":{"site-sidebar-layout":"no-sidebar","site-content-layout":"page-builder","ast-global-header-display":"","ast-main-header-display":"","ast-hfb-above-header-display":"","ast-hfb-below-header-display":"","ast-hfb-mobile-header-display":"","site-post-title":"disabled","ast-breadcrumbs-content":"","ast-featured-img":"disabled","footer-sml-layout":"","theme-transparent-header-meta":"","adv-header-id-meta":"","stick-header-meta":"","header-above-stick-meta":"","header-main-stick-meta":"","header-below-stick-meta":"","footnotes":""},"class_list":["post-8863","page","type-page","status-publish","hentry"],"acf":[],"yoast_head":"<!-- This site is optimized with the Yoast SEO plugin v26.9 - https:\/\/yoast.com\/product\/yoast-seo-wordpress\/ -->\n<title>Anwendung \u2013 Notfall-Evakuierungsmanagement - IoT Automation<\/title>\n<meta name=\"robots\" content=\"index, follow, max-snippet:-1, max-image-preview:large, max-video-preview:-1\" \/>\n<link rel=\"canonical\" href=\"https:\/\/iotautomation.com.au\/de\/application-emergency-evacuation-management\/\" \/>\n<meta property=\"og:locale\" content=\"de_DE\" \/>\n<meta property=\"og:type\" content=\"article\" \/>\n<meta property=\"og:title\" content=\"Anwendung \u2013 Notfall-Evakuierungsmanagement - IoT Automation\" \/>\n<meta property=\"og:description\" content=\"Anwendungsbereiche \u2013 Notfall-Evakuierungsmanagement Datenblatt herunterladen Problem: Untertagebau ist aufgrund der eingeschr\u00e4nkten Sicht und des hohen Umgebungsl\u00e4rms mit hohen Risiken verbunden. Visuelle Warnsignale sind daher unerl\u00e4sslich, k\u00f6nnen aber bei schlechten Lichtverh\u00e4ltnissen oder in staubigen, von Maschinen durchsetzten Bereichen leicht \u00fcbersehen werden. Bei Notf\u00e4llen wie Gasaustritten oder Sprengarbeiten erh\u00f6ht die alleinige Orientierung an visuellen Signalen das Risiko &hellip; Anwendung \u2013 Notfall-Evakuierungsmanagement Weiterlesen &raquo;\" \/>\n<meta property=\"og:url\" content=\"https:\/\/iotautomation.com.au\/de\/application-emergency-evacuation-management\/\" \/>\n<meta property=\"og:site_name\" content=\"IoT Automation\" \/>\n<meta property=\"article:modified_time\" content=\"2026-01-22T07:52:33+00:00\" \/>\n<meta name=\"twitter:card\" content=\"summary_large_image\" \/>\n<meta name=\"twitter:label1\" content=\"Gesch\u00e4tzte Lesezeit\" \/>\n\t<meta name=\"twitter:data1\" content=\"3\u00a0Minuten\" \/>\n<script type=\"application\/ld+json\" class=\"yoast-schema-graph\">{\"@context\":\"https:\/\/schema.org\",\"@graph\":[{\"@type\":\"WebPage\",\"@id\":\"https:\/\/iotautomation.com.au\/de\/application-emergency-evacuation-management\/\",\"url\":\"https:\/\/iotautomation.com.au\/de\/application-emergency-evacuation-management\/\",\"name\":\"Anwendung \u2013 Notfall-Evakuierungsmanagement - IoT Automation\",\"isPartOf\":{\"@id\":\"https:\/\/iotautomation.com.au\/de\/#website\"},\"datePublished\":\"2026-01-22T07:20:12+00:00\",\"dateModified\":\"2026-01-22T07:52:33+00:00\",\"breadcrumb\":{\"@id\":\"https:\/\/iotautomation.com.au\/de\/application-emergency-evacuation-management\/#breadcrumb\"},\"inLanguage\":\"de\",\"potentialAction\":[{\"@type\":\"ReadAction\",\"target\":[\"https:\/\/iotautomation.com.au\/de\/application-emergency-evacuation-management\/\"]}]},{\"@type\":\"BreadcrumbList\",\"@id\":\"https:\/\/iotautomation.com.au\/de\/application-emergency-evacuation-management\/#breadcrumb\",\"itemListElement\":[{\"@type\":\"ListItem\",\"position\":1,\"name\":\"Home\",\"item\":\"https:\/\/iotautomation.com.au\/de\/\"},{\"@type\":\"ListItem\",\"position\":2,\"name\":\"Anwendung \u2013 Notfall-Evakuierungsmanagement\"}]},{\"@type\":\"WebSite\",\"@id\":\"https:\/\/iotautomation.com.au\/de\/#website\",\"url\":\"https:\/\/iotautomation.com.au\/de\/\",\"name\":\"IoT Automation\",\"description\":\"Pioneering Smart Lighting\",\"publisher\":{\"@id\":\"https:\/\/iotautomation.com.au\/de\/#organization\"},\"potentialAction\":[{\"@type\":\"SearchAction\",\"target\":{\"@type\":\"EntryPoint\",\"urlTemplate\":\"https:\/\/iotautomation.com.au\/de\/?s={search_term_string}\"},\"query-input\":{\"@type\":\"PropertyValueSpecification\",\"valueRequired\":true,\"valueName\":\"search_term_string\"}}],\"inLanguage\":\"de\"},{\"@type\":\"Organization\",\"@id\":\"https:\/\/iotautomation.com.au\/de\/#organization\",\"name\":\"IoT Automation\",\"url\":\"https:\/\/iotautomation.com.au\/de\/\",\"logo\":{\"@type\":\"ImageObject\",\"inLanguage\":\"de\",\"@id\":\"https:\/\/iotautomation.com.au\/de\/#\/schema\/logo\/image\/\",\"url\":\"https:\/\/iotautomation.com.au\/wp-content\/uploads\/2021\/01\/IoT-logo.png\",\"contentUrl\":\"https:\/\/iotautomation.com.au\/wp-content\/uploads\/2021\/01\/IoT-logo.png\",\"width\":200,\"height\":220,\"caption\":\"IoT Automation\"},\"image\":{\"@id\":\"https:\/\/iotautomation.com.au\/de\/#\/schema\/logo\/image\/\"},\"sameAs\":[\"https:\/\/www.linkedin.com\/company\/7786783\/admin\/\",\"https:\/\/www.youtube.com\/channel\/UCcOtd-kQGJDlAElF_VOHpLA\"]}]}<\/script>\n<!-- \/ Yoast SEO plugin. -->","yoast_head_json":{"title":"Anwendung \u2013 Notfall-Evakuierungsmanagement - IoT Automation","robots":{"index":"index","follow":"follow","max-snippet":"max-snippet:-1","max-image-preview":"max-image-preview:large","max-video-preview":"max-video-preview:-1"},"canonical":"https:\/\/iotautomation.com.au\/de\/application-emergency-evacuation-management\/","og_locale":"de_DE","og_type":"article","og_title":"Anwendung \u2013 Notfall-Evakuierungsmanagement - IoT Automation","og_description":"Anwendungsbereiche \u2013 Notfall-Evakuierungsmanagement Datenblatt herunterladen Problem: Untertagebau ist aufgrund der eingeschr\u00e4nkten Sicht und des hohen Umgebungsl\u00e4rms mit hohen Risiken verbunden. Visuelle Warnsignale sind daher unerl\u00e4sslich, k\u00f6nnen aber bei schlechten Lichtverh\u00e4ltnissen oder in staubigen, von Maschinen durchsetzten Bereichen leicht \u00fcbersehen werden. Bei Notf\u00e4llen wie Gasaustritten oder Sprengarbeiten erh\u00f6ht die alleinige Orientierung an visuellen Signalen das Risiko &hellip; Anwendung \u2013 Notfall-Evakuierungsmanagement Weiterlesen &raquo;","og_url":"https:\/\/iotautomation.com.au\/de\/application-emergency-evacuation-management\/","og_site_name":"IoT Automation","article_modified_time":"2026-01-22T07:52:33+00:00","twitter_card":"summary_large_image","twitter_misc":{"Gesch\u00e4tzte Lesezeit":"3\u00a0Minuten"},"schema":{"@context":"https:\/\/schema.org","@graph":[{"@type":"WebPage","@id":"https:\/\/iotautomation.com.au\/de\/application-emergency-evacuation-management\/","url":"https:\/\/iotautomation.com.au\/de\/application-emergency-evacuation-management\/","name":"Anwendung \u2013 Notfall-Evakuierungsmanagement - IoT Automation","isPartOf":{"@id":"https:\/\/iotautomation.com.au\/de\/#website"},"datePublished":"2026-01-22T07:20:12+00:00","dateModified":"2026-01-22T07:52:33+00:00","breadcrumb":{"@id":"https:\/\/iotautomation.com.au\/de\/application-emergency-evacuation-management\/#breadcrumb"},"inLanguage":"de","potentialAction":[{"@type":"ReadAction","target":["https:\/\/iotautomation.com.au\/de\/application-emergency-evacuation-management\/"]}]},{"@type":"BreadcrumbList","@id":"https:\/\/iotautomation.com.au\/de\/application-emergency-evacuation-management\/#breadcrumb","itemListElement":[{"@type":"ListItem","position":1,"name":"Home","item":"https:\/\/iotautomation.com.au\/de\/"},{"@type":"ListItem","position":2,"name":"Anwendung \u2013 Notfall-Evakuierungsmanagement"}]},{"@type":"WebSite","@id":"https:\/\/iotautomation.com.au\/de\/#website","url":"https:\/\/iotautomation.com.au\/de\/","name":"IoT Automation","description":"Pioneering Smart Lighting","publisher":{"@id":"https:\/\/iotautomation.com.au\/de\/#organization"},"potentialAction":[{"@type":"SearchAction","target":{"@type":"EntryPoint","urlTemplate":"https:\/\/iotautomation.com.au\/de\/?s={search_term_string}"},"query-input":{"@type":"PropertyValueSpecification","valueRequired":true,"valueName":"search_term_string"}}],"inLanguage":"de"},{"@type":"Organization","@id":"https:\/\/iotautomation.com.au\/de\/#organization","name":"IoT Automation","url":"https:\/\/iotautomation.com.au\/de\/","logo":{"@type":"ImageObject","inLanguage":"de","@id":"https:\/\/iotautomation.com.au\/de\/#\/schema\/logo\/image\/","url":"https:\/\/iotautomation.com.au\/wp-content\/uploads\/2021\/01\/IoT-logo.png","contentUrl":"https:\/\/iotautomation.com.au\/wp-content\/uploads\/2021\/01\/IoT-logo.png","width":200,"height":220,"caption":"IoT Automation"},"image":{"@id":"https:\/\/iotautomation.com.au\/de\/#\/schema\/logo\/image\/"},"sameAs":["https:\/\/www.linkedin.com\/company\/7786783\/admin\/","https:\/\/www.youtube.com\/channel\/UCcOtd-kQGJDlAElF_VOHpLA"]}]}},"_links":{"self":[{"href":"https:\/\/iotautomation.com.au\/de\/wp-json\/wp\/v2\/pages\/8863","targetHints":{"allow":["GET"]}}],"collection":[{"href":"https:\/\/iotautomation.com.au\/de\/wp-json\/wp\/v2\/pages"}],"about":[{"href":"https:\/\/iotautomation.com.au\/de\/wp-json\/wp\/v2\/types\/page"}],"author":[{"embeddable":true,"href":"https:\/\/iotautomation.com.au\/de\/wp-json\/wp\/v2\/users\/3"}],"replies":[{"embeddable":true,"href":"https:\/\/iotautomation.com.au\/de\/wp-json\/wp\/v2\/comments?post=8863"}],"version-history":[{"count":3,"href":"https:\/\/iotautomation.com.au\/de\/wp-json\/wp\/v2\/pages\/8863\/revisions"}],"predecessor-version":[{"id":8890,"href":"https:\/\/iotautomation.com.au\/de\/wp-json\/wp\/v2\/pages\/8863\/revisions\/8890"}],"wp:attachment":[{"href":"https:\/\/iotautomation.com.au\/de\/wp-json\/wp\/v2\/media?parent=8863"}],"curies":[{"name":"wp","href":"https:\/\/api.w.org\/{rel}","templated":true}]}}