{"id":7069,"date":"2017-06-19T07:07:27","date_gmt":"2017-06-19T07:07:27","guid":{"rendered":"https:\/\/iotautomation-staging.nyg1r0.ap-southeast-2.wpstaqhosting.com\/firefly-led-lighting-module\/"},"modified":"2025-02-27T07:30:17","modified_gmt":"2025-02-27T07:30:17","slug":"firefly-led-lighting-module","status":"publish","type":"page","link":"https:\/\/iotautomation.com.au\/de\/firefly-led-lighting-module\/","title":{"rendered":"FireFly LED-Beleuchtung Module_"},"content":{"rendered":"\t\t<div data-elementor-type=\"wp-post\" data-elementor-id=\"7069\" class=\"elementor elementor-7069 elementor-19\">\n\t\t\t\t\t\t<section class=\"elementor-section elementor-top-section elementor-element elementor-element-177af406 elementor-section-stretched elementor-section-boxed elementor-section-height-default elementor-section-height-default\" data-id=\"177af406\" data-element_type=\"section\" data-settings=\"{&quot;stretch_section&quot;:&quot;section-stretched&quot;,&quot;background_background&quot;:&quot;classic&quot;}\">\n\t\t\t\t\t\t<div class=\"elementor-container elementor-column-gap-no\">\n\t\t\t\t\t<div class=\"elementor-column elementor-col-100 elementor-top-column elementor-element elementor-element-67cb8b50\" data-id=\"67cb8b50\" data-element_type=\"column\">\n\t\t\t<div class=\"elementor-widget-wrap elementor-element-populated\">\n\t\t\t\t\t\t<section class=\"elementor-section elementor-inner-section elementor-element elementor-element-6ea91c37 animated-fast elementor-section-boxed elementor-section-height-default elementor-section-height-default elementor-invisible\" data-id=\"6ea91c37\" data-element_type=\"section\" data-settings=\"{&quot;animation&quot;:&quot;fadeInUp&quot;,&quot;animation_delay&quot;:0}\">\n\t\t\t\t\t\t<div class=\"elementor-container elementor-column-gap-no\">\n\t\t\t\t\t<div class=\"elementor-column elementor-col-100 elementor-inner-column elementor-element elementor-element-36de67fd\" data-id=\"36de67fd\" data-element_type=\"column\">\n\t\t\t<div class=\"elementor-widget-wrap elementor-element-populated\">\n\t\t\t\t\t\t<div class=\"elementor-element elementor-element-30e0c9f2 elementor-widget elementor-widget-text-editor\" data-id=\"30e0c9f2\" data-element_type=\"widget\" data-widget_type=\"text-editor.default\">\n\t\t\t\t<div class=\"elementor-widget-container\">\n\t\t\t<style>\/*! elementor - v3.23.0 - 05-08-2024 *\/\n.elementor-widget-text-editor.elementor-drop-cap-view-stacked .elementor-drop-cap{background-color:#69727d;color:#fff}.elementor-widget-text-editor.elementor-drop-cap-view-framed .elementor-drop-cap{color:#69727d;border:3px solid;background-color:transparent}.elementor-widget-text-editor:not(.elementor-drop-cap-view-default) .elementor-drop-cap{margin-top:8px}.elementor-widget-text-editor:not(.elementor-drop-cap-view-default) .elementor-drop-cap-letter{width:1em;height:1em}.elementor-widget-text-editor .elementor-drop-cap{float:left;text-align:center;line-height:1;font-size:50px}.elementor-widget-text-editor .elementor-drop-cap-letter{display:inline-block}<\/style>\t\t\t\t<p>Das FireFly LED-Beleuchtungsmodul ist ein robustes, zweckm\u00e4\u00dfiges und intuitives System, das die Sicht in der Mine, den Arbeitsablauf und vor allem die Sicherheit verbessert. Die mehrfarbige, adressierbare LED-Baugruppe von FireFly mit +48 VDC kann je nach Bedarf eine rote, gr\u00fcne, gelbe, blaue oder wei\u00dfe Tunnelbeleuchtung bieten. Es ist auch so konzipiert, dass es eine Not- oder Evakuierungsbeleuchtung f\u00fcr Untertagearbeiter bietet. Die FireFly-Module sind sicher, zuverl\u00e4ssig und werden vollst\u00e4ndig in Australien entwickelt und hergestellt.   <\/p>\t\t\t\t\t\t<\/div>\n\t\t\t\t<\/div>\n\t\t\t\t\t<\/div>\n\t\t<\/div>\n\t\t\t\t\t<\/div>\n\t\t<\/section>\n\t\t\t\t<section class=\"elementor-section elementor-inner-section elementor-element elementor-element-27e397b animated-fast elementor-section-boxed elementor-section-height-default elementor-section-height-default elementor-invisible\" data-id=\"27e397b\" data-element_type=\"section\" data-settings=\"{&quot;animation&quot;:&quot;fadeInUp&quot;,&quot;animation_delay&quot;:0}\">\n\t\t\t\t\t\t<div class=\"elementor-container elementor-column-gap-no\">\n\t\t\t\t\t<div class=\"elementor-column elementor-col-50 elementor-inner-column elementor-element elementor-element-9c04486\" data-id=\"9c04486\" data-element_type=\"column\">\n\t\t\t<div class=\"elementor-widget-wrap elementor-element-populated\">\n\t\t\t\t\t\t<div class=\"elementor-element elementor-element-1f2b58c elementor-widget elementor-widget-heading\" data-id=\"1f2b58c\" data-element_type=\"widget\" data-widget_type=\"heading.default\">\n\t\t\t\t<div class=\"elementor-widget-container\">\n\t\t\t<style>\/*! elementor - v3.23.0 - 05-08-2024 *\/\n.elementor-heading-title{padding:0;margin:0;line-height:1}.elementor-widget-heading .elementor-heading-title[class*=elementor-size-]>a{color:inherit;font-size:inherit;line-height:inherit}.elementor-widget-heading .elementor-heading-title.elementor-size-small{font-size:15px}.elementor-widget-heading .elementor-heading-title.elementor-size-medium{font-size:19px}.elementor-widget-heading .elementor-heading-title.elementor-size-large{font-size:29px}.elementor-widget-heading .elementor-heading-title.elementor-size-xl{font-size:39px}.elementor-widget-heading .elementor-heading-title.elementor-size-xxl{font-size:59px}<\/style><h5 class=\"elementor-heading-title elementor-size-default\">Die wichtigsten Funktionen von FireFly:  <\/h5>\t\t<\/div>\n\t\t\t\t<\/div>\n\t\t\t\t<div class=\"elementor-element elementor-element-0313d67 elementor-widget elementor-widget-text-editor\" data-id=\"0313d67\" data-element_type=\"widget\" data-widget_type=\"text-editor.default\">\n\t\t\t\t<div class=\"elementor-widget-container\">\n\t\t\t\t\t\t\t<ul>\n<li>FireFly verf\u00fcgt \u00fcber wasserdichte Schnellkupplungen an der Stirnwand auf beiden Seiten des Geh\u00e4uses. Dies erm\u00f6glicht den direkten Anschluss eines gleichstrombetriebenen Steuerkabels und die anschlie\u00dfende Verschaltung oder &#8222;Daisy-Chaining&#8220; mehrerer Leuchten, um die erforderlichen Arbeitsbereiche abzudecken. <\/li>\n<\/ul>\n<ul>\n<li>FireFly hat 18 Hochleistungs-LEDs auf seiner Platine montiert. Es gibt zwei B\u00e4nke mit roten LEDs, zwei B\u00e4nke mit gr\u00fcnen, eine Bank mit gelben und eine mit blauen. Diese hochwertigen und leistungsstarken Leuchten sind ideal f\u00fcr verschiedene Anwendungen im Tunnel.  <\/li>\n<\/ul>\n<ul>\n<li>Multimodales System f\u00fcr Farbe und Funktion, einschlie\u00dflich Stroboskop- und Zugmustern.<\/li>\n<\/ul>\n<ul>\n<li>Die LEDs in FireFly bieten einen weiten Betrachtungswinkel zwischen 110 und 135 Grad und erreichen dennoch eine hohe Energieeffizienz. Dadurch wird eine maximale Exposition und Sichtbarkeit f\u00fcr die Arbeiter erreicht. Bei einem Abstand von 20 m zwischen den FireFly-Modulen kann in einem 5 x 5 m gro\u00dfen Bergbautunnel ein Lux-Wert von &gt;70 Lux erreicht werden.  <\/li>\n<\/ul>\n<ul>\n<li>FireFly-Module werden mit einer Spannung von 6-60 VDC versorgt und \u00fcber einen RS485-Kommunikationsbus gesteuert, die beide \u00fcber ein einzelnes vieradriges Instrumentenkabel vom FireFly-USV-Bedienfeld versorgt werden. Das bedeutet, dass die hochintensiven FireFly-Lampen problemlos an 20 m langen Kreuzungen entlang des Tunnels platziert werden k\u00f6nnen. <\/li>\n<\/ul>\t\t\t\t\t\t<\/div>\n\t\t\t\t<\/div>\n\t\t\t\t<div class=\"elementor-element elementor-element-f10ed00 elementor-widget elementor-widget-heading\" data-id=\"f10ed00\" data-element_type=\"widget\" data-widget_type=\"heading.default\">\n\t\t\t\t<div class=\"elementor-widget-container\">\n\t\t\t<h5 class=\"elementor-heading-title elementor-size-default\"><span style=\"font-weight: 700; font-family: Poppins, Arial, Helvetica, sans-serif; font-size: 16px; font-style: normal; text-align: justify; white-space: normal;\">Vernetzt und gesteuert \u00fcber das Internet<\/span><\/h5>\t\t<\/div>\n\t\t\t\t<\/div>\n\t\t\t\t<div class=\"elementor-element elementor-element-9361794 elementor-widget elementor-widget-text-editor\" data-id=\"9361794\" data-element_type=\"widget\" data-widget_type=\"text-editor.default\">\n\t\t\t\t<div class=\"elementor-widget-container\">\n\t\t\t\t\t\t\t<p>Das FireFly-System wird \u00fcber eine Webanwendung gesteuert. Es erm\u00f6glicht dem Benutzer, die Farben und Modi auszuw\u00e4hlen, in denen entweder eine einzelne FireFly-Lampe oder eine Lichterkette betrieben werden soll. <\/p><p>Es gibt vier Betriebsmodi, die je nach Farbe ausgew\u00e4hlt werden k\u00f6nnen:<\/p><ul><li>All on (einfarbig)<\/li><li>Stroboskop<\/li><li>Vorw\u00e4rts Zug<\/li><li>R\u00fcckw\u00e4rts Zug<\/li><\/ul>\t\t\t\t\t\t<\/div>\n\t\t\t\t<\/div>\n\t\t\t\t\t<\/div>\n\t\t<\/div>\n\t\t\t\t<div class=\"elementor-column elementor-col-50 elementor-inner-column elementor-element elementor-element-65f9f7b\" data-id=\"65f9f7b\" data-element_type=\"column\">\n\t\t\t<div class=\"elementor-widget-wrap elementor-element-populated\">\n\t\t\t\t\t\t<div class=\"elementor-element elementor-element-fe293ac elementor-widget elementor-widget-image\" data-id=\"fe293ac\" data-element_type=\"widget\" data-widget_type=\"image.default\">\n\t\t\t\t<div class=\"elementor-widget-container\">\n\t\t\t<style>\/*! elementor - v3.23.0 - 05-08-2024 *\/\n.elementor-widget-image{text-align:center}.elementor-widget-image a{display:inline-block}.elementor-widget-image a img[src$=\".svg\"]{width:48px}.elementor-widget-image img{vertical-align:middle;display:inline-block}<\/style>\t\t\t\t\t\t\t\t\t\t<img fetchpriority=\"high\" decoding=\"async\" width=\"460\" height=\"600\" src=\"https:\/\/iotautomation.com.au\/wp-content\/uploads\/2021\/01\/FIREFLY_image.png\" class=\"attachment-full size-full wp-image-2320\" alt=\"\" srcset=\"https:\/\/iotautomation.com.au\/wp-content\/uploads\/2021\/01\/FIREFLY_image.png 460w, https:\/\/iotautomation.com.au\/wp-content\/uploads\/2021\/01\/FIREFLY_image-230x300.png 230w\" sizes=\"(max-width: 460px) 100vw, 460px\" \/>\t\t\t\t\t\t\t\t\t\t\t\t\t<\/div>\n\t\t\t\t<\/div>\n\t\t\t\t<div class=\"elementor-element elementor-element-6ade915 elementor-widget elementor-widget-image\" data-id=\"6ade915\" data-element_type=\"widget\" data-widget_type=\"image.default\">\n\t\t\t\t<div class=\"elementor-widget-container\">\n\t\t\t\t\t\t\t\t\t\t\t\t\t<img decoding=\"async\" width=\"600\" height=\"597\" src=\"https:\/\/iotautomation.com.au\/wp-content\/uploads\/2021\/11\/FF-LIGHTS-01.png\" class=\"attachment-full size-full wp-image-3326\" alt=\"\" srcset=\"https:\/\/iotautomation.com.au\/wp-content\/uploads\/2021\/11\/FF-LIGHTS-01.png 600w, https:\/\/iotautomation.com.au\/wp-content\/uploads\/2021\/11\/FF-LIGHTS-01-300x300.png 300w, https:\/\/iotautomation.com.au\/wp-content\/uploads\/2021\/11\/FF-LIGHTS-01-150x150.png 150w\" sizes=\"(max-width: 600px) 100vw, 600px\" \/>\t\t\t\t\t\t\t\t\t\t\t\t\t<\/div>\n\t\t\t\t<\/div>\n\t\t\t\t\t<\/div>\n\t\t<\/div>\n\t\t\t\t\t<\/div>\n\t\t<\/section>\n\t\t\t\t<section class=\"elementor-section elementor-inner-section elementor-element elementor-element-92d2cc7 animated-fast elementor-section-content-middle elementor-section-boxed elementor-section-height-default elementor-section-height-default elementor-invisible\" data-id=\"92d2cc7\" data-element_type=\"section\" data-settings=\"{&quot;animation&quot;:&quot;fadeInUp&quot;,&quot;animation_delay&quot;:0}\">\n\t\t\t\t\t\t<div class=\"elementor-container elementor-column-gap-no\">\n\t\t\t\t\t<div class=\"elementor-column elementor-col-100 elementor-inner-column elementor-element elementor-element-4877c06\" data-id=\"4877c06\" data-element_type=\"column\">\n\t\t\t<div class=\"elementor-widget-wrap elementor-element-populated\">\n\t\t\t\t\t\t<div class=\"elementor-element elementor-element-fd4b5c9 elementor-widget elementor-widget-heading\" data-id=\"fd4b5c9\" data-element_type=\"widget\" data-widget_type=\"heading.default\">\n\t\t\t\t<div class=\"elementor-widget-container\">\n\t\t\t<h5 class=\"elementor-heading-title elementor-size-default\"><span style=\"font-weight: 700; font-family: Poppins, Arial, Helvetica, sans-serif; font-size: 16px; font-style: normal; white-space: normal;\">Zuverl\u00e4ssigkeits- und Sicherheitsmerkmale<\/span><\/h5>\t\t<\/div>\n\t\t\t\t<\/div>\n\t\t\t\t<div class=\"elementor-element elementor-element-77908d8 elementor-widget elementor-widget-text-editor\" data-id=\"77908d8\" data-element_type=\"widget\" data-widget_type=\"text-editor.default\">\n\t\t\t\t<div class=\"elementor-widget-container\">\n\t\t\t\t\t\t\t<p>FireFly ist ein robustes System, das bei der Arbeit nicht versagt. Jedes Modul verf\u00fcgt \u00fcber einen eingebauten 1,5 Ah +3,7 VDC Lithium-Polymer (LiPo)-Akku, der eine Bereitschaftslaufzeit von drei Stunden bietet. Sollte das Kabel, das eine FireFly-Leuchte und ihr USV-Bedienfeld verbindet, jemals besch\u00e4digt oder durchtrennt werden, ist dies eine wesentliche Ausfallsicherheit. Wenn der interne Akkustand abnimmt, wird die Intensit\u00e4t der Firefly-Lampe langsam reduziert, so dass sie eine l\u00e4ngere Laufzeit erreichen kann. Die interne FireFly-Batterie ist ein zus\u00e4tzliches Notstromsystem zu der bereits vorhandenen 6-Stunden-Batteriesicherung, die vom FireFly-USV-Bedienfeld bereitgestellt wird.    <\/p><p>Jede FireFly-Leuchte ist mit einem 802.11b\/g\/n Wi-Fi und Bluetooth Low Energy (BLE 5.0) Funkger\u00e4t ausgestattet, um im Falle einer Besch\u00e4digung des Steuerkabels einen redundanten drahtlosen Kommunikationspfad bereitzustellen. Diese Funktion erm\u00f6glicht es jedem FireFly-Ger\u00e4t auch, ein Wi-Fi- oder BLE-Tag mit einer Genauigkeit von 20 m zu verfolgen und zu positionieren. Dar\u00fcber hinaus k\u00f6nnen Firefly-Lampen drahtlos mit anderen Bluetooth-Ger\u00e4ten wie seismischen und Bodenunterst\u00fctzungsinstrumenten verbunden werden.  <\/p>\t\t\t\t\t\t<\/div>\n\t\t\t\t<\/div>\n\t\t\t\t<div class=\"elementor-element elementor-element-adc547e elementor-button-wrapper elementor-widget elementor-widget-text-editor\" data-id=\"adc547e\" data-element_type=\"widget\" data-widget_type=\"text-editor.default\">\n\t\t\t\t<div class=\"elementor-widget-container\">\n\t\t\t\t\t\t\t<a class=\"elementor-button-link elementor-button elementor-size-sm fancybox-inline data_link fled\" role=\"button\" href=\"#pdf-modal\" data-link=\"https:\/\/iotautomation.com.au\/wp-content\/uploads\/2021\/04\/IoT-Data-Sheet_web-min.pdf\" data-title=\"Firefly LED Lighting Module\u200b\">\n<span class=\"elementor-button-content-wrapper\">\n<span class=\"elementor-button-text\">DATENBLATT HERUNTERLADEN<\/span>\n<\/span>\n<\/a>\t\t\t\t\t\t<\/div>\n\t\t\t\t<\/div>\n\t\t\t\t\t<\/div>\n\t\t<\/div>\n\t\t\t\t\t<\/div>\n\t\t<\/section>\n\t\t\t\t\t<\/div>\n\t\t<\/div>\n\t\t\t\t\t<\/div>\n\t\t<\/section>\n\t\t\t\t<\/div>\n\t\t","protected":false},"excerpt":{"rendered":"<p>Das FireFly LED-Beleuchtungsmodul ist ein robustes, zweckm\u00e4\u00dfiges und intuitives System, das die Sicht in der Mine, den Arbeitsablauf und vor allem die Sicherheit verbessert. Die mehrfarbige, adressierbare LED-Baugruppe von FireFly mit +48 VDC kann je nach Bedarf eine rote, gr\u00fcne, gelbe, blaue oder wei\u00dfe Tunnelbeleuchtung bieten. Es ist auch so konzipiert, dass es eine Not- &hellip;<\/p>\n<p class=\"read-more\"> <a class=\"\" href=\"https:\/\/iotautomation.com.au\/de\/firefly-led-lighting-module\/\"> <span class=\"screen-reader-text\">FireFly LED-Beleuchtung Module_<\/span> Weiterlesen &raquo;<\/a><\/p>\n","protected":false},"author":1,"featured_media":0,"parent":0,"menu_order":0,"comment_status":"closed","ping_status":"closed","template":"","meta":{"site-sidebar-layout":"no-sidebar","site-content-layout":"page-builder","ast-global-header-display":"","ast-main-header-display":"","ast-hfb-above-header-display":"","ast-hfb-below-header-display":"","ast-hfb-mobile-header-display":"","site-post-title":"disabled","ast-breadcrumbs-content":"","ast-featured-img":"disabled","footer-sml-layout":"","theme-transparent-header-meta":"enabled","adv-header-id-meta":"","stick-header-meta":"default","header-above-stick-meta":"","header-main-stick-meta":"","header-below-stick-meta":"","footnotes":""},"class_list":["post-7069","page","type-page","status-publish","hentry"],"acf":[],"yoast_head":"<!-- This site is optimized with the Yoast SEO plugin v26.9 - https:\/\/yoast.com\/product\/yoast-seo-wordpress\/ -->\n<title>FireFly LED-Beleuchtung Module_ - IoT Automation<\/title>\n<meta name=\"description\" content=\"Die mehrfarbige, adressierbare LED-Baugruppe von FireFly mit +48 VDC kann je nach Bedarf eine rote, gr\u00fcne, gelbe, blaue oder wei\u00dfe Tunnelbeleuchtung bieten.\" \/>\n<meta name=\"robots\" content=\"index, follow, max-snippet:-1, max-image-preview:large, max-video-preview:-1\" \/>\n<link rel=\"canonical\" href=\"https:\/\/iotautomation.com.au\/de\/firefly-led-lighting-module\/\" \/>\n<meta property=\"og:locale\" content=\"de_DE\" \/>\n<meta property=\"og:type\" content=\"article\" \/>\n<meta property=\"og:title\" content=\"FireFly LED-Beleuchtung Module_ - IoT Automation\" \/>\n<meta property=\"og:description\" content=\"Die mehrfarbige, adressierbare LED-Baugruppe von FireFly mit +48 VDC kann je nach Bedarf eine rote, gr\u00fcne, gelbe, blaue oder wei\u00dfe Tunnelbeleuchtung bieten.\" \/>\n<meta property=\"og:url\" content=\"https:\/\/iotautomation.com.au\/de\/firefly-led-lighting-module\/\" \/>\n<meta property=\"og:site_name\" content=\"IoT Automation\" \/>\n<meta property=\"article:modified_time\" content=\"2025-02-27T07:30:17+00:00\" \/>\n<meta property=\"og:image\" content=\"https:\/\/iotautomation.com.au\/wp-content\/uploads\/2021\/01\/FIREFLY_image.png\" \/>\n<meta name=\"twitter:card\" content=\"summary_large_image\" \/>\n<meta name=\"twitter:label1\" content=\"Gesch\u00e4tzte Lesezeit\" \/>\n\t<meta name=\"twitter:data1\" content=\"2\u00a0Minuten\" \/>\n<script type=\"application\/ld+json\" class=\"yoast-schema-graph\">{\"@context\":\"https:\/\/schema.org\",\"@graph\":[{\"@type\":\"WebPage\",\"@id\":\"https:\/\/iotautomation.com.au\/de\/firefly-led-lighting-module\/\",\"url\":\"https:\/\/iotautomation.com.au\/de\/firefly-led-lighting-module\/\",\"name\":\"FireFly LED-Beleuchtung Module_ - IoT Automation\",\"isPartOf\":{\"@id\":\"https:\/\/iotautomation.com.au\/de\/#website\"},\"primaryImageOfPage\":{\"@id\":\"https:\/\/iotautomation.com.au\/de\/firefly-led-lighting-module\/#primaryimage\"},\"image\":{\"@id\":\"https:\/\/iotautomation.com.au\/de\/firefly-led-lighting-module\/#primaryimage\"},\"thumbnailUrl\":\"https:\/\/iotautomation.com.au\/wp-content\/uploads\/2021\/01\/FIREFLY_image.png\",\"datePublished\":\"2017-06-19T07:07:27+00:00\",\"dateModified\":\"2025-02-27T07:30:17+00:00\",\"description\":\"Die mehrfarbige, adressierbare LED-Baugruppe von FireFly mit +48 VDC kann je nach Bedarf eine rote, gr\u00fcne, gelbe, blaue oder wei\u00dfe Tunnelbeleuchtung bieten.\",\"breadcrumb\":{\"@id\":\"https:\/\/iotautomation.com.au\/de\/firefly-led-lighting-module\/#breadcrumb\"},\"inLanguage\":\"de\",\"potentialAction\":[{\"@type\":\"ReadAction\",\"target\":[\"https:\/\/iotautomation.com.au\/de\/firefly-led-lighting-module\/\"]}]},{\"@type\":\"ImageObject\",\"inLanguage\":\"de\",\"@id\":\"https:\/\/iotautomation.com.au\/de\/firefly-led-lighting-module\/#primaryimage\",\"url\":\"https:\/\/iotautomation.com.au\/wp-content\/uploads\/2021\/01\/FIREFLY_image.png\",\"contentUrl\":\"https:\/\/iotautomation.com.au\/wp-content\/uploads\/2021\/01\/FIREFLY_image.png\"},{\"@type\":\"BreadcrumbList\",\"@id\":\"https:\/\/iotautomation.com.au\/de\/firefly-led-lighting-module\/#breadcrumb\",\"itemListElement\":[{\"@type\":\"ListItem\",\"position\":1,\"name\":\"Home\",\"item\":\"https:\/\/iotautomation.com.au\/de\/\"},{\"@type\":\"ListItem\",\"position\":2,\"name\":\"FireFly LED-Beleuchtung Module_\"}]},{\"@type\":\"WebSite\",\"@id\":\"https:\/\/iotautomation.com.au\/de\/#website\",\"url\":\"https:\/\/iotautomation.com.au\/de\/\",\"name\":\"IoT Automation\",\"description\":\"Pioneering Smart Lighting\",\"publisher\":{\"@id\":\"https:\/\/iotautomation.com.au\/de\/#organization\"},\"potentialAction\":[{\"@type\":\"SearchAction\",\"target\":{\"@type\":\"EntryPoint\",\"urlTemplate\":\"https:\/\/iotautomation.com.au\/de\/?s={search_term_string}\"},\"query-input\":{\"@type\":\"PropertyValueSpecification\",\"valueRequired\":true,\"valueName\":\"search_term_string\"}}],\"inLanguage\":\"de\"},{\"@type\":\"Organization\",\"@id\":\"https:\/\/iotautomation.com.au\/de\/#organization\",\"name\":\"IoT Automation\",\"url\":\"https:\/\/iotautomation.com.au\/de\/\",\"logo\":{\"@type\":\"ImageObject\",\"inLanguage\":\"de\",\"@id\":\"https:\/\/iotautomation.com.au\/de\/#\/schema\/logo\/image\/\",\"url\":\"https:\/\/iotautomation.com.au\/wp-content\/uploads\/2021\/01\/IoT-logo.png\",\"contentUrl\":\"https:\/\/iotautomation.com.au\/wp-content\/uploads\/2021\/01\/IoT-logo.png\",\"width\":200,\"height\":220,\"caption\":\"IoT Automation\"},\"image\":{\"@id\":\"https:\/\/iotautomation.com.au\/de\/#\/schema\/logo\/image\/\"},\"sameAs\":[\"https:\/\/www.linkedin.com\/company\/7786783\/admin\/\",\"https:\/\/www.youtube.com\/channel\/UCcOtd-kQGJDlAElF_VOHpLA\"]}]}<\/script>\n<!-- \/ Yoast SEO plugin. -->","yoast_head_json":{"title":"FireFly LED-Beleuchtung Module_ - IoT Automation","description":"Die mehrfarbige, adressierbare LED-Baugruppe von FireFly mit +48 VDC kann je nach Bedarf eine rote, gr\u00fcne, gelbe, blaue oder wei\u00dfe Tunnelbeleuchtung bieten.","robots":{"index":"index","follow":"follow","max-snippet":"max-snippet:-1","max-image-preview":"max-image-preview:large","max-video-preview":"max-video-preview:-1"},"canonical":"https:\/\/iotautomation.com.au\/de\/firefly-led-lighting-module\/","og_locale":"de_DE","og_type":"article","og_title":"FireFly LED-Beleuchtung Module_ - IoT Automation","og_description":"Die mehrfarbige, adressierbare LED-Baugruppe von FireFly mit +48 VDC kann je nach Bedarf eine rote, gr\u00fcne, gelbe, blaue oder wei\u00dfe Tunnelbeleuchtung bieten.","og_url":"https:\/\/iotautomation.com.au\/de\/firefly-led-lighting-module\/","og_site_name":"IoT Automation","article_modified_time":"2025-02-27T07:30:17+00:00","og_image":[{"url":"https:\/\/iotautomation.com.au\/wp-content\/uploads\/2021\/01\/FIREFLY_image.png","type":"","width":"","height":""}],"twitter_card":"summary_large_image","twitter_misc":{"Gesch\u00e4tzte Lesezeit":"2\u00a0Minuten"},"schema":{"@context":"https:\/\/schema.org","@graph":[{"@type":"WebPage","@id":"https:\/\/iotautomation.com.au\/de\/firefly-led-lighting-module\/","url":"https:\/\/iotautomation.com.au\/de\/firefly-led-lighting-module\/","name":"FireFly LED-Beleuchtung Module_ - IoT Automation","isPartOf":{"@id":"https:\/\/iotautomation.com.au\/de\/#website"},"primaryImageOfPage":{"@id":"https:\/\/iotautomation.com.au\/de\/firefly-led-lighting-module\/#primaryimage"},"image":{"@id":"https:\/\/iotautomation.com.au\/de\/firefly-led-lighting-module\/#primaryimage"},"thumbnailUrl":"https:\/\/iotautomation.com.au\/wp-content\/uploads\/2021\/01\/FIREFLY_image.png","datePublished":"2017-06-19T07:07:27+00:00","dateModified":"2025-02-27T07:30:17+00:00","description":"Die mehrfarbige, adressierbare LED-Baugruppe von FireFly mit +48 VDC kann je nach Bedarf eine rote, gr\u00fcne, gelbe, blaue oder wei\u00dfe Tunnelbeleuchtung bieten.","breadcrumb":{"@id":"https:\/\/iotautomation.com.au\/de\/firefly-led-lighting-module\/#breadcrumb"},"inLanguage":"de","potentialAction":[{"@type":"ReadAction","target":["https:\/\/iotautomation.com.au\/de\/firefly-led-lighting-module\/"]}]},{"@type":"ImageObject","inLanguage":"de","@id":"https:\/\/iotautomation.com.au\/de\/firefly-led-lighting-module\/#primaryimage","url":"https:\/\/iotautomation.com.au\/wp-content\/uploads\/2021\/01\/FIREFLY_image.png","contentUrl":"https:\/\/iotautomation.com.au\/wp-content\/uploads\/2021\/01\/FIREFLY_image.png"},{"@type":"BreadcrumbList","@id":"https:\/\/iotautomation.com.au\/de\/firefly-led-lighting-module\/#breadcrumb","itemListElement":[{"@type":"ListItem","position":1,"name":"Home","item":"https:\/\/iotautomation.com.au\/de\/"},{"@type":"ListItem","position":2,"name":"FireFly LED-Beleuchtung Module_"}]},{"@type":"WebSite","@id":"https:\/\/iotautomation.com.au\/de\/#website","url":"https:\/\/iotautomation.com.au\/de\/","name":"IoT Automation","description":"Pioneering Smart Lighting","publisher":{"@id":"https:\/\/iotautomation.com.au\/de\/#organization"},"potentialAction":[{"@type":"SearchAction","target":{"@type":"EntryPoint","urlTemplate":"https:\/\/iotautomation.com.au\/de\/?s={search_term_string}"},"query-input":{"@type":"PropertyValueSpecification","valueRequired":true,"valueName":"search_term_string"}}],"inLanguage":"de"},{"@type":"Organization","@id":"https:\/\/iotautomation.com.au\/de\/#organization","name":"IoT Automation","url":"https:\/\/iotautomation.com.au\/de\/","logo":{"@type":"ImageObject","inLanguage":"de","@id":"https:\/\/iotautomation.com.au\/de\/#\/schema\/logo\/image\/","url":"https:\/\/iotautomation.com.au\/wp-content\/uploads\/2021\/01\/IoT-logo.png","contentUrl":"https:\/\/iotautomation.com.au\/wp-content\/uploads\/2021\/01\/IoT-logo.png","width":200,"height":220,"caption":"IoT Automation"},"image":{"@id":"https:\/\/iotautomation.com.au\/de\/#\/schema\/logo\/image\/"},"sameAs":["https:\/\/www.linkedin.com\/company\/7786783\/admin\/","https:\/\/www.youtube.com\/channel\/UCcOtd-kQGJDlAElF_VOHpLA"]}]}},"_links":{"self":[{"href":"https:\/\/iotautomation.com.au\/de\/wp-json\/wp\/v2\/pages\/7069","targetHints":{"allow":["GET"]}}],"collection":[{"href":"https:\/\/iotautomation.com.au\/de\/wp-json\/wp\/v2\/pages"}],"about":[{"href":"https:\/\/iotautomation.com.au\/de\/wp-json\/wp\/v2\/types\/page"}],"author":[{"embeddable":true,"href":"https:\/\/iotautomation.com.au\/de\/wp-json\/wp\/v2\/users\/1"}],"replies":[{"embeddable":true,"href":"https:\/\/iotautomation.com.au\/de\/wp-json\/wp\/v2\/comments?post=7069"}],"version-history":[{"count":1,"href":"https:\/\/iotautomation.com.au\/de\/wp-json\/wp\/v2\/pages\/7069\/revisions"}],"predecessor-version":[{"id":7071,"href":"https:\/\/iotautomation.com.au\/de\/wp-json\/wp\/v2\/pages\/7069\/revisions\/7071"}],"wp:attachment":[{"href":"https:\/\/iotautomation.com.au\/de\/wp-json\/wp\/v2\/media?parent=7069"}],"curies":[{"name":"wp","href":"https:\/\/api.w.org\/{rel}","templated":true}]}}