{"id":7045,"date":"2020-12-16T06:33:59","date_gmt":"2020-12-16T06:33:59","guid":{"rendered":"https:\/\/iotautomation-staging.nyg1r0.ap-southeast-2.wpstaqhosting.com\/anwendungen-tunnelbau\/"},"modified":"2025-03-18T04:58:28","modified_gmt":"2025-03-18T04:58:28","slug":"anwendungen-tunnelbau","status":"publish","type":"page","link":"https:\/\/iotautomation.com.au\/de\/anwendungen-tunnelbau\/","title":{"rendered":"Anwendungen &#8211; Tunnelbau"},"content":{"rendered":"\t\t<div data-elementor-type=\"wp-page\" data-elementor-id=\"7045\" class=\"elementor elementor-7045 elementor-1788\">\n\t\t\t\t\t\t<section class=\"elementor-section elementor-top-section elementor-element elementor-element-1e07f62 elementor-section-height-min-height elementor-section-items-bottom elementor-section-boxed elementor-section-height-default\" data-id=\"1e07f62\" data-element_type=\"section\" data-settings=\"{&quot;background_background&quot;:&quot;classic&quot;}\">\n\t\t\t\t\t\t<div class=\"elementor-container elementor-column-gap-default\">\n\t\t\t\t\t<div class=\"elementor-column elementor-col-100 elementor-top-column elementor-element elementor-element-c4f3114\" data-id=\"c4f3114\" data-element_type=\"column\">\n\t\t\t<div class=\"elementor-widget-wrap elementor-element-populated\">\n\t\t\t\t\t\t<div class=\"elementor-element elementor-element-b2e95c7 elementor-widget elementor-widget-heading\" data-id=\"b2e95c7\" data-element_type=\"widget\" data-widget_type=\"heading.default\">\n\t\t\t\t<div class=\"elementor-widget-container\">\n\t\t\t<style>\/*! elementor - v3.23.0 - 05-08-2024 *\/\n.elementor-heading-title{padding:0;margin:0;line-height:1}.elementor-widget-heading .elementor-heading-title[class*=elementor-size-]>a{color:inherit;font-size:inherit;line-height:inherit}.elementor-widget-heading .elementor-heading-title.elementor-size-small{font-size:15px}.elementor-widget-heading .elementor-heading-title.elementor-size-medium{font-size:19px}.elementor-widget-heading .elementor-heading-title.elementor-size-large{font-size:29px}.elementor-widget-heading .elementor-heading-title.elementor-size-xl{font-size:39px}.elementor-widget-heading .elementor-heading-title.elementor-size-xxl{font-size:59px}<\/style><h2 class=\"elementor-heading-title elementor-size-default\">Anwendungen \u2013 Tunnelbau<\/h2>\t\t<\/div>\n\t\t\t\t<\/div>\n\t\t\t\t\t<\/div>\n\t\t<\/div>\n\t\t\t\t\t<\/div>\n\t\t<\/section>\n\t\t\t\t<section class=\"elementor-section elementor-top-section elementor-element elementor-element-2531515d elementor-section-stretched elementor-section-boxed elementor-section-height-default elementor-section-height-default\" data-id=\"2531515d\" data-element_type=\"section\" data-settings=\"{&quot;stretch_section&quot;:&quot;section-stretched&quot;,&quot;background_background&quot;:&quot;classic&quot;}\">\n\t\t\t\t\t\t<div class=\"elementor-container elementor-column-gap-no\">\n\t\t\t\t\t<div class=\"elementor-column elementor-col-100 elementor-top-column elementor-element elementor-element-1a0096f1\" data-id=\"1a0096f1\" data-element_type=\"column\">\n\t\t\t<div class=\"elementor-widget-wrap elementor-element-populated\">\n\t\t\t\t\t\t<section class=\"elementor-section elementor-inner-section elementor-element elementor-element-157a21ba animated-fast elementor-section-boxed elementor-section-height-default elementor-section-height-default elementor-invisible\" data-id=\"157a21ba\" data-element_type=\"section\" data-settings=\"{&quot;animation&quot;:&quot;fadeInUp&quot;,&quot;animation_delay&quot;:0}\">\n\t\t\t\t\t\t<div class=\"elementor-container elementor-column-gap-no\">\n\t\t\t\t\t<div class=\"elementor-column elementor-col-100 elementor-inner-column elementor-element elementor-element-47a8cd6f\" data-id=\"47a8cd6f\" data-element_type=\"column\">\n\t\t\t<div class=\"elementor-widget-wrap elementor-element-populated\">\n\t\t\t\t\t\t<div class=\"elementor-element elementor-element-cf56329 elementor-widget elementor-widget-text-editor\" data-id=\"cf56329\" data-element_type=\"widget\" data-widget_type=\"text-editor.default\">\n\t\t\t\t<div class=\"elementor-widget-container\">\n\t\t\t<style>\/*! elementor - v3.23.0 - 05-08-2024 *\/\n.elementor-widget-text-editor.elementor-drop-cap-view-stacked .elementor-drop-cap{background-color:#69727d;color:#fff}.elementor-widget-text-editor.elementor-drop-cap-view-framed .elementor-drop-cap{color:#69727d;border:3px solid;background-color:transparent}.elementor-widget-text-editor:not(.elementor-drop-cap-view-default) .elementor-drop-cap{margin-top:8px}.elementor-widget-text-editor:not(.elementor-drop-cap-view-default) .elementor-drop-cap-letter{width:1em;height:1em}.elementor-widget-text-editor .elementor-drop-cap{float:left;text-align:center;line-height:1;font-size:50px}.elementor-widget-text-editor .elementor-drop-cap-letter{display:inline-block}<\/style>\t\t\t\t<a class=\"elementor-button-link elementor-button elementor-size-sm fancybox-inline data_link\" role=\"button\" href=\"#pdf-modal\" data-link=\"\/wp-content\/uploads\/2021\/03\/IoT-BRO-TUNNELLING-12P-A4-revised-min2.pdf\" data-title=\"Firefly Smart Lighting System\">\n<span class=\"elementor-button-content-wrapper\">\n<span class=\"elementor-button-text\">BROSCH\u00dcRE HERUNTERLADEN<\/span>\n<\/span>\n<\/a>\t\t\t\t\t\t<\/div>\n\t\t\t\t<\/div>\n\t\t\t\t<div class=\"elementor-element elementor-element-561975d5 elementor-widget elementor-widget-text-editor\" data-id=\"561975d5\" data-element_type=\"widget\" data-widget_type=\"text-editor.default\">\n\t\t\t\t<div class=\"elementor-widget-container\">\n\t\t\t\t\t\t\t<p>Das DragonFly LED-Beleuchtungssystem kann f\u00fcr viele sicherheitsrelevante Beleuchtungsanwendungen in einer unterirdischen Tunnelumgebung verwendet werden.<\/p>\t\t\t\t\t\t<\/div>\n\t\t\t\t<\/div>\n\t\t\t\t\t<\/div>\n\t\t<\/div>\n\t\t\t\t\t<\/div>\n\t\t<\/section>\n\t\t\t\t<section class=\"elementor-section elementor-inner-section elementor-element elementor-element-64557560 animated-fast elementor-section-content-middle elementor-section-boxed elementor-section-height-default elementor-section-height-default elementor-invisible\" data-id=\"64557560\" data-element_type=\"section\" data-settings=\"{&quot;animation&quot;:&quot;fadeInUp&quot;,&quot;animation_delay&quot;:0}\">\n\t\t\t\t\t\t<div class=\"elementor-container elementor-column-gap-no\">\n\t\t\t\t\t<div class=\"elementor-column elementor-col-100 elementor-inner-column elementor-element elementor-element-40499e44\" data-id=\"40499e44\" data-element_type=\"column\">\n\t\t\t<div class=\"elementor-widget-wrap elementor-element-populated\">\n\t\t\t\t\t\t<div class=\"elementor-element elementor-element-7ad4858e elementor-widget elementor-widget-heading\" data-id=\"7ad4858e\" data-element_type=\"widget\" data-widget_type=\"heading.default\">\n\t\t\t\t<div class=\"elementor-widget-container\">\n\t\t\t<h4 class=\"elementor-heading-title elementor-size-default\">Die wichtigsten Vorteile des DragonFly Smart Lighting Systems<\/h4>\t\t<\/div>\n\t\t\t\t<\/div>\n\t\t\t\t<div class=\"elementor-element elementor-element-9029b48 elementor-widget elementor-widget-heading\" data-id=\"9029b48\" data-element_type=\"widget\" data-widget_type=\"heading.default\">\n\t\t\t\t<div class=\"elementor-widget-container\">\n\t\t\t<h5 class=\"elementor-heading-title elementor-size-default\">Schnelles und effektives Gebiets-\/Zonenmanagement:<\/h5>\t\t<\/div>\n\t\t\t\t<\/div>\n\t\t\t\t<div class=\"elementor-element elementor-element-47da373d elementor-widget elementor-widget-text-editor\" data-id=\"47da373d\" data-element_type=\"widget\" data-widget_type=\"text-editor.default\">\n\t\t\t\t<div class=\"elementor-widget-container\">\n\t\t\t\t\t\t\t<ul><li>Das DragonFly Smart Lighting System bietet ein schnelles und effektives Gebiets-\/Zonenmanagement durch Echtzeit-Erkennung und Alarmierung bei risikoreichen Notf\u00e4llen. Es erleichtert die Evakuierung bei Br\u00e4nden und Notf\u00e4llen und leitet Personen zu sicheren Zufluchtsorten oder Gebieten. Das System verbessert die Ausleuchtung f\u00fcr Inspektionen nach Ereignissen und erh\u00f6ht die Aufmerksamkeit f\u00fcr den Fahrzeugverkehr. Au\u00dferdem unterst\u00fctzt es die Daten\u00fcbertragung von Umweltsensoren und geotechnischen Instrumenten und verbessert so die allgemeine Sichtbarkeit und Sicherheit.<\/li><\/ul>\t\t\t\t\t\t<\/div>\n\t\t\t\t<\/div>\n\t\t\t\t<div class=\"elementor-element elementor-element-5ede5765 elementor-widget elementor-widget-heading\" data-id=\"5ede5765\" data-element_type=\"widget\" data-widget_type=\"heading.default\">\n\t\t\t\t<div class=\"elementor-widget-container\">\n\t\t\t<h5 class=\"elementor-heading-title elementor-size-default\">Echtzeit-Alarmierung von brandbetroffenen Zonen - Ausl\u00f6sung einer sofortigen Evakuierung bei Brandf\u00e4llen:<\/h5>\t\t<\/div>\n\t\t\t\t<\/div>\n\t\t\t\t<div class=\"elementor-element elementor-element-450fc127 elementor-widget elementor-widget-text-editor\" data-id=\"450fc127\" data-element_type=\"widget\" data-widget_type=\"text-editor.default\">\n\t\t\t\t<div class=\"elementor-widget-container\">\n\t\t\t\t\t\t\t<ul><li>Der R\u00fcckw\u00e4rts- und Vorw\u00e4rtsschleppmodus erm\u00f6glicht es den DragonFly-Ketten, eine Evakuierungsf\u00fchrungsfunktion zu bieten. Entweder, um einen bestimmten feuergef\u00e4hrdeten Bereich zu verlassen oder um die Arbeiter zum n\u00e4chstgelegenen Schutzraum oder Fluchtpunkt zu leiten.<\/li><\/ul>\t\t\t\t\t\t<\/div>\n\t\t\t\t<\/div>\n\t\t\t\t<div class=\"elementor-element elementor-element-112c00d elementor-widget elementor-widget-heading\" data-id=\"112c00d\" data-element_type=\"widget\" data-widget_type=\"heading.default\">\n\t\t\t\t<div class=\"elementor-widget-container\">\n\t\t\t<h5 class=\"elementor-heading-title elementor-size-default\">Eine zus\u00e4tzliche Warnschicht w\u00e4hrend eines Notfalls:<\/h5>\t\t<\/div>\n\t\t\t\t<\/div>\n\t\t\t\t<div class=\"elementor-element elementor-element-4d35201a elementor-widget elementor-widget-text-editor\" data-id=\"4d35201a\" data-element_type=\"widget\" data-widget_type=\"text-editor.default\">\n\t\t\t\t<div class=\"elementor-widget-container\">\n\t\t\t\t\t\t\t<ul><li>Durch die Blink- und Leuchtfunktion kann das DragonFly-System die Mitarbeiter unter Tage in Echtzeit auf Notf\u00e4lle aufmerksam machen.<\/li><\/ul>\t\t\t\t\t\t<\/div>\n\t\t\t\t<\/div>\n\t\t\t\t<div class=\"elementor-element elementor-element-5a4428ba elementor-widget elementor-widget-heading\" data-id=\"5a4428ba\" data-element_type=\"widget\" data-widget_type=\"heading.default\">\n\t\t\t\t<div class=\"elementor-widget-container\">\n\t\t\t<h5 class=\"elementor-heading-title elementor-size-default\">Zugangskontrolle, Asset Tracking &amp; Situationsbewusstsein in Echtzeit:<\/h5>\t\t<\/div>\n\t\t\t\t<\/div>\n\t\t\t\t<div class=\"elementor-element elementor-element-1b1a59d1 elementor-widget elementor-widget-text-editor\" data-id=\"1b1a59d1\" data-element_type=\"widget\" data-widget_type=\"text-editor.default\">\n\t\t\t\t<div class=\"elementor-widget-container\">\n\t\t\t\t\t\t\t<ul><li>Bluetooth-Beacon-Tags gibt es in einer Vielzahl von Formfaktoren, wobei mehrere Technologien in einem Tag integriert sind<ul><li>Personalausweisanh\u00e4nger (2 Jahre Batterielebensdauer)<ul><li>Bluetooth<\/li><li>Mifare<\/li><li>NFC<\/li><\/ul><\/li><li>Fahrzeuganh\u00e4nger (3 Jahre Batterielebensdauer)<\/li><\/ul><\/li><\/ul>\t\t\t\t\t\t<\/div>\n\t\t\t\t<\/div>\n\t\t\t\t<div class=\"elementor-element elementor-element-5932236 elementor-widget elementor-widget-text-editor\" data-id=\"5932236\" data-element_type=\"widget\" data-widget_type=\"text-editor.default\">\n\t\t\t\t<div class=\"elementor-widget-container\">\n\t\t\t\t\t\t\t<ul><li>Jede Person und jedes Fahrzeug, das sich im Tunnel bewegt, kann von den DragonFly-Lichtern erkannt werden. Ihre Standortdaten k\u00f6nnen dann \u00fcber ein virtuelles Tagboard angezeigt oder \u00fcber eine API an ein Tracking-System eines Drittanbieters gesendet werden.<\/li><li>DragonFly-Leuchten k\u00f6nnen an Schl\u00fcsselstellen des Tunnelnetzes aufgestellt werden, um ein zonenbasiertes Ortungssystem zu schaffen. Die Zugangskontrollpunkte erm\u00f6glichen es den Arbeitern, Drehkreuztore zu betreten und Kartenleseger\u00e4te zu benutzen, die sich in verschiedenen Zonen befinden, darunter ober- und unterirdische Zonen, sichere Zonen und Bauzonen.<\/li><\/ul>\t\t\t\t\t\t<\/div>\n\t\t\t\t<\/div>\n\t\t\t\t<div class=\"elementor-element elementor-element-b54254f elementor-widget elementor-widget-text-editor\" data-id=\"b54254f\" data-element_type=\"widget\" data-widget_type=\"text-editor.default\">\n\t\t\t\t<div class=\"elementor-widget-container\">\n\t\t\t\t\t\t\t<p><strong>Mehrere Farben und Muster erm\u00f6glichen flexible L\u00f6sungen f\u00fcr den Einsatz  <\/strong><\/p><p><strong><span class=\"TextRun SCXW202045653 BCX0\" lang=\"EN-AU\" xml:lang=\"EN-AU\" data-contrast=\"auto\"><span class=\"NormalTextRun SCXW202045653 BCX0\">Eas<\/span><span class=\"NormalTextRun SCXW202045653 BCX0\">y<\/span><span class=\"NormalTextRun SCXW202045653 BCX0\"> Installation<\/span><\/span><span class=\"EOP SCXW202045653 BCX0\" data-ccp-props=\"{\"335551550\":6,\"335551620\":6}\"> <\/span><\/strong><\/p><p><strong><span class=\"TextRun SCXW77463270 BCX0\" lang=\"EN-AU\" xml:lang=\"EN-AU\" data-contrast=\"auto\"><span class=\"NormalTextRun SCXW77463270 BCX0\">Beleuchtet<\/span><span class=\"NormalTextRun SCXW77463270 BCX0\"> Lange Tunnelabst\u00e4nde<\/span><\/span><span class=\"EOP SCXW77463270 BCX0\" data-ccp-props=\"{\"335551550\":6,\"335551620\":6}\"> <\/span><\/strong><\/p><p><strong><span class=\"TextRun SCXW169509087 BCX0\" lang=\"EN-AU\" xml:lang=\"EN-AU\" data-contrast=\"auto\"><span class=\"NormalTextRun SCXW169509087 BCX0\">Einfach zu bedienende Tunnel Manager Software<\/span><\/span><span class=\"EOP SCXW169509087 BCX0\" data-ccp-props=\"{\"335551550\":6,\"335551620\":6}\"> <\/span><\/strong><\/p>\t\t\t\t\t\t<\/div>\n\t\t\t\t<\/div>\n\t\t\t\t\t<\/div>\n\t\t<\/div>\n\t\t\t\t\t<\/div>\n\t\t<\/section>\n\t\t\t\t\t<\/div>\n\t\t<\/div>\n\t\t\t\t\t<\/div>\n\t\t<\/section>\n\t\t\t\t<\/div>\n\t\t","protected":false},"excerpt":{"rendered":"<p>Anwendungen \u2013 Tunnelbau BROSCH\u00dcRE HERUNTERLADEN Das DragonFly LED-Beleuchtungssystem kann f\u00fcr viele sicherheitsrelevante Beleuchtungsanwendungen in einer unterirdischen Tunnelumgebung verwendet werden. Die wichtigsten Vorteile des DragonFly Smart Lighting Systems Schnelles und effektives Gebiets-\/Zonenmanagement: Das DragonFly Smart Lighting System bietet ein schnelles und effektives Gebiets-\/Zonenmanagement durch Echtzeit-Erkennung und Alarmierung bei risikoreichen Notf\u00e4llen. Es erleichtert die Evakuierung bei Br\u00e4nden &hellip;<\/p>\n<p class=\"read-more\"> <a class=\"\" href=\"https:\/\/iotautomation.com.au\/de\/anwendungen-tunnelbau\/\"> <span class=\"screen-reader-text\">Anwendungen &#8211; Tunnelbau<\/span> Weiterlesen &raquo;<\/a><\/p>\n","protected":false},"author":1,"featured_media":0,"parent":0,"menu_order":0,"comment_status":"closed","ping_status":"closed","template":"","meta":{"site-sidebar-layout":"no-sidebar","site-content-layout":"page-builder","ast-global-header-display":"","ast-main-header-display":"","ast-hfb-above-header-display":"","ast-hfb-below-header-display":"","ast-hfb-mobile-header-display":"","site-post-title":"disabled","ast-breadcrumbs-content":"","ast-featured-img":"disabled","footer-sml-layout":"","theme-transparent-header-meta":"enabled","adv-header-id-meta":"","stick-header-meta":"default","header-above-stick-meta":"","header-main-stick-meta":"","header-below-stick-meta":"","footnotes":""},"class_list":["post-7045","page","type-page","status-publish","hentry"],"acf":[],"yoast_head":"<!-- This site is optimized with the Yoast SEO plugin v26.9 - https:\/\/yoast.com\/product\/yoast-seo-wordpress\/ -->\n<title>Anwendungen - Tunnelbau - IoT Automation<\/title>\n<meta name=\"description\" content=\"DragonFly bietet in Tunneln ein Echtzeit-Situationsbewusstsein, Gebietsmanagement, Fahrzeug- und Personenverfolgung und Notbeleuchtung.\" \/>\n<meta name=\"robots\" content=\"index, follow, max-snippet:-1, max-image-preview:large, max-video-preview:-1\" \/>\n<link rel=\"canonical\" href=\"https:\/\/iotautomation.com.au\/de\/anwendungen-tunnelbau\/\" \/>\n<meta property=\"og:locale\" content=\"de_DE\" \/>\n<meta property=\"og:type\" content=\"article\" \/>\n<meta property=\"og:title\" content=\"Anwendungen - Tunnelbau - IoT Automation\" \/>\n<meta property=\"og:description\" content=\"DragonFly bietet in Tunneln ein Echtzeit-Situationsbewusstsein, Gebietsmanagement, Fahrzeug- und Personenverfolgung und Notbeleuchtung.\" \/>\n<meta property=\"og:url\" content=\"https:\/\/iotautomation.com.au\/de\/anwendungen-tunnelbau\/\" \/>\n<meta property=\"og:site_name\" content=\"IoT Automation\" \/>\n<meta property=\"article:modified_time\" content=\"2025-03-18T04:58:28+00:00\" \/>\n<meta name=\"twitter:card\" content=\"summary_large_image\" \/>\n<meta name=\"twitter:label1\" content=\"Gesch\u00e4tzte Lesezeit\" \/>\n\t<meta name=\"twitter:data1\" content=\"2\u00a0Minuten\" \/>\n<script type=\"application\/ld+json\" class=\"yoast-schema-graph\">{\"@context\":\"https:\/\/schema.org\",\"@graph\":[{\"@type\":\"WebPage\",\"@id\":\"https:\/\/iotautomation.com.au\/de\/anwendungen-tunnelbau\/\",\"url\":\"https:\/\/iotautomation.com.au\/de\/anwendungen-tunnelbau\/\",\"name\":\"Anwendungen - Tunnelbau - IoT Automation\",\"isPartOf\":{\"@id\":\"https:\/\/iotautomation.com.au\/de\/#website\"},\"datePublished\":\"2020-12-16T06:33:59+00:00\",\"dateModified\":\"2025-03-18T04:58:28+00:00\",\"description\":\"DragonFly bietet in Tunneln ein Echtzeit-Situationsbewusstsein, Gebietsmanagement, Fahrzeug- und Personenverfolgung und Notbeleuchtung.\",\"breadcrumb\":{\"@id\":\"https:\/\/iotautomation.com.au\/de\/anwendungen-tunnelbau\/#breadcrumb\"},\"inLanguage\":\"de\",\"potentialAction\":[{\"@type\":\"ReadAction\",\"target\":[\"https:\/\/iotautomation.com.au\/de\/anwendungen-tunnelbau\/\"]}]},{\"@type\":\"BreadcrumbList\",\"@id\":\"https:\/\/iotautomation.com.au\/de\/anwendungen-tunnelbau\/#breadcrumb\",\"itemListElement\":[{\"@type\":\"ListItem\",\"position\":1,\"name\":\"Home\",\"item\":\"https:\/\/iotautomation.com.au\/de\/\"},{\"@type\":\"ListItem\",\"position\":2,\"name\":\"Anwendungen &#8211; Tunnelbau\"}]},{\"@type\":\"WebSite\",\"@id\":\"https:\/\/iotautomation.com.au\/de\/#website\",\"url\":\"https:\/\/iotautomation.com.au\/de\/\",\"name\":\"IoT Automation\",\"description\":\"Pioneering Smart Lighting\",\"publisher\":{\"@id\":\"https:\/\/iotautomation.com.au\/de\/#organization\"},\"potentialAction\":[{\"@type\":\"SearchAction\",\"target\":{\"@type\":\"EntryPoint\",\"urlTemplate\":\"https:\/\/iotautomation.com.au\/de\/?s={search_term_string}\"},\"query-input\":{\"@type\":\"PropertyValueSpecification\",\"valueRequired\":true,\"valueName\":\"search_term_string\"}}],\"inLanguage\":\"de\"},{\"@type\":\"Organization\",\"@id\":\"https:\/\/iotautomation.com.au\/de\/#organization\",\"name\":\"IoT Automation\",\"url\":\"https:\/\/iotautomation.com.au\/de\/\",\"logo\":{\"@type\":\"ImageObject\",\"inLanguage\":\"de\",\"@id\":\"https:\/\/iotautomation.com.au\/de\/#\/schema\/logo\/image\/\",\"url\":\"https:\/\/iotautomation.com.au\/wp-content\/uploads\/2021\/01\/IoT-logo.png\",\"contentUrl\":\"https:\/\/iotautomation.com.au\/wp-content\/uploads\/2021\/01\/IoT-logo.png\",\"width\":200,\"height\":220,\"caption\":\"IoT Automation\"},\"image\":{\"@id\":\"https:\/\/iotautomation.com.au\/de\/#\/schema\/logo\/image\/\"},\"sameAs\":[\"https:\/\/www.linkedin.com\/company\/7786783\/admin\/\",\"https:\/\/www.youtube.com\/channel\/UCcOtd-kQGJDlAElF_VOHpLA\"]}]}<\/script>\n<!-- \/ Yoast SEO plugin. -->","yoast_head_json":{"title":"Anwendungen - Tunnelbau - IoT Automation","description":"DragonFly bietet in Tunneln ein Echtzeit-Situationsbewusstsein, Gebietsmanagement, Fahrzeug- und Personenverfolgung und Notbeleuchtung.","robots":{"index":"index","follow":"follow","max-snippet":"max-snippet:-1","max-image-preview":"max-image-preview:large","max-video-preview":"max-video-preview:-1"},"canonical":"https:\/\/iotautomation.com.au\/de\/anwendungen-tunnelbau\/","og_locale":"de_DE","og_type":"article","og_title":"Anwendungen - Tunnelbau - IoT Automation","og_description":"DragonFly bietet in Tunneln ein Echtzeit-Situationsbewusstsein, Gebietsmanagement, Fahrzeug- und Personenverfolgung und Notbeleuchtung.","og_url":"https:\/\/iotautomation.com.au\/de\/anwendungen-tunnelbau\/","og_site_name":"IoT Automation","article_modified_time":"2025-03-18T04:58:28+00:00","twitter_card":"summary_large_image","twitter_misc":{"Gesch\u00e4tzte Lesezeit":"2\u00a0Minuten"},"schema":{"@context":"https:\/\/schema.org","@graph":[{"@type":"WebPage","@id":"https:\/\/iotautomation.com.au\/de\/anwendungen-tunnelbau\/","url":"https:\/\/iotautomation.com.au\/de\/anwendungen-tunnelbau\/","name":"Anwendungen - Tunnelbau - IoT Automation","isPartOf":{"@id":"https:\/\/iotautomation.com.au\/de\/#website"},"datePublished":"2020-12-16T06:33:59+00:00","dateModified":"2025-03-18T04:58:28+00:00","description":"DragonFly bietet in Tunneln ein Echtzeit-Situationsbewusstsein, Gebietsmanagement, Fahrzeug- und Personenverfolgung und Notbeleuchtung.","breadcrumb":{"@id":"https:\/\/iotautomation.com.au\/de\/anwendungen-tunnelbau\/#breadcrumb"},"inLanguage":"de","potentialAction":[{"@type":"ReadAction","target":["https:\/\/iotautomation.com.au\/de\/anwendungen-tunnelbau\/"]}]},{"@type":"BreadcrumbList","@id":"https:\/\/iotautomation.com.au\/de\/anwendungen-tunnelbau\/#breadcrumb","itemListElement":[{"@type":"ListItem","position":1,"name":"Home","item":"https:\/\/iotautomation.com.au\/de\/"},{"@type":"ListItem","position":2,"name":"Anwendungen &#8211; Tunnelbau"}]},{"@type":"WebSite","@id":"https:\/\/iotautomation.com.au\/de\/#website","url":"https:\/\/iotautomation.com.au\/de\/","name":"IoT Automation","description":"Pioneering Smart Lighting","publisher":{"@id":"https:\/\/iotautomation.com.au\/de\/#organization"},"potentialAction":[{"@type":"SearchAction","target":{"@type":"EntryPoint","urlTemplate":"https:\/\/iotautomation.com.au\/de\/?s={search_term_string}"},"query-input":{"@type":"PropertyValueSpecification","valueRequired":true,"valueName":"search_term_string"}}],"inLanguage":"de"},{"@type":"Organization","@id":"https:\/\/iotautomation.com.au\/de\/#organization","name":"IoT Automation","url":"https:\/\/iotautomation.com.au\/de\/","logo":{"@type":"ImageObject","inLanguage":"de","@id":"https:\/\/iotautomation.com.au\/de\/#\/schema\/logo\/image\/","url":"https:\/\/iotautomation.com.au\/wp-content\/uploads\/2021\/01\/IoT-logo.png","contentUrl":"https:\/\/iotautomation.com.au\/wp-content\/uploads\/2021\/01\/IoT-logo.png","width":200,"height":220,"caption":"IoT Automation"},"image":{"@id":"https:\/\/iotautomation.com.au\/de\/#\/schema\/logo\/image\/"},"sameAs":["https:\/\/www.linkedin.com\/company\/7786783\/admin\/","https:\/\/www.youtube.com\/channel\/UCcOtd-kQGJDlAElF_VOHpLA"]}]}},"_links":{"self":[{"href":"https:\/\/iotautomation.com.au\/de\/wp-json\/wp\/v2\/pages\/7045","targetHints":{"allow":["GET"]}}],"collection":[{"href":"https:\/\/iotautomation.com.au\/de\/wp-json\/wp\/v2\/pages"}],"about":[{"href":"https:\/\/iotautomation.com.au\/de\/wp-json\/wp\/v2\/types\/page"}],"author":[{"embeddable":true,"href":"https:\/\/iotautomation.com.au\/de\/wp-json\/wp\/v2\/users\/1"}],"replies":[{"embeddable":true,"href":"https:\/\/iotautomation.com.au\/de\/wp-json\/wp\/v2\/comments?post=7045"}],"version-history":[{"count":5,"href":"https:\/\/iotautomation.com.au\/de\/wp-json\/wp\/v2\/pages\/7045\/revisions"}],"predecessor-version":[{"id":7708,"href":"https:\/\/iotautomation.com.au\/de\/wp-json\/wp\/v2\/pages\/7045\/revisions\/7708"}],"wp:attachment":[{"href":"https:\/\/iotautomation.com.au\/de\/wp-json\/wp\/v2\/media?parent=7045"}],"curies":[{"name":"wp","href":"https:\/\/api.w.org\/{rel}","templated":true}]}}