{"id":6975,"date":"2020-12-22T02:52:32","date_gmt":"2020-12-22T02:52:32","guid":{"rendered":"https:\/\/iotautomation-staging.nyg1r0.ap-southeast-2.wpstaqhosting.com\/ueber-uns\/"},"modified":"2025-04-03T01:12:29","modified_gmt":"2025-04-03T01:12:29","slug":"ueber-uns","status":"publish","type":"page","link":"https:\/\/iotautomation.com.au\/de\/ueber-uns\/","title":{"rendered":"\u00dcber uns"},"content":{"rendered":"\t\t<div data-elementor-type=\"wp-page\" data-elementor-id=\"6975\" class=\"elementor elementor-6975 elementor-1983\">\n\t\t\t\t\t\t<section class=\"elementor-section elementor-top-section elementor-element elementor-element-604dca6e elementor-section-stretched elementor-section-boxed elementor-section-height-default elementor-section-height-default\" data-id=\"604dca6e\" data-element_type=\"section\" data-settings=\"{&quot;stretch_section&quot;:&quot;section-stretched&quot;,&quot;background_background&quot;:&quot;classic&quot;}\">\n\t\t\t\t\t\t<div class=\"elementor-container elementor-column-gap-no\">\n\t\t\t\t\t<div class=\"elementor-column elementor-col-100 elementor-top-column elementor-element elementor-element-7cd2b0ff\" data-id=\"7cd2b0ff\" data-element_type=\"column\">\n\t\t\t<div class=\"elementor-widget-wrap elementor-element-populated\">\n\t\t\t\t\t\t<section class=\"elementor-section elementor-inner-section elementor-element elementor-element-7e22194 animated-fast elementor-section-boxed elementor-section-height-default elementor-section-height-default elementor-invisible\" data-id=\"7e22194\" data-element_type=\"section\" data-settings=\"{&quot;animation&quot;:&quot;fadeInUp&quot;,&quot;animation_delay&quot;:0}\">\n\t\t\t\t\t\t<div class=\"elementor-container elementor-column-gap-no\">\n\t\t\t\t\t<div class=\"elementor-column elementor-col-100 elementor-inner-column elementor-element elementor-element-313aa7d1\" data-id=\"313aa7d1\" data-element_type=\"column\">\n\t\t\t<div class=\"elementor-widget-wrap elementor-element-populated\">\n\t\t\t\t\t\t<div class=\"elementor-element elementor-element-11cd06a2 elementor-widget elementor-widget-heading\" data-id=\"11cd06a2\" data-element_type=\"widget\" data-widget_type=\"heading.default\">\n\t\t\t\t<div class=\"elementor-widget-container\">\n\t\t\t<style>\/*! elementor - v3.23.0 - 05-08-2024 *\/\n.elementor-heading-title{padding:0;margin:0;line-height:1}.elementor-widget-heading .elementor-heading-title[class*=elementor-size-]>a{color:inherit;font-size:inherit;line-height:inherit}.elementor-widget-heading .elementor-heading-title.elementor-size-small{font-size:15px}.elementor-widget-heading .elementor-heading-title.elementor-size-medium{font-size:19px}.elementor-widget-heading .elementor-heading-title.elementor-size-large{font-size:29px}.elementor-widget-heading .elementor-heading-title.elementor-size-xl{font-size:39px}.elementor-widget-heading .elementor-heading-title.elementor-size-xxl{font-size:59px}<\/style><h2 class=\"elementor-heading-title elementor-size-default\">\u00dcber IoT Automation<\/h2>\t\t<\/div>\n\t\t\t\t<\/div>\n\t\t\t\t<div class=\"elementor-element elementor-element-6ec7090f elementor-widget elementor-widget-text-editor\" data-id=\"6ec7090f\" data-element_type=\"widget\" data-widget_type=\"text-editor.default\">\n\t\t\t\t<div class=\"elementor-widget-container\">\n\t\t\t<style>\/*! elementor - v3.23.0 - 05-08-2024 *\/\n.elementor-widget-text-editor.elementor-drop-cap-view-stacked .elementor-drop-cap{background-color:#69727d;color:#fff}.elementor-widget-text-editor.elementor-drop-cap-view-framed .elementor-drop-cap{color:#69727d;border:3px solid;background-color:transparent}.elementor-widget-text-editor:not(.elementor-drop-cap-view-default) .elementor-drop-cap{margin-top:8px}.elementor-widget-text-editor:not(.elementor-drop-cap-view-default) .elementor-drop-cap-letter{width:1em;height:1em}.elementor-widget-text-editor .elementor-drop-cap{float:left;text-align:center;line-height:1;font-size:50px}.elementor-widget-text-editor .elementor-drop-cap-letter{display:inline-block}<\/style>\t\t\t\t<p>IoT Automation ist ein australisches Unternehmen, das Technologiel\u00f6sungen f\u00fcr die Bergbauindustrie entwickelt, implementiert und unterst\u00fctzt. Unser Hauptsitz befindet sich an der Gold Coast, aber unsere Reichweite ist global. Wir haben B\u00fcros in der Mongolei und in Indonesien, die uns nicht nur wertvolle lokale Kenntnisse, sondern auch wichtige internationale Perspektiven f\u00fcr die wohl wichtigste Industrie der Welt bieten.<\/p><p>Unser geschicktes und flinkes Expertenteam hat ein softwaregesteuertes intelligentes Beleuchtungssystem entwickelt, das sicherere Evakuierungen und Notfallma\u00dfnahmen in unterirdischen Bergwerken erm\u00f6glicht. Unterst\u00fctzt von f\u00fchrenden australischen Ingenieuren liefert IoT Automation mit seiner Erfahrung bei der Implementierung von Internet of Things (IoT)-L\u00f6sungen lokales Fachwissen f\u00fcr verschiedene regionale Bergbaubereiche. Wir sind auf drahtlose Sensornetzwerke spezialisiert und haben es uns zur Aufgabe gemacht, die n\u00e4chstbesten Technologien zu entwickeln und einzusetzen, auf die die Bergbauindustrie gewartet hat.<\/p><p><strong>TREFFEN SIE UNSERE GR\u00dcNDER<\/strong><\/p><p><em>Robin Paine &#8211; Gesch\u00e4ftsf\u00fchrer &amp; Mitbegr\u00fcnder<\/em><\/p><p>Robin bringt mehr als 20 Jahre technische Erfahrung in den Bereichen Elektronik und Telekommunikation in seine Rolle ein. In den letzten 10 Jahren war Rob in verschiedenen Managementpositionen und leitenden technischen Funktionen im Bereich der Bergbautechnologie t\u00e4tig. Sie werden kaum jemanden finden, der die technischen, betriebswirtschaftlichen und sicherheitstechnischen Aspekte der Bergbautechnik besser kennt als Rob.<\/p><p><em>Greg James &#8211; Technischer Leiter &amp; Mitbegr\u00fcnder<\/em><\/p><p>Ein Unternehmen wie IoT Automation k\u00e4me ohne einen echten technischen Experten an seiner Seite nicht sehr weit. Greg hat einen Bachelor of Engineering der University of New South Wales mit Schwerpunkt Elektroniktechnik und hat seitdem Software- und Hardware-Entwicklungsteams f\u00fcr mehrere multinationale Unternehmen geleitet. Im Laufe seiner Karriere war Greg ma\u00dfgeblich an der Entwicklung, Patentierung und Markteinf\u00fchrung zahlreicher Spitzenprodukte beteiligt, darunter das Firefly Lighting System, das Markenzeichen von IoT Automation.<\/p>\t\t\t\t\t\t<\/div>\n\t\t\t\t<\/div>\n\t\t\t\t\t<\/div>\n\t\t<\/div>\n\t\t\t\t\t<\/div>\n\t\t<\/section>\n\t\t\t\t\t<\/div>\n\t\t<\/div>\n\t\t\t\t\t<\/div>\n\t\t<\/section>\n\t\t\t\t<\/div>\n\t\t","protected":false},"excerpt":{"rendered":"<p>\u00dcber IoT Automation IoT Automation ist ein australisches Unternehmen, das Technologiel\u00f6sungen f\u00fcr die Bergbauindustrie entwickelt, implementiert und unterst\u00fctzt. Unser Hauptsitz befindet sich an der Gold Coast, aber unsere Reichweite ist global. Wir haben B\u00fcros in der Mongolei und in Indonesien, die uns nicht nur wertvolle lokale Kenntnisse, sondern auch wichtige internationale Perspektiven f\u00fcr die wohl &hellip;<\/p>\n<p class=\"read-more\"> <a class=\"\" href=\"https:\/\/iotautomation.com.au\/de\/ueber-uns\/\"> <span class=\"screen-reader-text\">\u00dcber uns<\/span> Weiterlesen &raquo;<\/a><\/p>\n","protected":false},"author":1,"featured_media":0,"parent":0,"menu_order":0,"comment_status":"closed","ping_status":"closed","template":"","meta":{"site-sidebar-layout":"no-sidebar","site-content-layout":"page-builder","ast-global-header-display":"","ast-main-header-display":"","ast-hfb-above-header-display":"","ast-hfb-below-header-display":"","ast-hfb-mobile-header-display":"","site-post-title":"disabled","ast-breadcrumbs-content":"","ast-featured-img":"disabled","footer-sml-layout":"","theme-transparent-header-meta":"default","adv-header-id-meta":"","stick-header-meta":"default","header-above-stick-meta":"","header-main-stick-meta":"","header-below-stick-meta":"","footnotes":""},"class_list":["post-6975","page","type-page","status-publish","hentry"],"acf":[],"yoast_head":"<!-- This site is optimized with the Yoast SEO plugin v26.9 - https:\/\/yoast.com\/product\/yoast-seo-wordpress\/ -->\n<title>\u00dcber uns - IoT Automation<\/title>\n<meta name=\"description\" content=\"IoT Automation ist ein australisches Unternehmen, das Technologiel\u00f6sungen f\u00fcr die Bergbauindustrie entwickelt, implementiert und unterst\u00fctzt. Unser Hauptsitz befindet sich an der Gold Coast.\" \/>\n<meta name=\"robots\" content=\"index, follow, max-snippet:-1, max-image-preview:large, max-video-preview:-1\" \/>\n<link rel=\"canonical\" href=\"https:\/\/iotautomation.com.au\/de\/ueber-uns\/\" \/>\n<meta property=\"og:locale\" content=\"de_DE\" \/>\n<meta property=\"og:type\" content=\"article\" \/>\n<meta property=\"og:title\" content=\"\u00dcber uns - IoT Automation\" \/>\n<meta property=\"og:description\" content=\"IoT Automation ist ein australisches Unternehmen, das Technologiel\u00f6sungen f\u00fcr die Bergbauindustrie entwickelt, implementiert und unterst\u00fctzt. Unser Hauptsitz befindet sich an der Gold Coast.\" \/>\n<meta property=\"og:url\" content=\"https:\/\/iotautomation.com.au\/de\/ueber-uns\/\" \/>\n<meta property=\"og:site_name\" content=\"IoT Automation\" \/>\n<meta property=\"article:modified_time\" content=\"2025-04-03T01:12:29+00:00\" \/>\n<meta name=\"twitter:card\" content=\"summary_large_image\" \/>\n<meta name=\"twitter:label1\" content=\"Gesch\u00e4tzte Lesezeit\" \/>\n\t<meta name=\"twitter:data1\" content=\"2\u00a0Minuten\" \/>\n<script type=\"application\/ld+json\" class=\"yoast-schema-graph\">{\"@context\":\"https:\/\/schema.org\",\"@graph\":[{\"@type\":\"WebPage\",\"@id\":\"https:\/\/iotautomation.com.au\/de\/ueber-uns\/\",\"url\":\"https:\/\/iotautomation.com.au\/de\/ueber-uns\/\",\"name\":\"\u00dcber uns - IoT Automation\",\"isPartOf\":{\"@id\":\"https:\/\/iotautomation.com.au\/de\/#website\"},\"datePublished\":\"2020-12-22T02:52:32+00:00\",\"dateModified\":\"2025-04-03T01:12:29+00:00\",\"description\":\"IoT Automation ist ein australisches Unternehmen, das Technologiel\u00f6sungen f\u00fcr die Bergbauindustrie entwickelt, implementiert und unterst\u00fctzt. Unser Hauptsitz befindet sich an der Gold Coast.\",\"breadcrumb\":{\"@id\":\"https:\/\/iotautomation.com.au\/de\/ueber-uns\/#breadcrumb\"},\"inLanguage\":\"de\",\"potentialAction\":[{\"@type\":\"ReadAction\",\"target\":[\"https:\/\/iotautomation.com.au\/de\/ueber-uns\/\"]}]},{\"@type\":\"BreadcrumbList\",\"@id\":\"https:\/\/iotautomation.com.au\/de\/ueber-uns\/#breadcrumb\",\"itemListElement\":[{\"@type\":\"ListItem\",\"position\":1,\"name\":\"Home\",\"item\":\"https:\/\/iotautomation.com.au\/de\/\"},{\"@type\":\"ListItem\",\"position\":2,\"name\":\"\u00dcber uns\"}]},{\"@type\":\"WebSite\",\"@id\":\"https:\/\/iotautomation.com.au\/de\/#website\",\"url\":\"https:\/\/iotautomation.com.au\/de\/\",\"name\":\"IoT Automation\",\"description\":\"Pioneering Smart Lighting\",\"publisher\":{\"@id\":\"https:\/\/iotautomation.com.au\/de\/#organization\"},\"potentialAction\":[{\"@type\":\"SearchAction\",\"target\":{\"@type\":\"EntryPoint\",\"urlTemplate\":\"https:\/\/iotautomation.com.au\/de\/?s={search_term_string}\"},\"query-input\":{\"@type\":\"PropertyValueSpecification\",\"valueRequired\":true,\"valueName\":\"search_term_string\"}}],\"inLanguage\":\"de\"},{\"@type\":\"Organization\",\"@id\":\"https:\/\/iotautomation.com.au\/de\/#organization\",\"name\":\"IoT Automation\",\"url\":\"https:\/\/iotautomation.com.au\/de\/\",\"logo\":{\"@type\":\"ImageObject\",\"inLanguage\":\"de\",\"@id\":\"https:\/\/iotautomation.com.au\/de\/#\/schema\/logo\/image\/\",\"url\":\"https:\/\/iotautomation.com.au\/wp-content\/uploads\/2021\/01\/IoT-logo.png\",\"contentUrl\":\"https:\/\/iotautomation.com.au\/wp-content\/uploads\/2021\/01\/IoT-logo.png\",\"width\":200,\"height\":220,\"caption\":\"IoT Automation\"},\"image\":{\"@id\":\"https:\/\/iotautomation.com.au\/de\/#\/schema\/logo\/image\/\"},\"sameAs\":[\"https:\/\/www.linkedin.com\/company\/7786783\/admin\/\",\"https:\/\/www.youtube.com\/channel\/UCcOtd-kQGJDlAElF_VOHpLA\"]}]}<\/script>\n<!-- \/ Yoast SEO plugin. -->","yoast_head_json":{"title":"\u00dcber uns - IoT Automation","description":"IoT Automation ist ein australisches Unternehmen, das Technologiel\u00f6sungen f\u00fcr die Bergbauindustrie entwickelt, implementiert und unterst\u00fctzt. Unser Hauptsitz befindet sich an der Gold Coast.","robots":{"index":"index","follow":"follow","max-snippet":"max-snippet:-1","max-image-preview":"max-image-preview:large","max-video-preview":"max-video-preview:-1"},"canonical":"https:\/\/iotautomation.com.au\/de\/ueber-uns\/","og_locale":"de_DE","og_type":"article","og_title":"\u00dcber uns - IoT Automation","og_description":"IoT Automation ist ein australisches Unternehmen, das Technologiel\u00f6sungen f\u00fcr die Bergbauindustrie entwickelt, implementiert und unterst\u00fctzt. Unser Hauptsitz befindet sich an der Gold Coast.","og_url":"https:\/\/iotautomation.com.au\/de\/ueber-uns\/","og_site_name":"IoT Automation","article_modified_time":"2025-04-03T01:12:29+00:00","twitter_card":"summary_large_image","twitter_misc":{"Gesch\u00e4tzte Lesezeit":"2\u00a0Minuten"},"schema":{"@context":"https:\/\/schema.org","@graph":[{"@type":"WebPage","@id":"https:\/\/iotautomation.com.au\/de\/ueber-uns\/","url":"https:\/\/iotautomation.com.au\/de\/ueber-uns\/","name":"\u00dcber uns - IoT Automation","isPartOf":{"@id":"https:\/\/iotautomation.com.au\/de\/#website"},"datePublished":"2020-12-22T02:52:32+00:00","dateModified":"2025-04-03T01:12:29+00:00","description":"IoT Automation ist ein australisches Unternehmen, das Technologiel\u00f6sungen f\u00fcr die Bergbauindustrie entwickelt, implementiert und unterst\u00fctzt. Unser Hauptsitz befindet sich an der Gold Coast.","breadcrumb":{"@id":"https:\/\/iotautomation.com.au\/de\/ueber-uns\/#breadcrumb"},"inLanguage":"de","potentialAction":[{"@type":"ReadAction","target":["https:\/\/iotautomation.com.au\/de\/ueber-uns\/"]}]},{"@type":"BreadcrumbList","@id":"https:\/\/iotautomation.com.au\/de\/ueber-uns\/#breadcrumb","itemListElement":[{"@type":"ListItem","position":1,"name":"Home","item":"https:\/\/iotautomation.com.au\/de\/"},{"@type":"ListItem","position":2,"name":"\u00dcber uns"}]},{"@type":"WebSite","@id":"https:\/\/iotautomation.com.au\/de\/#website","url":"https:\/\/iotautomation.com.au\/de\/","name":"IoT Automation","description":"Pioneering Smart Lighting","publisher":{"@id":"https:\/\/iotautomation.com.au\/de\/#organization"},"potentialAction":[{"@type":"SearchAction","target":{"@type":"EntryPoint","urlTemplate":"https:\/\/iotautomation.com.au\/de\/?s={search_term_string}"},"query-input":{"@type":"PropertyValueSpecification","valueRequired":true,"valueName":"search_term_string"}}],"inLanguage":"de"},{"@type":"Organization","@id":"https:\/\/iotautomation.com.au\/de\/#organization","name":"IoT Automation","url":"https:\/\/iotautomation.com.au\/de\/","logo":{"@type":"ImageObject","inLanguage":"de","@id":"https:\/\/iotautomation.com.au\/de\/#\/schema\/logo\/image\/","url":"https:\/\/iotautomation.com.au\/wp-content\/uploads\/2021\/01\/IoT-logo.png","contentUrl":"https:\/\/iotautomation.com.au\/wp-content\/uploads\/2021\/01\/IoT-logo.png","width":200,"height":220,"caption":"IoT Automation"},"image":{"@id":"https:\/\/iotautomation.com.au\/de\/#\/schema\/logo\/image\/"},"sameAs":["https:\/\/www.linkedin.com\/company\/7786783\/admin\/","https:\/\/www.youtube.com\/channel\/UCcOtd-kQGJDlAElF_VOHpLA"]}]}},"_links":{"self":[{"href":"https:\/\/iotautomation.com.au\/de\/wp-json\/wp\/v2\/pages\/6975","targetHints":{"allow":["GET"]}}],"collection":[{"href":"https:\/\/iotautomation.com.au\/de\/wp-json\/wp\/v2\/pages"}],"about":[{"href":"https:\/\/iotautomation.com.au\/de\/wp-json\/wp\/v2\/types\/page"}],"author":[{"embeddable":true,"href":"https:\/\/iotautomation.com.au\/de\/wp-json\/wp\/v2\/users\/1"}],"replies":[{"embeddable":true,"href":"https:\/\/iotautomation.com.au\/de\/wp-json\/wp\/v2\/comments?post=6975"}],"version-history":[{"count":3,"href":"https:\/\/iotautomation.com.au\/de\/wp-json\/wp\/v2\/pages\/6975\/revisions"}],"predecessor-version":[{"id":7768,"href":"https:\/\/iotautomation.com.au\/de\/wp-json\/wp\/v2\/pages\/6975\/revisions\/7768"}],"wp:attachment":[{"href":"https:\/\/iotautomation.com.au\/de\/wp-json\/wp\/v2\/media?parent=6975"}],"curies":[{"name":"wp","href":"https:\/\/api.w.org\/{rel}","templated":true}]}}