{"id":6971,"date":"2021-02-08T04:52:30","date_gmt":"2021-02-08T04:52:30","guid":{"rendered":"https:\/\/iotautomation-staging.nyg1r0.ap-southeast-2.wpstaqhosting.com\/anwendungen-bergbau-unter-tage\/"},"modified":"2025-03-18T04:45:29","modified_gmt":"2025-03-18T04:45:29","slug":"anwendungen-bergbau-unter-tage","status":"publish","type":"page","link":"https:\/\/iotautomation.com.au\/de\/anwendungen-bergbau-unter-tage\/","title":{"rendered":"Anwendungen &#8211; Bergbau unter Tage"},"content":{"rendered":"\t\t<div data-elementor-type=\"wp-page\" data-elementor-id=\"6971\" class=\"elementor elementor-6971 elementor-2577\">\n\t\t\t\t\t\t<section class=\"elementor-section elementor-top-section elementor-element elementor-element-b7d3d03 elementor-section-height-min-height elementor-section-items-bottom elementor-section-content-bottom elementor-section-boxed elementor-section-height-default\" data-id=\"b7d3d03\" data-element_type=\"section\" data-settings=\"{&quot;background_background&quot;:&quot;classic&quot;}\">\n\t\t\t\t\t\t<div class=\"elementor-container elementor-column-gap-default\">\n\t\t\t\t\t<div class=\"elementor-column elementor-col-100 elementor-top-column elementor-element elementor-element-98cd426\" data-id=\"98cd426\" data-element_type=\"column\">\n\t\t\t<div class=\"elementor-widget-wrap elementor-element-populated\">\n\t\t\t\t\t\t<div class=\"elementor-element elementor-element-c64e310 elementor-widget elementor-widget-heading\" data-id=\"c64e310\" data-element_type=\"widget\" data-widget_type=\"heading.default\">\n\t\t\t\t<div class=\"elementor-widget-container\">\n\t\t\t<style>\/*! elementor - v3.23.0 - 05-08-2024 *\/\n.elementor-heading-title{padding:0;margin:0;line-height:1}.elementor-widget-heading .elementor-heading-title[class*=elementor-size-]>a{color:inherit;font-size:inherit;line-height:inherit}.elementor-widget-heading .elementor-heading-title.elementor-size-small{font-size:15px}.elementor-widget-heading .elementor-heading-title.elementor-size-medium{font-size:19px}.elementor-widget-heading .elementor-heading-title.elementor-size-large{font-size:29px}.elementor-widget-heading .elementor-heading-title.elementor-size-xl{font-size:39px}.elementor-widget-heading .elementor-heading-title.elementor-size-xxl{font-size:59px}<\/style><h2 class=\"elementor-heading-title elementor-size-default\">Applications \u2013 Underground Mining\n<\/h2>\t\t<\/div>\n\t\t\t\t<\/div>\n\t\t\t\t\t<\/div>\n\t\t<\/div>\n\t\t\t\t\t<\/div>\n\t\t<\/section>\n\t\t\t\t<section class=\"elementor-section elementor-top-section elementor-element elementor-element-3cab876d elementor-section-stretched elementor-section-boxed elementor-section-height-default elementor-section-height-default\" data-id=\"3cab876d\" data-element_type=\"section\" data-settings=\"{&quot;stretch_section&quot;:&quot;section-stretched&quot;,&quot;background_background&quot;:&quot;classic&quot;}\">\n\t\t\t\t\t\t<div class=\"elementor-container elementor-column-gap-no\">\n\t\t\t\t\t<div class=\"elementor-column elementor-col-100 elementor-top-column elementor-element elementor-element-13519a8e\" data-id=\"13519a8e\" data-element_type=\"column\">\n\t\t\t<div class=\"elementor-widget-wrap elementor-element-populated\">\n\t\t\t\t\t\t<section class=\"elementor-section elementor-inner-section elementor-element elementor-element-3daf398c animated-fast elementor-section-boxed elementor-section-height-default elementor-section-height-default elementor-invisible\" data-id=\"3daf398c\" data-element_type=\"section\" data-settings=\"{&quot;animation&quot;:&quot;fadeInUp&quot;,&quot;animation_delay&quot;:0}\">\n\t\t\t\t\t\t<div class=\"elementor-container elementor-column-gap-no\">\n\t\t\t\t\t<div class=\"elementor-column elementor-col-100 elementor-inner-column elementor-element elementor-element-7f10f605\" data-id=\"7f10f605\" data-element_type=\"column\">\n\t\t\t<div class=\"elementor-widget-wrap elementor-element-populated\">\n\t\t\t\t\t\t<div class=\"elementor-element elementor-element-4ebcb184 elementor-widget elementor-widget-text-editor\" data-id=\"4ebcb184\" data-element_type=\"widget\" data-widget_type=\"text-editor.default\">\n\t\t\t\t<div class=\"elementor-widget-container\">\n\t\t\t<style>\/*! elementor - v3.23.0 - 05-08-2024 *\/\n.elementor-widget-text-editor.elementor-drop-cap-view-stacked .elementor-drop-cap{background-color:#69727d;color:#fff}.elementor-widget-text-editor.elementor-drop-cap-view-framed .elementor-drop-cap{color:#69727d;border:3px solid;background-color:transparent}.elementor-widget-text-editor:not(.elementor-drop-cap-view-default) .elementor-drop-cap{margin-top:8px}.elementor-widget-text-editor:not(.elementor-drop-cap-view-default) .elementor-drop-cap-letter{width:1em;height:1em}.elementor-widget-text-editor .elementor-drop-cap{float:left;text-align:center;line-height:1;font-size:50px}.elementor-widget-text-editor .elementor-drop-cap-letter{display:inline-block}<\/style>\t\t\t\t<a class=\"elementor-button-link elementor-button elementor-size-sm fancybox-inline data_link\" role=\"button\" href=\"#pdf-modal\" data-link=\"https:\/\/iotautomation.com.au\/wp-content\/uploads\/2021\/08\/IoT-BRO-Mining-Web-Lowres-min.pdf\" data-title=\"Firefly Smart Lighting System\">\n<span class=\"elementor-button-content-wrapper\">\n<span class=\"elementor-button-text\">BROSCH\u00dcRE HERUNTERLADEN<\/span>\n<\/span>\n<\/a>\t\t\t\t\t\t<\/div>\n\t\t\t\t<\/div>\n\t\t\t\t<div class=\"elementor-element elementor-element-4e25aa2d elementor-widget elementor-widget-text-editor\" data-id=\"4e25aa2d\" data-element_type=\"widget\" data-widget_type=\"text-editor.default\">\n\t\t\t\t<div class=\"elementor-widget-container\">\n\t\t\t\t\t\t\t<p><span class=\"TextRun SCXW18770383 BCX0\" lang=\"EN-AU\" xml:lang=\"EN-AU\" data-contrast=\"auto\"><span class=\"NormalTextRun SCXW18770383 BCX0\">Visuelle Navigation und einfache Kommunikation sind im Bergbau unter Tage von entscheidender Bedeutung. Daher haben nur die h\u00f6chsten Standards f\u00fcr Sicherheit und Zuverl\u00e4ssigkeit in<\/span><span class=\"NormalTextRun SCXW18770383 BCX0\">spionierte unsere<\/span><span class=\"NormalTextRun SCXW18770383 BCX0\"> Kreation des <\/span><span class=\"NormalTextRun SpellingErrorV2Themed SCXW18770383 BCX0\">FireFly<\/span><span class=\"NormalTextRun SCXW18770383 BCX0\"> Smart<\/span><span class=\"NormalTextRun SCXW18770383 BCX0\"> und DragonFly<\/span><span class=\"NormalTextRun SCXW18770383 BCX0\">  Beleuchtungssystem. \u00dcber  <\/span><span class=\"NormalTextRun SCXW18770383 BCX0\">intelligent <\/span><span class=\"NormalTextRun SCXW18770383 BCX0\">beleuchtung<\/span><span class=\"NormalTextRun SCXW18770383 BCX0\">, <\/span><span class=\"NormalTextRun SCXW18770383 BCX0\">benutzerfreundliche Steuerung,<\/span><span class=\"NormalTextRun SCXW18770383 BCX0\"> und einzigartige Funktionen,<\/span> <span class=\"NormalTextRun SpellingErrorV2Themed SCXW18770383 BCX0\">FireFly<\/span><span class=\"NormalTextRun SCXW18770383 BCX0\"> und DragonFly<\/span> <span class=\"NormalTextRun SCXW18770383 BCX0\">sind<\/span><span class=\"NormalTextRun SCXW18770383 BCX0\"> eine robuste L\u00f6sung, auf die jeder Bergbaubetrieb nicht verzichten sollte.<\/span><\/span><span class=\"EOP SCXW18770383 BCX0\" data-ccp-props=\"{\"335551550\":6,\"335551620\":6}\"> <\/span><\/p><p> <\/p>\t\t\t\t\t\t<\/div>\n\t\t\t\t<\/div>\n\t\t\t\t\t<\/div>\n\t\t<\/div>\n\t\t\t\t\t<\/div>\n\t\t<\/section>\n\t\t\t\t<section class=\"elementor-section elementor-inner-section elementor-element elementor-element-4f262939 animated-fast elementor-section-content-middle elementor-section-boxed elementor-section-height-default elementor-section-height-default elementor-invisible\" data-id=\"4f262939\" data-element_type=\"section\" data-settings=\"{&quot;animation&quot;:&quot;fadeInUp&quot;,&quot;animation_delay&quot;:0}\">\n\t\t\t\t\t\t<div class=\"elementor-container elementor-column-gap-no\">\n\t\t\t\t\t<div class=\"elementor-column elementor-col-100 elementor-inner-column elementor-element elementor-element-1ed88b9d\" data-id=\"1ed88b9d\" data-element_type=\"column\">\n\t\t\t<div class=\"elementor-widget-wrap elementor-element-populated\">\n\t\t\t\t\t\t<div class=\"elementor-element elementor-element-547291ed elementor-widget elementor-widget-heading\" data-id=\"547291ed\" data-element_type=\"widget\" data-widget_type=\"heading.default\">\n\t\t\t\t<div class=\"elementor-widget-container\">\n\t\t\t<h5 class=\"elementor-heading-title elementor-size-default\">DIE WICHTIGSTEN VORTEILE DES INTELLIGENTEN BELEUCHTUNGSSYSTEMS FIREFLY UND DRAGONFLY<\/h5>\t\t<\/div>\n\t\t\t\t<\/div>\n\t\t\t\t<div class=\"elementor-element elementor-element-17ae90a3 elementor-widget elementor-widget-heading\" data-id=\"17ae90a3\" data-element_type=\"widget\" data-widget_type=\"heading.default\">\n\t\t\t\t<div class=\"elementor-widget-container\">\n\t\t\t<h5 class=\"elementor-heading-title elementor-size-default\">F\u00fcr das Personal im Untergrund:<\/h5>\t\t<\/div>\n\t\t\t\t<\/div>\n\t\t\t\t<div class=\"elementor-element elementor-element-27c75da4 elementor-widget elementor-widget-text-editor\" data-id=\"27c75da4\" data-element_type=\"widget\" data-widget_type=\"text-editor.default\">\n\t\t\t\t<div class=\"elementor-widget-container\">\n\t\t\t\t\t\t\t<ul><li>Verbessert das allgemeine Beleuchtungsniveau, um die Effizienz zu optimieren<\/li><li>Echtzeit-Erkennung und Alarmierung bei risikoreichen Notf\u00e4llen<\/li><li>Verst\u00e4rkt die Sicherheitsverfahren durch visuelle Warnungen<\/li><li>Bietet lebenswichtige Kommunikation in Zeiten der Not<\/li><li>Bewusstsein f\u00fcr den Fahrzeugverkehr<\/li><\/ul>\t\t\t\t\t\t<\/div>\n\t\t\t\t<\/div>\n\t\t\t\t<div class=\"elementor-element elementor-element-639a6bf2 elementor-widget elementor-widget-heading\" data-id=\"639a6bf2\" data-element_type=\"widget\" data-widget_type=\"heading.default\">\n\t\t\t\t<div class=\"elementor-widget-container\">\n\t\t\t<h5 class=\"elementor-heading-title elementor-size-default\">F\u00fcr Minenmanager:<\/h5>\t\t<\/div>\n\t\t\t\t<\/div>\n\t\t\t\t<div class=\"elementor-element elementor-element-253f8648 elementor-widget elementor-widget-text-editor\" data-id=\"253f8648\" data-element_type=\"widget\" data-widget_type=\"text-editor.default\">\n\t\t\t\t<div class=\"elementor-widget-container\">\n\t\t\t\t\t\t\t<ul><li>Hilft bei der Verwaltung des Tagesgesch\u00e4fts<\/li><li>L\u00f6st Alarme und Evakuierungen im Notfall aus<\/li><\/ul>\t\t\t\t\t\t<\/div>\n\t\t\t\t<\/div>\n\t\t\t\t<div class=\"elementor-element elementor-element-5b3fd6d4 elementor-widget elementor-widget-heading\" data-id=\"5b3fd6d4\" data-element_type=\"widget\" data-widget_type=\"heading.default\">\n\t\t\t\t<div class=\"elementor-widget-container\">\n\t\t\t<h5 class=\"elementor-heading-title elementor-size-default\">F\u00fcr Manager der Geowissenschaften:<\/h5>\t\t<\/div>\n\t\t\t\t<\/div>\n\t\t\t\t<div class=\"elementor-element elementor-element-2893bc14 elementor-widget elementor-widget-text-editor\" data-id=\"2893bc14\" data-element_type=\"widget\" data-widget_type=\"text-editor.default\">\n\t\t\t\t<div class=\"elementor-widget-container\">\n\t\t\t\t\t\t\t<ul><li>Verwaltet seismische Zonen<\/li><li>Initiiert Warnungen<\/li><\/ul>\t\t\t\t\t\t<\/div>\n\t\t\t\t<\/div>\n\t\t\t\t<div class=\"elementor-element elementor-element-63597c9a elementor-widget elementor-widget-heading\" data-id=\"63597c9a\" data-element_type=\"widget\" data-widget_type=\"heading.default\">\n\t\t\t\t<div class=\"elementor-widget-container\">\n\t\t\t<h5 class=\"elementor-heading-title elementor-size-default\">F\u00fcr Produktionsleiter:<\/h5>\t\t<\/div>\n\t\t\t\t<\/div>\n\t\t\t\t<div class=\"elementor-element elementor-element-6124afae elementor-widget elementor-widget-text-editor\" data-id=\"6124afae\" data-element_type=\"widget\" data-widget_type=\"text-editor.default\">\n\t\t\t\t<div class=\"elementor-widget-container\">\n\t\t\t\t\t\t\t<ul><li>Verbessert die visuelle Identifizierung von Ziehpunkten<\/li><li>Grenzt aktive Lade- und Automatisierungszonen ab<\/li><\/ul>\t\t\t\t\t\t<\/div>\n\t\t\t\t<\/div>\n\t\t\t\t<div class=\"elementor-element elementor-element-e492d03 elementor-widget elementor-widget-heading\" data-id=\"e492d03\" data-element_type=\"widget\" data-widget_type=\"heading.default\">\n\t\t\t\t<div class=\"elementor-widget-container\">\n\t\t\t<h5 class=\"elementor-heading-title elementor-size-default\">F\u00fcr Bel\u00fcftungs-Manager:<\/h5>\t\t<\/div>\n\t\t\t\t<\/div>\n\t\t\t\t<div class=\"elementor-element elementor-element-233e4721 elementor-widget elementor-widget-text-editor\" data-id=\"233e4721\" data-element_type=\"widget\" data-widget_type=\"text-editor.default\">\n\t\t\t\t<div class=\"elementor-widget-container\">\n\t\t\t\t\t\t\t<ul><li>Automatisiert die Abgrenzung von nicht bel\u00fcfteten Bereichen und sicher zu betretenden Zonen<\/li><\/ul>\t\t\t\t\t\t<\/div>\n\t\t\t\t<\/div>\n\t\t\t\t<div class=\"elementor-element elementor-element-13c1a7a elementor-widget elementor-widget-heading\" data-id=\"13c1a7a\" data-element_type=\"widget\" data-widget_type=\"heading.default\">\n\t\t\t\t<div class=\"elementor-widget-container\">\n\t\t\t<h5 class=\"elementor-heading-title elementor-size-default\">F\u00fcr Elektro-Manager:<\/h5>\t\t<\/div>\n\t\t\t\t<\/div>\n\t\t\t\t<div class=\"elementor-element elementor-element-4bfddb97 elementor-widget elementor-widget-text-editor\" data-id=\"4bfddb97\" data-element_type=\"widget\" data-widget_type=\"text-editor.default\">\n\t\t\t\t<div class=\"elementor-widget-container\">\n\t\t\t\t\t\t\t<ul><li>Bietet eine einfach zu installierende, kosteng\u00fcnstige Beleuchtung in schwer zug\u00e4nglichen Bergbaugebieten<\/li><\/ul>\t\t\t\t\t\t<\/div>\n\t\t\t\t<\/div>\n\t\t\t\t\t<\/div>\n\t\t<\/div>\n\t\t\t\t\t<\/div>\n\t\t<\/section>\n\t\t\t\t\t<\/div>\n\t\t<\/div>\n\t\t\t\t\t<\/div>\n\t\t<\/section>\n\t\t\t\t<\/div>\n\t\t","protected":false},"excerpt":{"rendered":"<p>Applications \u2013 Underground Mining BROSCH\u00dcRE HERUNTERLADEN Visuelle Navigation und einfache Kommunikation sind im Bergbau unter Tage von entscheidender Bedeutung. Daher haben nur die h\u00f6chsten Standards f\u00fcr Sicherheit und Zuverl\u00e4ssigkeit inspionierte unsere Kreation des FireFly Smart und DragonFly Beleuchtungssystem. \u00dcber intelligent beleuchtung, benutzerfreundliche Steuerung, und einzigartige Funktionen, FireFly und DragonFly sind eine robuste L\u00f6sung, auf die &hellip;<\/p>\n<p class=\"read-more\"> <a class=\"\" href=\"https:\/\/iotautomation.com.au\/de\/anwendungen-bergbau-unter-tage\/\"> <span class=\"screen-reader-text\">Anwendungen &#8211; Bergbau unter Tage<\/span> Weiterlesen &raquo;<\/a><\/p>\n","protected":false},"author":1,"featured_media":0,"parent":0,"menu_order":0,"comment_status":"closed","ping_status":"closed","template":"","meta":{"site-sidebar-layout":"no-sidebar","site-content-layout":"page-builder","ast-global-header-display":"","ast-main-header-display":"","ast-hfb-above-header-display":"","ast-hfb-below-header-display":"","ast-hfb-mobile-header-display":"","site-post-title":"disabled","ast-breadcrumbs-content":"","ast-featured-img":"disabled","footer-sml-layout":"","theme-transparent-header-meta":"enabled","adv-header-id-meta":"","stick-header-meta":"default","header-above-stick-meta":"","header-main-stick-meta":"","header-below-stick-meta":"","footnotes":""},"class_list":["post-6971","page","type-page","status-publish","hentry"],"acf":[],"yoast_head":"<!-- This site is optimized with the Yoast SEO plugin v26.9 - https:\/\/yoast.com\/product\/yoast-seo-wordpress\/ -->\n<title>Anwendungen - Bergbau unter Tage - IoT Automation<\/title>\n<meta name=\"description\" content=\"Visuelle Navigation und einfache Kommunikation im Bergbau unter Tage sind entscheidend.\" \/>\n<meta name=\"robots\" content=\"index, follow, max-snippet:-1, max-image-preview:large, max-video-preview:-1\" \/>\n<link rel=\"canonical\" href=\"https:\/\/iotautomation.com.au\/de\/anwendungen-bergbau-unter-tage\/\" \/>\n<meta property=\"og:locale\" content=\"de_DE\" \/>\n<meta property=\"og:type\" content=\"article\" \/>\n<meta property=\"og:title\" content=\"Anwendungen - Bergbau unter Tage - IoT Automation\" \/>\n<meta property=\"og:description\" content=\"Visuelle Navigation und einfache Kommunikation im Bergbau unter Tage sind entscheidend.\" \/>\n<meta property=\"og:url\" content=\"https:\/\/iotautomation.com.au\/de\/anwendungen-bergbau-unter-tage\/\" \/>\n<meta property=\"og:site_name\" content=\"IoT Automation\" \/>\n<meta property=\"article:modified_time\" content=\"2025-03-18T04:45:29+00:00\" \/>\n<meta name=\"twitter:card\" content=\"summary_large_image\" \/>\n<meta name=\"twitter:label1\" content=\"Gesch\u00e4tzte Lesezeit\" \/>\n\t<meta name=\"twitter:data1\" content=\"1\u00a0Minute\" \/>\n<script type=\"application\/ld+json\" class=\"yoast-schema-graph\">{\"@context\":\"https:\/\/schema.org\",\"@graph\":[{\"@type\":\"WebPage\",\"@id\":\"https:\/\/iotautomation.com.au\/de\/anwendungen-bergbau-unter-tage\/\",\"url\":\"https:\/\/iotautomation.com.au\/de\/anwendungen-bergbau-unter-tage\/\",\"name\":\"Anwendungen - Bergbau unter Tage - IoT Automation\",\"isPartOf\":{\"@id\":\"https:\/\/iotautomation.com.au\/de\/#website\"},\"datePublished\":\"2021-02-08T04:52:30+00:00\",\"dateModified\":\"2025-03-18T04:45:29+00:00\",\"description\":\"Visuelle Navigation und einfache Kommunikation im Bergbau unter Tage sind entscheidend.\",\"breadcrumb\":{\"@id\":\"https:\/\/iotautomation.com.au\/de\/anwendungen-bergbau-unter-tage\/#breadcrumb\"},\"inLanguage\":\"de\",\"potentialAction\":[{\"@type\":\"ReadAction\",\"target\":[\"https:\/\/iotautomation.com.au\/de\/anwendungen-bergbau-unter-tage\/\"]}]},{\"@type\":\"BreadcrumbList\",\"@id\":\"https:\/\/iotautomation.com.au\/de\/anwendungen-bergbau-unter-tage\/#breadcrumb\",\"itemListElement\":[{\"@type\":\"ListItem\",\"position\":1,\"name\":\"Home\",\"item\":\"https:\/\/iotautomation.com.au\/de\/\"},{\"@type\":\"ListItem\",\"position\":2,\"name\":\"Anwendungen &#8211; Bergbau unter Tage\"}]},{\"@type\":\"WebSite\",\"@id\":\"https:\/\/iotautomation.com.au\/de\/#website\",\"url\":\"https:\/\/iotautomation.com.au\/de\/\",\"name\":\"IoT Automation\",\"description\":\"Pioneering Smart Lighting\",\"publisher\":{\"@id\":\"https:\/\/iotautomation.com.au\/de\/#organization\"},\"potentialAction\":[{\"@type\":\"SearchAction\",\"target\":{\"@type\":\"EntryPoint\",\"urlTemplate\":\"https:\/\/iotautomation.com.au\/de\/?s={search_term_string}\"},\"query-input\":{\"@type\":\"PropertyValueSpecification\",\"valueRequired\":true,\"valueName\":\"search_term_string\"}}],\"inLanguage\":\"de\"},{\"@type\":\"Organization\",\"@id\":\"https:\/\/iotautomation.com.au\/de\/#organization\",\"name\":\"IoT Automation\",\"url\":\"https:\/\/iotautomation.com.au\/de\/\",\"logo\":{\"@type\":\"ImageObject\",\"inLanguage\":\"de\",\"@id\":\"https:\/\/iotautomation.com.au\/de\/#\/schema\/logo\/image\/\",\"url\":\"https:\/\/iotautomation.com.au\/wp-content\/uploads\/2021\/01\/IoT-logo.png\",\"contentUrl\":\"https:\/\/iotautomation.com.au\/wp-content\/uploads\/2021\/01\/IoT-logo.png\",\"width\":200,\"height\":220,\"caption\":\"IoT Automation\"},\"image\":{\"@id\":\"https:\/\/iotautomation.com.au\/de\/#\/schema\/logo\/image\/\"},\"sameAs\":[\"https:\/\/www.linkedin.com\/company\/7786783\/admin\/\",\"https:\/\/www.youtube.com\/channel\/UCcOtd-kQGJDlAElF_VOHpLA\"]}]}<\/script>\n<!-- \/ Yoast SEO plugin. -->","yoast_head_json":{"title":"Anwendungen - Bergbau unter Tage - IoT Automation","description":"Visuelle Navigation und einfache Kommunikation im Bergbau unter Tage sind entscheidend.","robots":{"index":"index","follow":"follow","max-snippet":"max-snippet:-1","max-image-preview":"max-image-preview:large","max-video-preview":"max-video-preview:-1"},"canonical":"https:\/\/iotautomation.com.au\/de\/anwendungen-bergbau-unter-tage\/","og_locale":"de_DE","og_type":"article","og_title":"Anwendungen - Bergbau unter Tage - IoT Automation","og_description":"Visuelle Navigation und einfache Kommunikation im Bergbau unter Tage sind entscheidend.","og_url":"https:\/\/iotautomation.com.au\/de\/anwendungen-bergbau-unter-tage\/","og_site_name":"IoT Automation","article_modified_time":"2025-03-18T04:45:29+00:00","twitter_card":"summary_large_image","twitter_misc":{"Gesch\u00e4tzte Lesezeit":"1\u00a0Minute"},"schema":{"@context":"https:\/\/schema.org","@graph":[{"@type":"WebPage","@id":"https:\/\/iotautomation.com.au\/de\/anwendungen-bergbau-unter-tage\/","url":"https:\/\/iotautomation.com.au\/de\/anwendungen-bergbau-unter-tage\/","name":"Anwendungen - Bergbau unter Tage - IoT Automation","isPartOf":{"@id":"https:\/\/iotautomation.com.au\/de\/#website"},"datePublished":"2021-02-08T04:52:30+00:00","dateModified":"2025-03-18T04:45:29+00:00","description":"Visuelle Navigation und einfache Kommunikation im Bergbau unter Tage sind entscheidend.","breadcrumb":{"@id":"https:\/\/iotautomation.com.au\/de\/anwendungen-bergbau-unter-tage\/#breadcrumb"},"inLanguage":"de","potentialAction":[{"@type":"ReadAction","target":["https:\/\/iotautomation.com.au\/de\/anwendungen-bergbau-unter-tage\/"]}]},{"@type":"BreadcrumbList","@id":"https:\/\/iotautomation.com.au\/de\/anwendungen-bergbau-unter-tage\/#breadcrumb","itemListElement":[{"@type":"ListItem","position":1,"name":"Home","item":"https:\/\/iotautomation.com.au\/de\/"},{"@type":"ListItem","position":2,"name":"Anwendungen &#8211; Bergbau unter Tage"}]},{"@type":"WebSite","@id":"https:\/\/iotautomation.com.au\/de\/#website","url":"https:\/\/iotautomation.com.au\/de\/","name":"IoT Automation","description":"Pioneering Smart Lighting","publisher":{"@id":"https:\/\/iotautomation.com.au\/de\/#organization"},"potentialAction":[{"@type":"SearchAction","target":{"@type":"EntryPoint","urlTemplate":"https:\/\/iotautomation.com.au\/de\/?s={search_term_string}"},"query-input":{"@type":"PropertyValueSpecification","valueRequired":true,"valueName":"search_term_string"}}],"inLanguage":"de"},{"@type":"Organization","@id":"https:\/\/iotautomation.com.au\/de\/#organization","name":"IoT Automation","url":"https:\/\/iotautomation.com.au\/de\/","logo":{"@type":"ImageObject","inLanguage":"de","@id":"https:\/\/iotautomation.com.au\/de\/#\/schema\/logo\/image\/","url":"https:\/\/iotautomation.com.au\/wp-content\/uploads\/2021\/01\/IoT-logo.png","contentUrl":"https:\/\/iotautomation.com.au\/wp-content\/uploads\/2021\/01\/IoT-logo.png","width":200,"height":220,"caption":"IoT Automation"},"image":{"@id":"https:\/\/iotautomation.com.au\/de\/#\/schema\/logo\/image\/"},"sameAs":["https:\/\/www.linkedin.com\/company\/7786783\/admin\/","https:\/\/www.youtube.com\/channel\/UCcOtd-kQGJDlAElF_VOHpLA"]}]}},"_links":{"self":[{"href":"https:\/\/iotautomation.com.au\/de\/wp-json\/wp\/v2\/pages\/6971","targetHints":{"allow":["GET"]}}],"collection":[{"href":"https:\/\/iotautomation.com.au\/de\/wp-json\/wp\/v2\/pages"}],"about":[{"href":"https:\/\/iotautomation.com.au\/de\/wp-json\/wp\/v2\/types\/page"}],"author":[{"embeddable":true,"href":"https:\/\/iotautomation.com.au\/de\/wp-json\/wp\/v2\/users\/1"}],"replies":[{"embeddable":true,"href":"https:\/\/iotautomation.com.au\/de\/wp-json\/wp\/v2\/comments?post=6971"}],"version-history":[{"count":5,"href":"https:\/\/iotautomation.com.au\/de\/wp-json\/wp\/v2\/pages\/6971\/revisions"}],"predecessor-version":[{"id":7689,"href":"https:\/\/iotautomation.com.au\/de\/wp-json\/wp\/v2\/pages\/6971\/revisions\/7689"}],"wp:attachment":[{"href":"https:\/\/iotautomation.com.au\/de\/wp-json\/wp\/v2\/media?parent=6971"}],"curies":[{"name":"wp","href":"https:\/\/api.w.org\/{rel}","templated":true}]}}