{"id":6954,"date":"2022-06-16T00:53:27","date_gmt":"2022-06-16T00:53:27","guid":{"rendered":"https:\/\/iotautomation-staging.nyg1r0.ap-southeast-2.wpstaqhosting.com\/anwendungen-verkehrswahrnehmung-ablehnen\/"},"modified":"2025-03-18T05:03:31","modified_gmt":"2025-03-18T05:03:31","slug":"anwendungen-verkehrswahrnehmung-ablehnen","status":"publish","type":"page","link":"https:\/\/iotautomation.com.au\/de\/anwendungen-verkehrswahrnehmung-ablehnen\/","title":{"rendered":"Anwendungen &#8211; Verkehrswahrnehmung ablehnen"},"content":{"rendered":"\t\t<div data-elementor-type=\"wp-page\" data-elementor-id=\"6954\" class=\"elementor elementor-6954 elementor-3927\">\n\t\t\t\t\t\t<section class=\"elementor-section elementor-top-section elementor-element elementor-element-0644e8a elementor-section-height-min-height elementor-section-items-bottom elementor-section-boxed elementor-section-height-default\" data-id=\"0644e8a\" data-element_type=\"section\" data-settings=\"{&quot;background_background&quot;:&quot;classic&quot;}\">\n\t\t\t\t\t\t<div class=\"elementor-container elementor-column-gap-default\">\n\t\t\t\t\t<div class=\"elementor-column elementor-col-100 elementor-top-column elementor-element elementor-element-e27544a\" data-id=\"e27544a\" data-element_type=\"column\">\n\t\t\t<div class=\"elementor-widget-wrap elementor-element-populated\">\n\t\t\t\t\t\t<div class=\"elementor-element elementor-element-f3d68fd elementor-widget elementor-widget-heading\" data-id=\"f3d68fd\" data-element_type=\"widget\" data-widget_type=\"heading.default\">\n\t\t\t\t<div class=\"elementor-widget-container\">\n\t\t\t<style>\/*! elementor - v3.23.0 - 05-08-2024 *\/\n.elementor-heading-title{padding:0;margin:0;line-height:1}.elementor-widget-heading .elementor-heading-title[class*=elementor-size-]>a{color:inherit;font-size:inherit;line-height:inherit}.elementor-widget-heading .elementor-heading-title.elementor-size-small{font-size:15px}.elementor-widget-heading .elementor-heading-title.elementor-size-medium{font-size:19px}.elementor-widget-heading .elementor-heading-title.elementor-size-large{font-size:29px}.elementor-widget-heading .elementor-heading-title.elementor-size-xl{font-size:39px}.elementor-widget-heading .elementor-heading-title.elementor-size-xxl{font-size:59px}<\/style><h2 class=\"elementor-heading-title elementor-size-default\">Anwendungen \u2013 Verkehrsbewusstsein verringern<\/h2>\t\t<\/div>\n\t\t\t\t<\/div>\n\t\t\t\t\t<\/div>\n\t\t<\/div>\n\t\t\t\t\t<\/div>\n\t\t<\/section>\n\t\t\t\t<section class=\"elementor-section elementor-top-section elementor-element elementor-element-2531515d elementor-section-stretched elementor-section-boxed elementor-section-height-default elementor-section-height-default\" data-id=\"2531515d\" data-element_type=\"section\" data-settings=\"{&quot;stretch_section&quot;:&quot;section-stretched&quot;,&quot;background_background&quot;:&quot;classic&quot;}\">\n\t\t\t\t\t\t<div class=\"elementor-container elementor-column-gap-no\">\n\t\t\t\t\t<div class=\"elementor-column elementor-col-100 elementor-top-column elementor-element elementor-element-1a0096f1\" data-id=\"1a0096f1\" data-element_type=\"column\">\n\t\t\t<div class=\"elementor-widget-wrap elementor-element-populated\">\n\t\t\t\t\t\t<section class=\"elementor-section elementor-inner-section elementor-element elementor-element-157a21ba animated-fast elementor-section-boxed elementor-section-height-default elementor-section-height-default elementor-invisible\" data-id=\"157a21ba\" data-element_type=\"section\" data-settings=\"{&quot;animation&quot;:&quot;fadeInUp&quot;,&quot;animation_delay&quot;:0}\">\n\t\t\t\t\t\t<div class=\"elementor-container elementor-column-gap-no\">\n\t\t\t\t\t<div class=\"elementor-column elementor-col-100 elementor-inner-column elementor-element elementor-element-47a8cd6f\" data-id=\"47a8cd6f\" data-element_type=\"column\">\n\t\t\t<div class=\"elementor-widget-wrap elementor-element-populated\">\n\t\t\t\t\t\t<div class=\"elementor-element elementor-element-52909cb elementor-widget elementor-widget-video\" data-id=\"52909cb\" data-element_type=\"widget\" data-settings=\"{&quot;youtube_url&quot;:&quot;https:\\\/\\\/www.youtube.com\\\/watch?v=F-mei5bIj_4&quot;,&quot;modestbranding&quot;:&quot;yes&quot;,&quot;video_type&quot;:&quot;youtube&quot;,&quot;controls&quot;:&quot;yes&quot;}\" data-widget_type=\"video.default\">\n\t\t\t\t<div class=\"elementor-widget-container\">\n\t\t\t<style>\/*! elementor - v3.23.0 - 05-08-2024 *\/\n.elementor-widget-video .elementor-widget-container{overflow:hidden;transform:translateZ(0)}.elementor-widget-video .elementor-wrapper{aspect-ratio:var(--video-aspect-ratio)}.elementor-widget-video .elementor-wrapper iframe,.elementor-widget-video .elementor-wrapper video{height:100%;width:100%;display:flex;border:none;background-color:#000}@supports not (aspect-ratio:1\/1){.elementor-widget-video .elementor-wrapper{position:relative;overflow:hidden;height:0;padding-bottom:calc(100% \/ var(--video-aspect-ratio))}.elementor-widget-video .elementor-wrapper iframe,.elementor-widget-video .elementor-wrapper video{position:absolute;top:0;right:0;bottom:0;left:0}}.elementor-widget-video .elementor-open-inline .elementor-custom-embed-image-overlay{position:absolute;top:0;right:0;bottom:0;left:0;background-size:cover;background-position:50%}.elementor-widget-video .elementor-custom-embed-image-overlay{cursor:pointer;text-align:center}.elementor-widget-video .elementor-custom-embed-image-overlay:hover .elementor-custom-embed-play i{opacity:1}.elementor-widget-video .elementor-custom-embed-image-overlay img{display:block;width:100%;aspect-ratio:var(--video-aspect-ratio);-o-object-fit:cover;object-fit:cover;-o-object-position:center center;object-position:center center}@supports not (aspect-ratio:1\/1){.elementor-widget-video .elementor-custom-embed-image-overlay{position:relative;overflow:hidden;height:0;padding-bottom:calc(100% \/ var(--video-aspect-ratio))}.elementor-widget-video .elementor-custom-embed-image-overlay img{position:absolute;top:0;right:0;bottom:0;left:0}}.elementor-widget-video .e-hosted-video .elementor-video{-o-object-fit:cover;object-fit:cover}.e-con-inner>.elementor-widget-video,.e-con>.elementor-widget-video{width:var(--container-widget-width);--flex-grow:var(--container-widget-flex-grow)}<\/style>\t\t<div class=\"elementor-wrapper elementor-open-inline\">\n\t\t\t<div class=\"elementor-video\"><\/div>\t\t<\/div>\n\t\t\t\t<\/div>\n\t\t\t\t<\/div>\n\t\t\t\t\t<\/div>\n\t\t<\/div>\n\t\t\t\t\t<\/div>\n\t\t<\/section>\n\t\t\t\t<section class=\"elementor-section elementor-inner-section elementor-element elementor-element-64557560 animated-fast elementor-section-content-middle elementor-section-boxed elementor-section-height-default elementor-section-height-default elementor-invisible\" data-id=\"64557560\" data-element_type=\"section\" data-settings=\"{&quot;animation&quot;:&quot;fadeInUp&quot;,&quot;animation_delay&quot;:0}\">\n\t\t\t\t\t\t<div class=\"elementor-container elementor-column-gap-no\">\n\t\t\t\t\t<div class=\"elementor-column elementor-col-100 elementor-inner-column elementor-element elementor-element-40499e44\" data-id=\"40499e44\" data-element_type=\"column\">\n\t\t\t<div class=\"elementor-widget-wrap elementor-element-populated\">\n\t\t\t\t\t\t<div class=\"elementor-element elementor-element-9029b48 elementor-widget elementor-widget-heading\" data-id=\"9029b48\" data-element_type=\"widget\" data-widget_type=\"heading.default\">\n\t\t\t\t<div class=\"elementor-widget-container\">\n\t\t\t<h5 class=\"elementor-heading-title elementor-size-default\">Problem<\/h5>\t\t<\/div>\n\t\t\t\t<\/div>\n\t\t\t\t<div class=\"elementor-element elementor-element-47da373d elementor-widget elementor-widget-text-editor\" data-id=\"47da373d\" data-element_type=\"widget\" data-widget_type=\"text-editor.default\">\n\t\t\t\t<div class=\"elementor-widget-container\">\n\t\t\t<style>\/*! elementor - v3.23.0 - 05-08-2024 *\/\n.elementor-widget-text-editor.elementor-drop-cap-view-stacked .elementor-drop-cap{background-color:#69727d;color:#fff}.elementor-widget-text-editor.elementor-drop-cap-view-framed .elementor-drop-cap{color:#69727d;border:3px solid;background-color:transparent}.elementor-widget-text-editor:not(.elementor-drop-cap-view-default) .elementor-drop-cap{margin-top:8px}.elementor-widget-text-editor:not(.elementor-drop-cap-view-default) .elementor-drop-cap-letter{width:1em;height:1em}.elementor-widget-text-editor .elementor-drop-cap{float:left;text-align:center;line-height:1;font-size:50px}.elementor-widget-text-editor .elementor-drop-cap-letter{display:inline-block}<\/style>\t\t\t\t<p>Fahrzeugstaus an Portalen, Kreuzungen und entlang von Abfahrten sind in modernen, mechanisierten Untertagebergwerken keine Seltenheit &#8211; vor allem, wenn der Verkehr in beide Richtungen auf einer Einbahnstra\u00dfe flie\u00dft. Staus wirken sich negativ auf die Zykluszeiten aus und verringern so die Gesamtproduktivit\u00e4t und Rentabilit\u00e4t einer Mine.<\/p><p>F\u00fcr Fahrzeuge mit hoher Priorit\u00e4t, wie z.B. voll beladene Transportfahrzeuge, die die Mine auf- und abfahren, ist es von entscheidender Bedeutung, dass der Verkehr entlang der abfallenden Transportroute optimiert wird, um Staus und Zeitverz\u00f6gerungen zu minimieren.<\/p>\t\t\t\t\t\t<\/div>\n\t\t\t\t<\/div>\n\t\t\t\t<div class=\"elementor-element elementor-element-5ede5765 elementor-widget elementor-widget-heading\" data-id=\"5ede5765\" data-element_type=\"widget\" data-widget_type=\"heading.default\">\n\t\t\t\t<div class=\"elementor-widget-container\">\n\t\t\t<h5 class=\"elementor-heading-title elementor-size-default\">L\u00f6sung<\/h5>\t\t<\/div>\n\t\t\t\t<\/div>\n\t\t\t\t<div class=\"elementor-element elementor-element-450fc127 elementor-widget elementor-widget-text-editor\" data-id=\"450fc127\" data-element_type=\"widget\" data-widget_type=\"text-editor.default\">\n\t\t\t\t<div class=\"elementor-widget-container\">\n\t\t\t\t\t\t\t<p>Wir stellen Ihnen das FireFly Smart Lighting System von IoT Automation vor. FireFly ist ein robustes, zweckm\u00e4\u00dfiges und intuitiv zu bedienendes Beleuchtungssystem, das bei der L\u00f6sung vieler gesch\u00e4ftlicher Probleme in der Mine helfen kann. Eine Anwendung der FireFly-Technologie ist die Verwendung als System zur \u00dcberwachung des r\u00fcckl\u00e4ufigen Verkehrs.<\/p><p>Diese kosteneffiziente, leicht zu installierende, wartungsarme und einfache L\u00f6sung bietet Fahrzeugf\u00fchrern einen fr\u00fchzeitigen Hinweis auf entgegenkommende Fahrzeuge mit hoher Priorit\u00e4t oder nicht passierbare\/nicht umkehrbare Fahrzeuge entlang der L\u00e4nge einer unterirdischen Abfahrt.<\/p><p>Dieser Fr\u00fchwarnmechanismus ist vollst\u00e4ndig anpassbar, so dass er f\u00fcr den Fahrzeugtyp, die Fahrzeuggeschwindigkeit und die Gr\u00f6\u00dfe optimiert werden kann. Jeder R\u00fcckgang ist ein wenig anders. Die projizierte Fr\u00fchwarnzone ist zu 100 % anpassbar, so dass das System optimal an die Anforderungen der Mine angepasst werden kann.<\/p><p>FireFly Lighting kann verwendet werden, um eine anpassbare &#8222;Nahzone&#8220; der Beleuchtung um die Fahrzeuge herum zu schaffen, w\u00e4hrend sie sich entlang eines Gef\u00e4lles bewegen. Diese Zone verf\u00fcgt \u00fcber einstellbare Beleuchtungsfarben und -modi, die auf den Typ, die Geschwindigkeit, die Gr\u00f6\u00dfe und die Priorit\u00e4tsstufe des Fahrzeugs zugeschnitten sind.<\/p><p>Wenn zwei Fahrzeuge in den Nahbereich des anderen einfahren, schalten die Lichter automatisch auf Rot, um die Fahrzeugf\u00fchrer auf den entgegenkommenden Verkehr aufmerksam zu machen und sie aufzufordern, einen geeigneten \u00dcberholbereich zu finden. Sobald sich die beiden Fahrzeuge nicht mehr in der N\u00e4he befinden, kehren die FireFly-Lichter in ihren urspr\u00fcnglichen Farbmodus zur\u00fcck.<\/p>\t\t\t\t\t\t<\/div>\n\t\t\t\t<\/div>\n\t\t\t\t<div class=\"elementor-element elementor-element-112c00d elementor-widget elementor-widget-heading\" data-id=\"112c00d\" data-element_type=\"widget\" data-widget_type=\"heading.default\">\n\t\t\t\t<div class=\"elementor-widget-container\">\n\t\t\t<h5 class=\"elementor-heading-title elementor-size-default\">Vorteile<\/h5>\t\t<\/div>\n\t\t\t\t<\/div>\n\t\t\t\t<div class=\"elementor-element elementor-element-4d35201a elementor-widget elementor-widget-text-editor\" data-id=\"4d35201a\" data-element_type=\"widget\" data-widget_type=\"text-editor.default\">\n\t\t\t\t<div class=\"elementor-widget-container\">\n\t\t\t\t\t\t\t<p>Die Fr\u00fchwarnanzeige verschafft den Fahrzeugf\u00fchrern mehr Zeit und ein besseres Situationsbewusstsein in Echtzeit. Mit mehr Wissen ausgestattet, k\u00f6nnen die Fahrzeugf\u00fchrer dann kl\u00fcgere und zeitgerechtere Entscheidungen treffen, um das Hauptgef\u00e4lle zu r\u00e4umen, damit die vorrangigen Transportfahrzeuge ungehindert passieren k\u00f6nnen.<\/p><ul><li>Verbessert den Verkehrsfluss im Untergrund, ohne dass Sie in kostspielige, komplexe Systeme investieren m\u00fcssen.<\/li><li>Vermittelt Echtzeit-Verkehrsinformationen an die Fahrzeugf\u00fchrer auf der Strecke sowie an die Mitarbeiter im Kontrollraum.<\/li><li>Erh\u00f6ht die Sicherheit in den Minen und die Effektivit\u00e4t bei der Reaktion auf Zwischenf\u00e4lle, und<\/li><li>Minimiert die Verz\u00f6gerungen im Transportzyklus und verbessert so die Produktivit\u00e4t und Rentabilit\u00e4t der Transportflotte.<\/li><\/ul>\t\t\t\t\t\t<\/div>\n\t\t\t\t<\/div>\n\t\t\t\t\t<\/div>\n\t\t<\/div>\n\t\t\t\t\t<\/div>\n\t\t<\/section>\n\t\t\t\t\t<\/div>\n\t\t<\/div>\n\t\t\t\t\t<\/div>\n\t\t<\/section>\n\t\t\t\t<\/div>\n\t\t","protected":false},"excerpt":{"rendered":"<p>Anwendungen \u2013 Verkehrsbewusstsein verringern Problem Fahrzeugstaus an Portalen, Kreuzungen und entlang von Abfahrten sind in modernen, mechanisierten Untertagebergwerken keine Seltenheit &#8211; vor allem, wenn der Verkehr in beide Richtungen auf einer Einbahnstra\u00dfe flie\u00dft. Staus wirken sich negativ auf die Zykluszeiten aus und verringern so die Gesamtproduktivit\u00e4t und Rentabilit\u00e4t einer Mine. F\u00fcr Fahrzeuge mit hoher Priorit\u00e4t, &hellip;<\/p>\n<p class=\"read-more\"> <a class=\"\" href=\"https:\/\/iotautomation.com.au\/de\/anwendungen-verkehrswahrnehmung-ablehnen\/\"> <span class=\"screen-reader-text\">Anwendungen &#8211; Verkehrswahrnehmung ablehnen<\/span> Weiterlesen &raquo;<\/a><\/p>\n","protected":false},"author":1,"featured_media":0,"parent":0,"menu_order":0,"comment_status":"closed","ping_status":"closed","template":"","meta":{"site-sidebar-layout":"no-sidebar","site-content-layout":"page-builder","ast-global-header-display":"","ast-main-header-display":"","ast-hfb-above-header-display":"","ast-hfb-below-header-display":"","ast-hfb-mobile-header-display":"","site-post-title":"disabled","ast-breadcrumbs-content":"","ast-featured-img":"disabled","footer-sml-layout":"","theme-transparent-header-meta":"enabled","adv-header-id-meta":"","stick-header-meta":"default","header-above-stick-meta":"","header-main-stick-meta":"","header-below-stick-meta":"","footnotes":""},"class_list":["post-6954","page","type-page","status-publish","hentry"],"acf":[],"yoast_head":"<!-- This site is optimized with the Yoast SEO plugin v26.9 - https:\/\/yoast.com\/product\/yoast-seo-wordpress\/ -->\n<title>Anwendungen - Verkehrswahrnehmung ablehnen - IoT Automation<\/title>\n<meta name=\"description\" content=\"Die FireFly-Beleuchtung zeigt den Fahrzeugf\u00fchrern fr\u00fchzeitig an, wenn sich Fahrzeuge mit hoher Priorit\u00e4t in einer U-Bahn-Abfahrt n\u00e4hern.\" \/>\n<meta name=\"robots\" content=\"index, follow, max-snippet:-1, max-image-preview:large, max-video-preview:-1\" \/>\n<link rel=\"canonical\" href=\"https:\/\/iotautomation.com.au\/de\/anwendungen-verkehrswahrnehmung-ablehnen\/\" \/>\n<meta property=\"og:locale\" content=\"de_DE\" \/>\n<meta property=\"og:type\" content=\"article\" \/>\n<meta property=\"og:title\" content=\"Anwendungen - Verkehrswahrnehmung ablehnen - IoT Automation\" \/>\n<meta property=\"og:description\" content=\"Die FireFly-Beleuchtung zeigt den Fahrzeugf\u00fchrern fr\u00fchzeitig an, wenn sich Fahrzeuge mit hoher Priorit\u00e4t in einer U-Bahn-Abfahrt n\u00e4hern.\" \/>\n<meta property=\"og:url\" content=\"https:\/\/iotautomation.com.au\/de\/anwendungen-verkehrswahrnehmung-ablehnen\/\" \/>\n<meta property=\"og:site_name\" content=\"IoT Automation\" \/>\n<meta property=\"article:modified_time\" content=\"2025-03-18T05:03:31+00:00\" \/>\n<meta name=\"twitter:card\" content=\"summary_large_image\" \/>\n<meta name=\"twitter:label1\" content=\"Gesch\u00e4tzte Lesezeit\" \/>\n\t<meta name=\"twitter:data1\" content=\"3\u00a0Minuten\" \/>\n<script type=\"application\/ld+json\" class=\"yoast-schema-graph\">{\"@context\":\"https:\/\/schema.org\",\"@graph\":[{\"@type\":\"WebPage\",\"@id\":\"https:\/\/iotautomation.com.au\/de\/anwendungen-verkehrswahrnehmung-ablehnen\/\",\"url\":\"https:\/\/iotautomation.com.au\/de\/anwendungen-verkehrswahrnehmung-ablehnen\/\",\"name\":\"Anwendungen - Verkehrswahrnehmung ablehnen - IoT Automation\",\"isPartOf\":{\"@id\":\"https:\/\/iotautomation.com.au\/de\/#website\"},\"datePublished\":\"2022-06-16T00:53:27+00:00\",\"dateModified\":\"2025-03-18T05:03:31+00:00\",\"description\":\"Die FireFly-Beleuchtung zeigt den Fahrzeugf\u00fchrern fr\u00fchzeitig an, wenn sich Fahrzeuge mit hoher Priorit\u00e4t in einer U-Bahn-Abfahrt n\u00e4hern.\",\"breadcrumb\":{\"@id\":\"https:\/\/iotautomation.com.au\/de\/anwendungen-verkehrswahrnehmung-ablehnen\/#breadcrumb\"},\"inLanguage\":\"de\",\"potentialAction\":[{\"@type\":\"ReadAction\",\"target\":[\"https:\/\/iotautomation.com.au\/de\/anwendungen-verkehrswahrnehmung-ablehnen\/\"]}]},{\"@type\":\"BreadcrumbList\",\"@id\":\"https:\/\/iotautomation.com.au\/de\/anwendungen-verkehrswahrnehmung-ablehnen\/#breadcrumb\",\"itemListElement\":[{\"@type\":\"ListItem\",\"position\":1,\"name\":\"Home\",\"item\":\"https:\/\/iotautomation.com.au\/de\/\"},{\"@type\":\"ListItem\",\"position\":2,\"name\":\"Anwendungen &#8211; Verkehrswahrnehmung ablehnen\"}]},{\"@type\":\"WebSite\",\"@id\":\"https:\/\/iotautomation.com.au\/de\/#website\",\"url\":\"https:\/\/iotautomation.com.au\/de\/\",\"name\":\"IoT Automation\",\"description\":\"Pioneering Smart Lighting\",\"publisher\":{\"@id\":\"https:\/\/iotautomation.com.au\/de\/#organization\"},\"potentialAction\":[{\"@type\":\"SearchAction\",\"target\":{\"@type\":\"EntryPoint\",\"urlTemplate\":\"https:\/\/iotautomation.com.au\/de\/?s={search_term_string}\"},\"query-input\":{\"@type\":\"PropertyValueSpecification\",\"valueRequired\":true,\"valueName\":\"search_term_string\"}}],\"inLanguage\":\"de\"},{\"@type\":\"Organization\",\"@id\":\"https:\/\/iotautomation.com.au\/de\/#organization\",\"name\":\"IoT Automation\",\"url\":\"https:\/\/iotautomation.com.au\/de\/\",\"logo\":{\"@type\":\"ImageObject\",\"inLanguage\":\"de\",\"@id\":\"https:\/\/iotautomation.com.au\/de\/#\/schema\/logo\/image\/\",\"url\":\"https:\/\/iotautomation.com.au\/wp-content\/uploads\/2021\/01\/IoT-logo.png\",\"contentUrl\":\"https:\/\/iotautomation.com.au\/wp-content\/uploads\/2021\/01\/IoT-logo.png\",\"width\":200,\"height\":220,\"caption\":\"IoT Automation\"},\"image\":{\"@id\":\"https:\/\/iotautomation.com.au\/de\/#\/schema\/logo\/image\/\"},\"sameAs\":[\"https:\/\/www.linkedin.com\/company\/7786783\/admin\/\",\"https:\/\/www.youtube.com\/channel\/UCcOtd-kQGJDlAElF_VOHpLA\"]}]}<\/script>\n<!-- \/ Yoast SEO plugin. -->","yoast_head_json":{"title":"Anwendungen - Verkehrswahrnehmung ablehnen - IoT Automation","description":"Die FireFly-Beleuchtung zeigt den Fahrzeugf\u00fchrern fr\u00fchzeitig an, wenn sich Fahrzeuge mit hoher Priorit\u00e4t in einer U-Bahn-Abfahrt n\u00e4hern.","robots":{"index":"index","follow":"follow","max-snippet":"max-snippet:-1","max-image-preview":"max-image-preview:large","max-video-preview":"max-video-preview:-1"},"canonical":"https:\/\/iotautomation.com.au\/de\/anwendungen-verkehrswahrnehmung-ablehnen\/","og_locale":"de_DE","og_type":"article","og_title":"Anwendungen - Verkehrswahrnehmung ablehnen - IoT Automation","og_description":"Die FireFly-Beleuchtung zeigt den Fahrzeugf\u00fchrern fr\u00fchzeitig an, wenn sich Fahrzeuge mit hoher Priorit\u00e4t in einer U-Bahn-Abfahrt n\u00e4hern.","og_url":"https:\/\/iotautomation.com.au\/de\/anwendungen-verkehrswahrnehmung-ablehnen\/","og_site_name":"IoT Automation","article_modified_time":"2025-03-18T05:03:31+00:00","twitter_card":"summary_large_image","twitter_misc":{"Gesch\u00e4tzte Lesezeit":"3\u00a0Minuten"},"schema":{"@context":"https:\/\/schema.org","@graph":[{"@type":"WebPage","@id":"https:\/\/iotautomation.com.au\/de\/anwendungen-verkehrswahrnehmung-ablehnen\/","url":"https:\/\/iotautomation.com.au\/de\/anwendungen-verkehrswahrnehmung-ablehnen\/","name":"Anwendungen - Verkehrswahrnehmung ablehnen - IoT Automation","isPartOf":{"@id":"https:\/\/iotautomation.com.au\/de\/#website"},"datePublished":"2022-06-16T00:53:27+00:00","dateModified":"2025-03-18T05:03:31+00:00","description":"Die FireFly-Beleuchtung zeigt den Fahrzeugf\u00fchrern fr\u00fchzeitig an, wenn sich Fahrzeuge mit hoher Priorit\u00e4t in einer U-Bahn-Abfahrt n\u00e4hern.","breadcrumb":{"@id":"https:\/\/iotautomation.com.au\/de\/anwendungen-verkehrswahrnehmung-ablehnen\/#breadcrumb"},"inLanguage":"de","potentialAction":[{"@type":"ReadAction","target":["https:\/\/iotautomation.com.au\/de\/anwendungen-verkehrswahrnehmung-ablehnen\/"]}]},{"@type":"BreadcrumbList","@id":"https:\/\/iotautomation.com.au\/de\/anwendungen-verkehrswahrnehmung-ablehnen\/#breadcrumb","itemListElement":[{"@type":"ListItem","position":1,"name":"Home","item":"https:\/\/iotautomation.com.au\/de\/"},{"@type":"ListItem","position":2,"name":"Anwendungen &#8211; Verkehrswahrnehmung ablehnen"}]},{"@type":"WebSite","@id":"https:\/\/iotautomation.com.au\/de\/#website","url":"https:\/\/iotautomation.com.au\/de\/","name":"IoT Automation","description":"Pioneering Smart Lighting","publisher":{"@id":"https:\/\/iotautomation.com.au\/de\/#organization"},"potentialAction":[{"@type":"SearchAction","target":{"@type":"EntryPoint","urlTemplate":"https:\/\/iotautomation.com.au\/de\/?s={search_term_string}"},"query-input":{"@type":"PropertyValueSpecification","valueRequired":true,"valueName":"search_term_string"}}],"inLanguage":"de"},{"@type":"Organization","@id":"https:\/\/iotautomation.com.au\/de\/#organization","name":"IoT Automation","url":"https:\/\/iotautomation.com.au\/de\/","logo":{"@type":"ImageObject","inLanguage":"de","@id":"https:\/\/iotautomation.com.au\/de\/#\/schema\/logo\/image\/","url":"https:\/\/iotautomation.com.au\/wp-content\/uploads\/2021\/01\/IoT-logo.png","contentUrl":"https:\/\/iotautomation.com.au\/wp-content\/uploads\/2021\/01\/IoT-logo.png","width":200,"height":220,"caption":"IoT Automation"},"image":{"@id":"https:\/\/iotautomation.com.au\/de\/#\/schema\/logo\/image\/"},"sameAs":["https:\/\/www.linkedin.com\/company\/7786783\/admin\/","https:\/\/www.youtube.com\/channel\/UCcOtd-kQGJDlAElF_VOHpLA"]}]}},"_links":{"self":[{"href":"https:\/\/iotautomation.com.au\/de\/wp-json\/wp\/v2\/pages\/6954","targetHints":{"allow":["GET"]}}],"collection":[{"href":"https:\/\/iotautomation.com.au\/de\/wp-json\/wp\/v2\/pages"}],"about":[{"href":"https:\/\/iotautomation.com.au\/de\/wp-json\/wp\/v2\/types\/page"}],"author":[{"embeddable":true,"href":"https:\/\/iotautomation.com.au\/de\/wp-json\/wp\/v2\/users\/1"}],"replies":[{"embeddable":true,"href":"https:\/\/iotautomation.com.au\/de\/wp-json\/wp\/v2\/comments?post=6954"}],"version-history":[{"count":4,"href":"https:\/\/iotautomation.com.au\/de\/wp-json\/wp\/v2\/pages\/6954\/revisions"}],"predecessor-version":[{"id":7716,"href":"https:\/\/iotautomation.com.au\/de\/wp-json\/wp\/v2\/pages\/6954\/revisions\/7716"}],"wp:attachment":[{"href":"https:\/\/iotautomation.com.au\/de\/wp-json\/wp\/v2\/media?parent=6954"}],"curies":[{"name":"wp","href":"https:\/\/api.w.org\/{rel}","templated":true}]}}